{"id":10,"date":"2017-03-01T17:00:35","date_gmt":"2017-03-01T23:00:35","guid":{"rendered":"http:\/\/idtamexico.com\/?page_id=10"},"modified":"2017-03-06T11:00:11","modified_gmt":"2017-03-06T17:00:11","slug":"analisis-ambiental","status":"publish","type":"page","link":"https:\/\/www.idtamexico.com\/idta\/analisis-ambiental\/","title":{"rendered":"An\u00e1lisis Ambiental"},"content":{"rendered":"<p>An\u00e1lisis de Emisiones a la Atm\u00f3sfera Nuestra amplia experiencia profesional en la coordinaci\u00f3n de protocolos de pruebas de incineraci\u00f3n y equipos de proceso, nos permiten ofrecer servicios de calidad, en la evaluaci\u00f3n de fuentes fijas, con resultados confiables en forma operativa, sancionados por la normatividad vigente:<br \/>\n\u2022 NOM-043-SEMARNAT<br \/>\n\u2022 NOM-081-SEMARNAT<br \/>\n\u2022 NOM-085-SEMARNAT<br \/>\n\u2022 NOM-098-SEMARNAT<br \/>\n\u2022 METODO-EPA-18<br \/>\nAn\u00e1lisis en Ambiente Laboral Tenemos una gran experiencia en la participaci\u00f3n de proyectos en ambiente laboral, cuantificando por m\u00e9todos anal\u00edticos de la STPS, OSHA, y NIOSH, Que nos permite ofrecer un servicio integral en el desarrollo de proyectos en ambiente laboral y salud ocupacional, sancionados por la normatividad vigente:<br \/>\n\u2022 NOM-010-STPS<br \/>\n\u2022 NOM-011-STPS<br \/>\n\u2022 NOM-015-STPS<br \/>\n\u2022 NOM-022-STPS<br \/>\n\u2022 NOM-024-STPS<br \/>\n\u2022 NOM-025-STPS<br \/>\nAn\u00e1lisis de Suelos y Residuos Nuestra experiencia en proyectos de definici\u00f3n caracterizaci\u00f3n y restauraci\u00f3n de suelos contaminados, permite ofrecer un servicio integral en el diagn\u00f3stico de contaminaci\u00f3n de suelos y\/o an\u00e1lisis de residuos, sancionados por la normatividad vigente:<br \/>\n\u2022 NOM-004-SEMARNAT<br \/>\n\u2022 NOM-053-SEMARNAT<br \/>\n\u2022 NOM-133-SEMARNAT<br \/>\n\u2022 NOM-138-SEMARNAT<br \/>\nAn\u00e1lisis de Agua Con el apoyo de nuestras compa\u00f1\u00edas filiales permite coordinar los proyectos en materia de agua residual, agua potable y agua de proceso, otorgando resultados eficaces, confiables al menor costo competitivo, sancionado por la normatividad vigente:<br \/>\n\u2022 NOM-001-SEMARNAT<br \/>\n\u2022 NOM-002-SEMARNAT<br \/>\n\u2022 NOM-003-SEMARNAT<br \/>\n\u2022 NOM-127-SSAI<br \/>\nEstudios Especiales: Nuestra experiencia t\u00e9cnica profesional nos permite llevar acabo y\/o coordinar proyectos de la industria farmac\u00e9utica para la calificaci\u00f3n de \u00e1reas, control de part\u00edculas, humedad, temperatura, velocidad, presiones entre \u00e1reas controladas. Eficiencia de destrucci\u00f3n y prevenci\u00f3n de procesos de tratamiento de residuos biol\u00f3gicos infecci\u00f3n y as\u00ed como evaluaci\u00f3n de \u00e1reas ambientales, sancionadas por la normatividad vigente:<br \/>\n\u2022 NOM-020-SSAI<br \/>\n\u2022 NOM-021-SSAI<br \/>\n\u2022 NOM-022-SSAI<br \/>\n\u2022 NOM-027-SSAI<br \/>\n\u2022 NOM-059-SSA1<br \/>\n\u2022 NOM-086-SEMARNAT<\/p>\n<p>INGENIERIA DINAMICA Y TECNICA AMBIENTAL S.A DE C.V<br \/>\nSIBERIA No.148 Col. ROMERO RUBIO Deleg. VENUSTIANO CARRANZA C.P. 15400 M\u00e9xico, D. F.<br \/>\n(A 4 cuadras del metro Romero Rubio)<br \/>\nTel. y fax (01-55) 57-60-89-59 (01-55) 47-56-75-55 (01-55) 26-03-02-53<br \/>\nidtamexico@yahoo.com.mx lmendezleon@idtamexico.com<br \/>\nwww.idtamexico.com<br \/>\nACEPTAMOS TARJETAS DE CREDITO<\/p>\n","protected":false},"excerpt":{"rendered":"<p>An\u00e1lisis de Emisiones a la Atm\u00f3sfera Nuestra amplia experiencia profesional en la coordinaci\u00f3n de protocolos de pruebas de incineraci\u00f3n y equipos de proceso, nos permiten ofrecer servicios de calidad, en la evaluaci\u00f3n de fuentes fijas, con resultados confiables en forma operativa, sancionados por la normatividad vigente: \u2022 NOM-043-SEMARNAT \u2022 NOM-081-SEMARNAT \u2022 NOM-085-SEMARNAT \u2022 NOM-098-SEMARNAT \u2022 &hellip; <\/p>\n<p class=\"link-more\"><a href=\"https:\/\/www.idtamexico.com\/idta\/analisis-ambiental\/\" class=\"more-link\">Continuar leyendo<span class=\"screen-reader-text\"> &#8220;An\u00e1lisis Ambiental&#8221;<\/span><\/a><\/p>\n","protected":false},"author":1,"featured_media":0,"parent":0,"menu_order":4,"comment_status":"closed","ping_status":"closed","template":"","meta":{"footnotes":""},"class_list":["post-10","page","type-page","status-publish","hentry"],"_links":{"self":[{"href":"https:\/\/www.idtamexico.com\/idta\/wp-json\/wp\/v2\/pages\/10","targetHints":{"allow":["GET"]}}],"collection":[{"href":"https:\/\/www.idtamexico.com\/idta\/wp-json\/wp\/v2\/pages"}],"about":[{"href":"https:\/\/www.idtamexico.com\/idta\/wp-json\/wp\/v2\/types\/page"}],"author":[{"embeddable":true,"href":"https:\/\/www.idtamexico.com\/idta\/wp-json\/wp\/v2\/users\/1"}],"replies":[{"embeddable":true,"href":"https:\/\/www.idtamexico.com\/idta\/wp-json\/wp\/v2\/comments?post=10"}],"version-history":[{"count":2,"href":"https:\/\/www.idtamexico.com\/idta\/wp-json\/wp\/v2\/pages\/10\/revisions"}],"predecessor-version":[{"id":71,"href":"https:\/\/www.idtamexico.com\/idta\/wp-json\/wp\/v2\/pages\/10\/revisions\/71"}],"wp:attachment":[{"href":"https:\/\/www.idtamexico.com\/idta\/wp-json\/wp\/v2\/media?parent=10"}],"curies":[{"name":"wp","href":"https:\/\/api.w.org\/{rel}","templated":true}]}}