{"id":12,"date":"2017-03-01T17:01:02","date_gmt":"2017-03-01T23:01:02","guid":{"rendered":"http:\/\/idtamexico.com\/?page_id=12"},"modified":"2020-06-09T17:35:48","modified_gmt":"2020-06-09T23:35:48","slug":"gestoria-en-construccion-y-analisis-ambiental","status":"publish","type":"page","link":"https:\/\/www.idtamexico.com\/idta\/gestoria-en-construccion-y-analisis-ambiental\/","title":{"rendered":"Gestor\u00eda en Construcci\u00f3n y An\u00e1lisis Ambiental"},"content":{"rendered":"<p style=\"text-align: justify;\"><b><i>REALIZACI\u00d3N<\/i><\/b><em><strong>\u00a0Y GESTI\u00d3N T\u00c9CNICO ADMINISTRATIVAS AS\u00cd\u00a0COMO LEGAL ANTE AUTORIDADES LOCALES, ESTATALES Y FEDERALES<\/strong><\/em><\/p>\n<p style=\"text-align: justify;\"><img loading=\"lazy\" decoding=\"async\" class=\"aligncenter size-full wp-image-597\" src=\"http:\/\/www.idtamexico.com\/wp-content\/uploads\/2020\/06\/IDTA-GDE.jpg\" alt=\"\" width=\"1002\" height=\"460\" srcset=\"https:\/\/www.idtamexico.com\/idta\/wp-content\/uploads\/2020\/06\/IDTA-GDE.jpg 1002w, https:\/\/www.idtamexico.com\/idta\/wp-content\/uploads\/2020\/06\/IDTA-GDE-300x138.jpg 300w, https:\/\/www.idtamexico.com\/idta\/wp-content\/uploads\/2020\/06\/IDTA-GDE-768x353.jpg 768w\" sizes=\"auto, (max-width: 767px) 89vw, (max-width: 1000px) 54vw, (max-width: 1071px) 543px, 580px\" \/><\/p>\n<p><strong>GESTORIA EN CONSTRUCCI\u00d3N:<\/strong><\/p>\n<p>EDIFICACI\u00d3N (OBRA NUEVA, REMODELACIONES, MANTENIMIENTO PREVENTIVO Y CORRECTIVO, IMPERMEABILIZACIONES ).<br \/>\nMAQUETAS VIRTUALES Y RECORRIDOS VIRTUALES EN ARCHICAD, REVIT, ARTLANTIS.<br \/>\nPLANOS TOPOGR\u00c1FICOS EN CIVIL CAD.<br \/>\nMEC\u00c1NICA DE SUELOS.<br \/>\nSUPERVISI\u00d3N DE OBRA.<br \/>\nPRESUPUESTOS EN NEODATA Y OPUS.<br \/>\nLICITACIONES DE \u00cdNDOLE GUBERNAMENTAL Y PRIVADO EN OPUS 2016 Y NEODATA 2019.<br \/>\nAUDITORIA T\u00c9CNICA.<br \/>\nPROGRAMACI\u00d3N DE OBRA EN MS PROJECT Y PRIMAVERA PROJECT PLANER.<br \/>\nCALCULO ESTRUCTURAL DE TODO TIPO DE EDIFICACIONES NAVES, TORRES DE INTERCOMUNICACI\u00d3N, ANUNCIOS ESPECTACULARES, EDIFICIOS Y CASAS HABITACI\u00d3N.<br \/>\nALINEAMIENTO Y N\u00daMERO OFICIAL.<br \/>\nLICENCIAS DE USO DE SUELO.<br \/>\nCERTIFICADO \u00daNICO DE ZONIFICACI\u00d3N DE USO DEL SUELO.<br \/>\nVISTO BUENO DE SEGURIDAD Y OPERACI\u00d3N.<br \/>\nVISTO BUENO DE SEGURIDAD Y OPERACI\u00d3N CD MEX<br \/>\nCONSTANCIA DE SEGURIDAD ESTRUCTURAL.<br \/>\nLICENCIA PARA ANUNCIO.<br \/>\nLICENCIAS DE DEMOLICI\u00d3N.<br \/>\nMANIFESTACIONES DE CONSTRUCCI\u00d3N A,B,C.<br \/>\nREGULARIZACI\u00d3N DE OBRA.<\/p>\n<p><img loading=\"lazy\" decoding=\"async\" class=\"aligncenter size-full wp-image-684\" src=\"http:\/\/www.idtamexico.com\/wp-content\/uploads\/2017\/09\/EDIFICIO-STAAD-PRO.png\" alt=\"\" width=\"819\" height=\"460\" srcset=\"https:\/\/www.idtamexico.com\/idta\/wp-content\/uploads\/2017\/09\/EDIFICIO-STAAD-PRO.png 819w, https:\/\/www.idtamexico.com\/idta\/wp-content\/uploads\/2017\/09\/EDIFICIO-STAAD-PRO-300x168.png 300w, https:\/\/www.idtamexico.com\/idta\/wp-content\/uploads\/2017\/09\/EDIFICIO-STAAD-PRO-768x431.png 768w\" sizes=\"auto, (max-width: 767px) 89vw, (max-width: 1000px) 54vw, (max-width: 1071px) 543px, 580px\" \/><\/p>\n<p>&nbsp;<\/p>\n<p><img loading=\"lazy\" decoding=\"async\" class=\"aligncenter size-full wp-image-706\" src=\"http:\/\/www.idtamexico.com\/wp-content\/uploads\/2017\/03\/ING.-AMBIENTAL.jpg\" alt=\"\" width=\"819\" height=\"460\" srcset=\"https:\/\/www.idtamexico.com\/idta\/wp-content\/uploads\/2017\/03\/ING.-AMBIENTAL.jpg 819w, https:\/\/www.idtamexico.com\/idta\/wp-content\/uploads\/2017\/03\/ING.-AMBIENTAL-300x168.jpg 300w, https:\/\/www.idtamexico.com\/idta\/wp-content\/uploads\/2017\/03\/ING.-AMBIENTAL-768x431.jpg 768w\" sizes=\"auto, (max-width: 767px) 89vw, (max-width: 1000px) 54vw, (max-width: 1071px) 543px, 580px\" \/><\/p>\n<p><strong>GESTORIA EN AN\u00c1LISIS\u00a0AMBIENTAL:<\/strong><\/p>\n<p>AUDITORIAS AMBIENTALES.<br \/>\nAUDITORIAS DE SEGURIDAD E HIGIENE.<br \/>\nDIAGNOSTICO Y EVALUACI\u00d3N DE SISTEMAS DE ADMINISTRACI\u00d3N AMBIENTAL.<br \/>\nDICTAMEN EN ESTACIONES DE GAS NATURAL Y\/O GAS L.P<br \/>\nESTUDIO DE AN\u00c1LISIS DE RIESGO POTENCIAL PARA LAS ACTIVIDADES DE SOLDADURA Y CORTE.<br \/>\nESTUDIO DE RIESGO POTENCIAL DE SUSTANCIAS QU\u00cdMICAS PELIGROSAS.<br \/>\nESTUDIOS DE AN\u00c1LISIS DE RIESGO POTENCIAL DE LA MAQUINARIA Y EQUIPO.<br \/>\nESTUDIOS DE DIAGNOSTICO AMBIENTAL.<br \/>\nESTUDIOS DE IMPACTO AMBIENTAL EN CUALQUIER MODALIDAD.<br \/>\nESTUDIOS DE IMPACTO URBANO.<br \/>\nESTUDIOS PARA LA DETERMINACI\u00d3N DE GRADO DE RIESGO DE INCENDIO<br \/>\nPROGRAMA ESPECIFICO DE SEGURIDAD E HIGIENE PARA EL MANEJO, TRANSPORTE Y ALMACENAMIENTO DE SUSTANCIAS QU\u00cdMICAS PELIGROSAS.<br \/>\nPROGRAMA ESPECIFICO DE SEGURIDAD E HIGIENE PARA LA OPERACI\u00d3N Y MANTENIMIENTO DE LA MAQUINARIA Y EQUIPO<br \/>\nPROGRAMA ESPECIFICO DE SEGURIDAD E HIGIENE PARA LA OPERACI\u00d3N Y MANTENIMIENTO DE LAS PARTES M\u00d3VILES EN RECIPIENTES SUJETOS A PRESI\u00d3N.<br \/>\nPROGRAMA ESPECIFICO DE SEGURIDAD E HIGIENE PARA PREVENCI\u00d3N Y COMBATE DE INCENDIOS Y SITUACIONES DE RIESGO.<\/p>\n<h4 style=\"text-align: center;\"><span style=\"color: #0000ff;\">INGENIER\u00cdA DIN\u00c1MICA Y T\u00c9CNICA AMBIENTAL S. A DE C.V.<\/span><br \/>\n<span style=\"color: #0000ff;\">SIBERIA No.148 Col. ROMERO RUBIO Delega. VENUSTIANO CARRANZA C.P. 15400 CD MEX.<\/span><br \/>\n<span style=\"color: #0000ff;\">Tel. y fax (55) 57-60-89-59 \u00a0(55) 47-56-75-55\u00a0 CEL 55-37-43-57-57\u00a0 Email:\u00a0 \u00a0 lmendezleon@idtamexico.com\u00a0 ingenieriadinamica23@gmail.com<\/span><br \/>\n<span style=\"color: #0000ff;\">www.idtamexico.com<\/span><\/h4>\n","protected":false},"excerpt":{"rendered":"<p>REALIZACI\u00d3N\u00a0Y GESTI\u00d3N T\u00c9CNICO ADMINISTRATIVAS AS\u00cd\u00a0COMO LEGAL ANTE AUTORIDADES LOCALES, ESTATALES Y FEDERALES GESTORIA EN CONSTRUCCI\u00d3N: EDIFICACI\u00d3N (OBRA NUEVA, REMODELACIONES, MANTENIMIENTO PREVENTIVO Y CORRECTIVO, IMPERMEABILIZACIONES ). MAQUETAS VIRTUALES Y RECORRIDOS VIRTUALES EN ARCHICAD, REVIT, ARTLANTIS. PLANOS TOPOGR\u00c1FICOS EN CIVIL CAD. MEC\u00c1NICA DE SUELOS. SUPERVISI\u00d3N DE OBRA. PRESUPUESTOS EN NEODATA Y OPUS. LICITACIONES DE \u00cdNDOLE GUBERNAMENTAL Y &hellip; <\/p>\n<p class=\"link-more\"><a href=\"https:\/\/www.idtamexico.com\/idta\/gestoria-en-construccion-y-analisis-ambiental\/\" class=\"more-link\">Continuar leyendo<span class=\"screen-reader-text\"> &#8220;Gestor\u00eda en Construcci\u00f3n y An\u00e1lisis Ambiental&#8221;<\/span><\/a><\/p>\n","protected":false},"author":1,"featured_media":0,"parent":0,"menu_order":3,"comment_status":"closed","ping_status":"closed","template":"","meta":{"footnotes":""},"class_list":["post-12","page","type-page","status-publish","hentry"],"_links":{"self":[{"href":"https:\/\/www.idtamexico.com\/idta\/wp-json\/wp\/v2\/pages\/12","targetHints":{"allow":["GET"]}}],"collection":[{"href":"https:\/\/www.idtamexico.com\/idta\/wp-json\/wp\/v2\/pages"}],"about":[{"href":"https:\/\/www.idtamexico.com\/idta\/wp-json\/wp\/v2\/types\/page"}],"author":[{"embeddable":true,"href":"https:\/\/www.idtamexico.com\/idta\/wp-json\/wp\/v2\/users\/1"}],"replies":[{"embeddable":true,"href":"https:\/\/www.idtamexico.com\/idta\/wp-json\/wp\/v2\/comments?post=12"}],"version-history":[{"count":6,"href":"https:\/\/www.idtamexico.com\/idta\/wp-json\/wp\/v2\/pages\/12\/revisions"}],"predecessor-version":[{"id":709,"href":"https:\/\/www.idtamexico.com\/idta\/wp-json\/wp\/v2\/pages\/12\/revisions\/709"}],"wp:attachment":[{"href":"https:\/\/www.idtamexico.com\/idta\/wp-json\/wp\/v2\/media?parent=12"}],"curies":[{"name":"wp","href":"https:\/\/api.w.org\/{rel}","templated":true}]}}