{"id":124,"date":"2017-03-06T21:13:14","date_gmt":"2017-03-07T03:13:14","guid":{"rendered":"http:\/\/www.idtamexico.com\/?page_id=124"},"modified":"2024-06-25T19:10:03","modified_gmt":"2024-06-26T01:10:03","slug":"cursos-de-primavera-project-planer","status":"publish","type":"page","link":"https:\/\/www.idtamexico.com\/idta\/cursos-de-primavera-project-planer\/","title":{"rendered":"Cursos de Primavera  P6"},"content":{"rendered":"<h3 style=\"text-align: center;\"><strong><span style=\"color: #ff0000;\">CURSO DE PRIMAVERA \u00a0P6<\/span><\/strong><\/h3>\n<p><img loading=\"lazy\" decoding=\"async\" class=\"aligncenter size-full wp-image-597\" src=\"http:\/\/www.idtamexico.com\/wp-content\/uploads\/2020\/06\/IDTA-GDE.jpg\" alt=\"\" width=\"1002\" height=\"460\" srcset=\"https:\/\/www.idtamexico.com\/idta\/wp-content\/uploads\/2020\/06\/IDTA-GDE.jpg 1002w, https:\/\/www.idtamexico.com\/idta\/wp-content\/uploads\/2020\/06\/IDTA-GDE-300x138.jpg 300w, https:\/\/www.idtamexico.com\/idta\/wp-content\/uploads\/2020\/06\/IDTA-GDE-768x353.jpg 768w\" sizes=\"auto, (max-width: 767px) 89vw, (max-width: 1000px) 54vw, (max-width: 1071px) 543px, 580px\" \/><\/p>\n<p><img loading=\"lazy\" decoding=\"async\" class=\"aligncenter size-full wp-image-712\" src=\"http:\/\/www.idtamexico.com\/wp-content\/uploads\/2017\/03\/PRIMAVERA-P6.jpg\" alt=\"\" width=\"819\" height=\"460\" srcset=\"https:\/\/www.idtamexico.com\/idta\/wp-content\/uploads\/2017\/03\/PRIMAVERA-P6.jpg 819w, https:\/\/www.idtamexico.com\/idta\/wp-content\/uploads\/2017\/03\/PRIMAVERA-P6-300x168.jpg 300w, https:\/\/www.idtamexico.com\/idta\/wp-content\/uploads\/2017\/03\/PRIMAVERA-P6-768x431.jpg 768w\" sizes=\"auto, (max-width: 767px) 89vw, (max-width: 1000px) 54vw, (max-width: 1071px) 543px, 580px\" \/><\/p>\n<h3 style=\"text-align: center;\"><strong><span style=\"color: #ff0000;\">TELS. (55) 57-60-89-59 y (55) 47-56-75-55\u00a0 CELULAR 55-37-43-57-57<\/span><\/strong><br \/>\n<strong><span style=\"color: #ff0000;\">\u00a0 \u00a0lmendezleon@idtamexico.com\u00a0 ingenieriadinamica23@gmail.com\u00a0 \u00a0 sitio web www.idtamexico.com<\/span><\/strong><\/h3>\n<h1 style=\"text-align: center;\"><strong><span style=\"color: #ff0000;\">TEMARIO DE PRIMAVERA PROJECT PLANER P6<\/span><\/strong><\/h1>\n<p><strong>Orientado a:<\/strong><br \/>\n<strong>Arquitectos, Ingenieros Civiles, Ingenieros Arquitectos, Ingenieros Industriales, y cualquier profesional que quiera dominar la planificaci\u00f3n de proyectos.<\/strong><\/p>\n<p>Base de Datos P6.<br \/>\n<strong><span style=\"color: #ff0000;\">EPS PARA PRIMAVERA P6<\/span><\/strong> Estructura del Proyecto Empresarial Agregar o Suprimir (Enterprise Project Estructure) (EPS) Agregar un ID o C\u00f3digo, Nombre de la Estructura del Proyecto Empresarial y Gestor Responsable. Para curso de Primavera P6<br \/>\nAgregar las Empresas Filiales, Departamentos existes o elementos a Subordinar de Forma Jer\u00e1rquica\u00a0Para curso de Primavera P6<br \/>\n<strong><span style=\"color: #ff0000;\">OBS<\/span><\/strong>\u00a0Desglose de Organizaci\u00f3n u Organizacional Break Down Estructure (OBS) Agregar o Suprimir Nombre de Desglose de Organizaci\u00f3n, Descripci\u00f3n de Desglose Organizacional, Usuarios y Responsabilidad. Para curso de Primavera P6<br \/>\n<strong><span style=\"color: #ff0000;\">ROL<\/span> <\/strong>Agregar o suprimir un Rol, Generar el ID o C\u00f3digo del Rol, Nombre del Rol, Responsabilidades, Para recursos Seg\u00fan su capacitaci\u00f3n y Rol Primario, Precio seg\u00fan su Tipo de Cuota y Precio Unidad, As\u00ed como Calcular Costo a partir de Unidades. Para curso de Primavera<br \/>\n<strong><span style=\"color: #ff0000;\">CALENDARIO<\/span><\/strong> (Modificaci\u00f3n de Horas Laborables \/ D\u00edas Totales y Horas Laborables \/ D\u00edas Detalladas) Para curso de Primavera P6 Calendarios (Modificaci\u00f3n y Personalizaci\u00f3n de Semanas Laborables y periodos (Horas\/D\u00eda, Horas\/Semana, Horas\/Mes y Horas \/a\u00f1o.)) Creaci\u00f3n de D\u00edas Laborables y D\u00edas no Laborables. As\u00ed como de Horas Laborables \/D\u00eda.\u00a0Para curso de Primavera P6<br \/>\n<strong><span style=\"color: #ff0000;\">ABRIR UN PROYECTO<\/span><\/strong> Existente. Para curso de Primavera P6<br \/>\n<strong><span style=\"color: #ff0000;\">CERRAR UN PROYECTO<\/span><\/strong> \u00a0Existente Para curso de Primavera P6<br \/>\n<strong><span style=\"color: #ff0000;\">PROYECTO<\/span><\/strong>\u00a0\u00a0Crear Uno Nuevo Selecci\u00f3n del Proyecto Empresarial, Crear el ID y Nombre del Proyecto, fecha de inicio y fin, Gestor y Tipo de Cambio. Para curso de Primavera P6<br \/>\n<strong><span style=\"color: #ff0000;\">WBS<\/span><\/strong> (Work Breakdown Structurre) o Estructura de Desglose de Tareas. Agregar o suprimir una partida y su orden jer\u00e1rquico. Para curso de Primavera P6<br \/>\n<strong><span style=\"color: #ff0000;\">ACTIVIDAD<\/span><\/strong>\u00a0Creaci\u00f3n de Actividad su ID y Nombre de la Actividad la Ubicaci\u00f3n del Desglose de la Tarea, El Tipo de Actividad y su Interpretaci\u00f3n (Dependiente de la Tarea, Dependiente del Recurso , Hito de Finalizaci\u00f3n e Hito de Inicio , Nivel de Esfuerzo, Resumen de Desglose de Tarea.)Asignaci\u00f3n de recursos, Tipo de Duraci\u00f3n y su interpretaci\u00f3n (Duraci\u00f3n y Unidades Fijas, Duraci\u00f3n y Unidades\/Tiempo Fijas, Unidades Fijas, Unidades \/Tiempo Fijas), Unidades y Duraci\u00f3n de Actividad, Actividades Dependientes, Detalles. Para curso de Primavera P6<br \/>\n<strong><span style=\"color: #ff0000;\">C\u00d3DIGO DE ACTIVIDAD DEFINIDO POR EL USUARIO<\/span> <\/strong>Creaci\u00f3n de ID y C\u00f3digo. Para curso de Primavera P6<br \/>\n<strong><span style=\"color: #ff0000;\">RENUMERAR ID O C\u00d3DIGO DE ACTIVIDADES<\/span><\/strong> \u00a0(Incrementar el ID de las actividades seg\u00fan las actividades seleccionadas, Numerar autom\u00e1ticamente Seg\u00fan Prefijo, Sufijo y Valor de incremento, Sustituir los caracteres Iniciales Por Numero de Caracteres y Sustituir con.) Para curso de Primavera P6<br \/>\n<strong><span style=\"color: #ff0000;\">RELACIONES<\/span><\/strong> \u00a0de Actividades<br \/>\n<strong><span style=\"color: #ff0000;\">VINCULACI\u00d3N<\/span><\/strong>. (De Fin a Fin de Comienzo a Comienzo de Fin a Comienzo y Comienzo a Fin) Demora en la Relaci\u00f3n. Y Prendido y apagado de L\u00edneas de Relaci\u00f3n Programaci\u00f3n. (Tarea Dependiente (Task Dependent) , Dependencia de Recurso(Resource Dependent), Hitos de Inicio y Fin (Start e Finish Milestones) Para curso de Primavera P6\u00a0Tipos de progreso en % por Duraci\u00f3n, Avance por unidad, Avance F\u00edsico)<br \/>\n<strong><span style=\"color: #ff0000;\">RESTRICCIONES<\/span><\/strong>\u00a0\u00a0Asignaci\u00f3n (Finalizar el, Finalizar el o Antes de, Finalizar el o Despu\u00e9s de, Iniciar el, Inicio el o Antes del, Inicio el o Despu\u00e9s del, Inicio Obligatorio, Tan tarde Como sea Posible. Agrupaci\u00f3n de Actividades. Para curso de Primavera P6<br \/>\n<strong><span style=\"color: #ff0000;\">FILTROS<\/span><\/strong>\u00a0Personalizar, Todas las Actividades, Todos los filtros Seleccionados, Actividades Criticas Por Periodo de Tiempo, Hitos o eventos, holguras, globales etc. Para curso de Primavera P6<br \/>\n<strong><span style=\"color: #ff0000;\">RECURSOS<\/span><\/strong> \u00a0Asignaci\u00f3n de Recursos materiales, de Equipamiento y de Trabajo , Asignaci\u00f3n de columnas de Costo para Materiales, Mano de Obra y Equipo, Asignaci\u00f3n en el Rubro de Recursos de Columnas de Presupuestado de Costo, Precio por Unidad, Presupuestado de unidades as\u00ed como Tipo de Cuota. <strong><span style=\"color: #ff0000;\">RESUMEN<\/span><\/strong> (Mostrando Unidades, Costos y Fechas.)\u00a0 Para curso de Primavera P6<br \/>\n<strong><span style=\"color: #ff0000;\">SOBREASIGNACI\u00d3N DE RECURSOS<\/span><\/strong> Perfil de Consumo de Recursos.<br \/>\n<strong><span style=\"color: #ff0000;\">NIVELACI\u00d3N DE RECURSOS<\/span><\/strong>\u00a0(Nivelar Todos Los Recursos, Preservar las Fechas Tard\u00edas y con demoras programadas, Dar Prioridades de Nivelaci\u00f3n.) Para curso de Primavera P6<br \/>\n<strong><span style=\"color: #ff0000;\">DISE\u00d1O<\/span><\/strong>\u00a0Abrir, Guardar, Guardar Como, COSTO, CALENDARIO, LINEA BASE, <strong><span style=\"color: #ff0000;\">VALOR GANADO<\/span><\/strong>, DE RECURSO, DE TRABAJO ETC.\u00a0 Para curso de Primavera P6<br \/>\n<strong><span style=\"color: #ff0000;\">CAMPOS DEFINIDOS POR EL USUARIO<\/span><\/strong> \u00a0T\u00cdTULO Y TIPO DE DATOS\u00a0 De Texto,Costo etc. (DEADLINEFINISH DATE)(EAM BASIC START DATE START DATE)(EAM COMMITTED COST COST) (EAM CONTACT PERSON TEXT)(EAM ESTIMATED VS COMMITTED COST VARIANCE COST)(EAM LAST TRANSFER DATE START DATE) Para curso de Primavera P6<br \/>\n<strong><span style=\"color: #ff0000;\">HOLGURAS\u00a0<\/span><\/strong>Holgura libre, Restantes y Totales.\u00a0 Para Curso de Primavera\u00a0 P6<br \/>\n<strong><span style=\"color: #ff0000;\">ASIGNACI\u00d3N DE UNIDADES DE MEDIDA<\/span><\/strong> \u00a0Abreviatura de la unidad y nombre de la unidad.\u00a0 Para curso de Primavera P6\u00a0 \u00a0 \u00a0 \u00a0 \u00a0 \u00a0 \u00a0 \u00a0 \u00a0 \u00a0 \u00a0 \u00a0 \u00a0 \u00a0 \u00a0 \u00a0 \u00a0 \u00a0 \u00a0 \u00a0 \u00a0 \u00a0 \u00a0 \u00a0 \u00a0 \u00a0 \u00a0 \u00a0 \u00a0 \u00a0 \u00a0 <strong><span style=\"color: #ff0000;\">GASTOS<\/span><\/strong> \u00a0Asignaci\u00f3n de Cuenta de Costos, y Asignaci\u00f3n de Categor\u00eda de Gastos (vi\u00e1ticos de transportaci\u00f3n, hospedaje comidas etc.)\u00a0 Para curso de Primavera P6<br \/>\n<strong><span style=\"color: #ff0000;\">RED DE ACTIVIDADES<\/span><\/strong> Opciones de red de actividades (Plantilla de Cuadro de Actividad, Nombre de la Actividad (Duraciones, estado actual, Fechas Planificadas, ID de Actividad, Nombre de Actividad, Presupuestado costo, Presupuestado Unidades, Vista de Recursos.) Dise\u00f1o de red de Actividad. Para curso de Primavera P6<br \/>\n<strong><span style=\"color: #ff0000;\">BARRAS<\/span><\/strong> Personalizaci\u00f3n (Duraci\u00f3n, Nombre, color, Tipo Etc.) Analizando las Fechas de Programaci\u00f3n. Aplicaci\u00f3n de comando posposici\u00f3n la Programaci\u00f3n de un Proyecto. An\u00e1lisis de la Disponibilidad de Recursos.\u00a0 Para curso de Primavera P6<br \/>\n<strong><span style=\"color: #ff0000;\">L\u00cdNEA DE BASE<\/span><\/strong> \u00a0Asignar base (Proyecto y Base del Proyecto y Base de Usuario Primario). Mantener Bases (Agregar Nombre de Proyecto y de Base. Cambio de Dise\u00f1o para visualizaci\u00f3n de L\u00ednea base).\u00a0 Para curso de Primavera P6<br \/>\n<strong><span style=\"color: #ff0000;\">REFLECTOR DE PROGRESO<\/span><\/strong> \u00a0Y su interpretaci\u00f3n.\u00a0 Para curso de Primavera P6<br \/>\n<strong><span style=\"color: #ff0000;\">ACTUALIZAR PROGRESO\u00a0LINEA DE PROGRESO<\/span><\/strong> Avances y Asignaci\u00f3n de Columna de PORCENTAJE FINALIZADO DE PROGRAMA, PORCENTAJE <strong><span style=\"color: #ff0000;\">FINALIZADO DE ACTIVIDAD<\/span><\/strong>. Para curso de Primavera P6<br \/>\nESTADO PESTA\u00d1A Duraci\u00f3n Original, Real, Restante, Al finalizar. ESTADO Iniciado y Finalizado y Final Previsto. UNIDADES DE MANO DE OBRA Presupuestado, Real, Restante y al Finalizar.\u00a0Para curso de Primavera P6<br \/>\n<strong><span style=\"color: #ff0000;\">HISTOGRAMA\u00a0<\/span><\/strong> (OPCIONES DE PERFIL DE CONSUMO DE RECURSO Datos, Mostrar Unidades y Costo, Mostrar Valor real Utilizando Datos del Periodo Financiero) Mostrar Barras y Curvas y Mostrar Barras Restantes Como y Opciones Adicionales de Datos, GRAFICO, L\u00edneas Verticales, y Horizontales, Opciones Adicionales de Presentaci\u00f3n.\u00a0 \u00a0 \u00a0 \u00a0 \u00a0 \u00a0 \u00a0 \u00a0 \u00a0 \u00a0 \u00a0 \u00a0 \u00a0 \u00a0 \u00a0 \u00a0 \u00a0 \u00a0 \u00a0 \u00a0 \u00a0 \u00a0 \u00a0 \u00a0 <strong><span style=\"color: #ff0000;\">HISTOGRAMA<\/span><\/strong> de Recursos de Trabajo de Mano de Obra y de Equipo o Equipamiento.\u00a0 Para curso de Primavera P6<br \/>\n<strong><span style=\"color: #ff0000;\">GRAFICAS S<\/span> <span style=\"color: #ff0000;\">PARA PRIMAVERA P6<\/span><\/strong> Opciones de Perfil de Consumo de Recursos (Datos, Mostrar Unidades, Mostrar Barras Restantes como, Restantes Total, Opciones Adicionales de Datos, Mostrar L\u00edmite, Mostrar Exceso de Asignaci\u00f3n.<br \/>\n<strong><span style=\"color: #ff0000;\">HOJA DE CALCULO DE CONSUMO DE ACTIVIDADES<\/span> <\/strong>\u00a0Costo Remanente, Actual, Costo Planificado Actual y remanente .Para Curso de Primavera P6<br \/>\n<strong><span style=\"color: #ff0000;\">PERFIL DE CONSUMO DE ACTIVIDADES<\/span><\/strong> \u00a0Mostrar consumos, Mostrar Actividades, Mostrar Proyectos. Para Curso de Primavera P6<br \/>\n<strong><span style=\"color: #ff0000;\">HOJA DE CALCULO DE CONSUMO DE RECURSOS<\/span> <\/strong>\u00a0Asignaci\u00f3n de Recursos de Actividades, Mostrar Proyectos Abiertos, Recursos Actuales. Para Curso de Primavera p6<br \/>\n<strong><span style=\"color: #ff0000;\">PERFIL DE CONSUMO DE RECURSOS<\/span><\/strong> Recursos Activos y Proyectos Abiertos. Para Curso de Primavera P6<br \/>\n<strong><span style=\"color: #ff0000;\">LOGICA DE RASTREO<\/span><\/strong> \u00a0Interpretaci\u00f3n. Para Curso de Primavera P6<br \/>\n<strong><span style=\"color: #ff0000;\">ABRIR, CERRAR PROYECTOS<\/span><\/strong> \u00a0Para curso de Primavera P6<br \/>\n<strong><span style=\"color: #ff0000;\">VALOR GANADO<\/span><\/strong> PARA (EARNED VALUE) PREFERENCIAS DE ADMINISTRADOR, T\u00e9cnica para calcular el Porcentaje Finalizado del Rendimiento, T\u00e9cnica para calcular el estimado para Finalizar, Presupuestado Valores con Fechas Planificadas, Valores de Presupuestado con Fechas Actuales, Valores en Finalizaci\u00f3n con fechas Actuales. CALCULO DEL VALOR DEVENGADO, CUANDO SE CALCULE EL VALOR DEVENGADO DE UNA BASE.\u00a0 Para Curso de Primavera P6<br \/>\n<strong><span style=\"color: #ff0000;\">EXPORTACI\u00d3N E IMPORTACION<\/span><\/strong> \u00a0a Microsoft Project. Para curso de Primavera P6<br \/>\n<strong><span style=\"color: #ff0000;\">EXPORTAR E IMPORTAR\u00a0 A MICROFT EXCEL<\/span><\/strong>\u00a0A archivo de primavera P6<br \/>\n<strong><span style=\"color: #ff0000;\">RIESGOS<\/span><\/strong>\u00a0Agregar, ID, Nombre, Categor\u00eda, Tipo, Propietario y Estado , Inicio y Fin de Exposici\u00f3n, Costo de Exposici\u00f3n de Respuesta Previa, Costo de Exposici\u00f3n de Respuesta Posterior, Identificado el e Identificado por IMPACTO Respuesta Previa, Probabilidad, Programar, Costo, Puntuaci\u00f3n, Respuesta, Tipo de respuesta, Descripci\u00f3n de respuesta, Respuesta posterior, Probabilidad, Programar, Costo, Puntuaci\u00f3n. ACTIVIDADES. Proyecto, ID de actividad, Nombre de actividad, Inicio, Finalizaron. DESCRIPCION. CAUSA. EFECTOS. <strong><span style=\"color: #ff0000;\">NOTAS.<\/span><\/strong> Para curso de Primavera P6<br \/>\n<strong><span style=\"color: #ff0000;\">REPORTES<\/span><\/strong>\u00a0Generar una imagen, Titulo en la cabecera del Proyecto, Para curso de Primavera P6<br \/>\n<strong><span style=\"color: #ff0000;\">INFORMES<\/span><\/strong>\u00a0de Costo y Programaci\u00f3n y de trabajo.\u00a0 Para curso de Primavera P6<br \/>\n<strong><span style=\"color: #ff0000;\">PRESENTACION PRELIMINAR<\/span><\/strong> \u00a0Configuraci\u00f3n de p\u00e1gina (Pagina, M\u00e1rgenes, Cabecera, Pie de p\u00e1gina, Opciones) Configuraci\u00f3n de Impresi\u00f3n (impresora, Orientaci\u00f3n y Tama\u00f1o de Papel) Publicar en HTML. Para Curso de Primavera P6<\/p>\n<h4 style=\"text-align: justify;\"><\/h4>\n<p style=\"text-align: justify;\"><strong>SE DARA DIPLOMA CON VALIDEZ OFICIAL CON NO. DE AGENTE CAPACITADOR EXTERNO <\/strong><strong>ANTE LA SECRETARIA DEL TRABAJO Y PREVISI\u00d3N SOCIAL Y CEDULA PROFESIONAL DEL <\/strong><strong>INGENIERO QUE LO IMPARTE.<\/strong><br \/>\n<span style=\"color: #ff0000;\"><strong>PARA FINES DE CALIDAD EN EL SERVICIO SE DARA UNA HOJA CON EL TEMARIO DE LA <\/strong><strong>PRESENTE PAGINA PARA QUE LOS PARTICIPANTES VERIFIQUEN QUE SE IMPARTIO LOS TEMAS MENCIONADOS <\/strong><strong>Y VAYAN PALOMEANDO ,TEMA POR TEMA DE LA CAPACITACION QUE LE FUE IMPARTIDA, ESTA HOJA SE FIRMARA CON <\/strong><strong>NOMBRE Y CARGO DEL PARTICIPANTE ASI COMO LA FECHA.<\/strong><\/span><\/p>\n<h4 style=\"text-align: justify;\">DURACION DEL CURSO 18 HORAS.<br \/>\nSERA EN SECIONES DE 6 HORAS DIARIAS POR 3 DIAS<br \/>\nSI SE TOMA EN CLASES DE 6 HORAS DE FORMA (SABATINAS) EL CURSO TENDRA UNA DURACION TOTAL DE TRES SEMANAS<br \/>\nLO MAS IMPORTANTE SOLO LLAMA Y ESE MISMO DIA PUEDES EMPEZAR A TOMAR TU CURSO O EL DIA QUE TU LO DESEES YA QUE EL CURSO ES TOTALMENTE PERSONALIZADO NO TIENES QUE ESPERAR A FORMAR GRUPOS O INICIO DE SEMANA.<\/h4>\n<h4 style=\"text-align: center;\">SI desea que el curso sea impartido en las instalaciones de su empresa o a domicilio ser\u00e1 necesario liquidar el 100% del pago del curso al iniciar este, haciendo previo dep\u00f3sito bancario ya que no se aceptan pagos en cheque o efectivo. La duraci\u00f3n del curso a domicilio tiene una duraci\u00f3n de 3 d\u00edas a raz\u00f3n de 6 horas por\u00a03 d\u00edas (18 HORAS)<\/h4>\n<h4 style=\"text-align: center;\">EL TEMARIO EN AMBOS CASOS SE CUBRE AL 100%<br \/>\nACEPTAMOS TARJETA DE CREDITO<\/h4>\n<h3 style=\"text-align: center;\"><strong>INGENIERIA DINAMICA Y TECNICA AMBIENTAL S.A DE C.V<\/strong><br \/>\n<b> Siberia No. 148 Col.\u00a0 Romero Rubio Alcald\u00eda\u00a0Venustiano Carranza Cd. de M\u00e9xico\u00a0C.P. 15400<\/b><br \/>\n<strong> (A 4 cuadras del metro Romero Rubio)<\/strong><br \/>\n<strong> Tel. (55) 57-60-89-59\u00a0 \u00a0 (55) 47-56-75-55\u00a0 \u00a0 \u00a0 CEL.55-37-43-57-57\u00a0 \u00a0\u00a0<\/strong><strong><span style=\"color: #ff0000;\">\u00a0\u00a0lmendezleon@idtamexico.com\u00a0 \u00a0 sitio web www.idtamexico.com<\/span><\/strong><\/h3>\n<p>&nbsp;<\/p>\n","protected":false},"excerpt":{"rendered":"<p>CURSO DE PRIMAVERA \u00a0P6 TELS. (55) 57-60-89-59 y (55) 47-56-75-55\u00a0 CELULAR 55-37-43-57-57 \u00a0 \u00a0lmendezleon@idtamexico.com\u00a0 ingenieriadinamica23@gmail.com\u00a0 \u00a0 sitio web www.idtamexico.com TEMARIO DE PRIMAVERA PROJECT PLANER P6 Orientado a: Arquitectos, Ingenieros Civiles, Ingenieros Arquitectos, Ingenieros Industriales, y cualquier profesional que quiera dominar la planificaci\u00f3n de proyectos. Base de Datos P6. EPS PARA PRIMAVERA P6 Estructura del Proyecto &hellip; <\/p>\n<p class=\"link-more\"><a href=\"https:\/\/www.idtamexico.com\/idta\/cursos-de-primavera-project-planer\/\" class=\"more-link\">Continuar leyendo<span class=\"screen-reader-text\"> &#8220;Cursos de Primavera  P6&#8221;<\/span><\/a><\/p>\n","protected":false},"author":1,"featured_media":0,"parent":0,"menu_order":0,"comment_status":"closed","ping_status":"closed","template":"","meta":{"footnotes":""},"class_list":["post-124","page","type-page","status-publish","hentry"],"_links":{"self":[{"href":"https:\/\/www.idtamexico.com\/idta\/wp-json\/wp\/v2\/pages\/124","targetHints":{"allow":["GET"]}}],"collection":[{"href":"https:\/\/www.idtamexico.com\/idta\/wp-json\/wp\/v2\/pages"}],"about":[{"href":"https:\/\/www.idtamexico.com\/idta\/wp-json\/wp\/v2\/types\/page"}],"author":[{"embeddable":true,"href":"https:\/\/www.idtamexico.com\/idta\/wp-json\/wp\/v2\/users\/1"}],"replies":[{"embeddable":true,"href":"https:\/\/www.idtamexico.com\/idta\/wp-json\/wp\/v2\/comments?post=124"}],"version-history":[{"count":37,"href":"https:\/\/www.idtamexico.com\/idta\/wp-json\/wp\/v2\/pages\/124\/revisions"}],"predecessor-version":[{"id":933,"href":"https:\/\/www.idtamexico.com\/idta\/wp-json\/wp\/v2\/pages\/124\/revisions\/933"}],"wp:attachment":[{"href":"https:\/\/www.idtamexico.com\/idta\/wp-json\/wp\/v2\/media?parent=124"}],"curies":[{"name":"wp","href":"https:\/\/api.w.org\/{rel}","templated":true}]}}