{"id":129,"date":"2017-03-06T21:21:20","date_gmt":"2017-03-07T03:21:20","guid":{"rendered":"http:\/\/www.idtamexico.com\/?page_id=129"},"modified":"2023-07-13T13:13:35","modified_gmt":"2023-07-13T19:13:35","slug":"cursos-de-autocad-2017-2d-y-3d","status":"publish","type":"page","link":"https:\/\/www.idtamexico.com\/idta\/cursos-de-autocad-2017-2d-y-3d\/","title":{"rendered":"Cursos de Autocad 2023 2D Y 3D"},"content":{"rendered":"<p>CURSOS DE AUTOCAD 2017 2D Y 3D PARA DIVERSAS AREAS<br \/>\n(01-55) 57-60-89-59 y (01-55) 47-56-75-55<br \/>\nidtamexico@yahoo.com lmendezleon@idtamexicco.com<br \/>\nING. ARQ. LEONARDO MENDEZ LEON<\/p>\n<p>AUTOCAD 2D versi\u00f3n 2017<br \/>\nINGENIERIA DINAMICA Y TECNICA AMBIENTAL S.A DE C.V<br \/>\nNuestra p\u00e1gina de Internet es www.idtamexico.com nuestro tel\u00e9fono es (01-55) 57-60-89-59 y (01-55) 47-56-75-55 \u00a0estamos ubicados en la calle de Siberia No. 148 col. Romero Rubio a 4 cuadras del metro romero rubio y a 20 minutos del aeropuerto de la CD. De M\u00e9xico.<\/p>\n<p>LOS CONCEPTOS QUE SE ANALIZAN EN AUTOCAD 2D SON LOS SIGUIENTES PARA EL \u00c1REA DE ARQUITECTURA:<br \/>\nDESDE EL PRIMER D\u00cdA DE CLASES USTED DIBUJA SU PRIMER PROYECTO ARQUITECT\u00d3NICO.<br \/>\nELABORACI\u00d3N DE UN PROYECTO DE INTER\u00c9S SOCIAL, MEDIO, TIPO RESIDENCIAL CON MUROS A CUARENTA Y CINCO GRADOS Y UN PROYECTO QUE INVOLUCRA COLUMNAS Y MUROS DE CARGA (PLANTAS, CORTES Y FACHADAS).<br \/>\nACOTACIONES.<br \/>\nTEXTOS.<br \/>\nAMUEBLADO.<br \/>\nGENERACION DE CUADRO DE REFERENCIAS O PIE DE PLANO.<br \/>\nIMPRESI\u00d3N,<br \/>\nLOS PRINCIPALES ICONOS QUE SE UTILIZAN EN 2D PARA LA GENERACION DE UN PROYECTO ARQUITECTONICO.<br \/>\nSE DARA UN CD. CON LIBRERIAS Y BLOQUES DE MUEBLES, VEGETACION, AUTOS ETC. PARA EQUIPAR EL PROYECTO ARQUITECTONICO Y UN CUADERNILLO DE APUNTES PARA QUE SE VEA EL SEGUIMIENTO DE LOS DIVERSOS EJEMPLOS VISTOS EN EL CURSO.<\/p>\n<p>LOS CONCEPTOS QUE SE ANALIZAN EN AUTOCAD 2D SON LOS SIGUIENTES PARA EL \u00c1REA DE INGENIERIA ELECTRICA:<br \/>\nELABORACION DE UN PROYECTO PARA AIRE ACONDICIONADO<br \/>\nELABORACION DE UN PROYECTO ELECTRICO (DIAGRAMA UNIFILAR Y CUADRO DE CARGAS).<br \/>\nELABORACION DE UN ISOMETRICO ELECTRICO.<br \/>\nSIMBOLOGIA ELECTRICA E HIDRAULICA.<br \/>\nACOTACIONES.<br \/>\nTEXTOS.<br \/>\nGENERACION DE CUADRO DE REFERENCIAS O PIE DE PLANO.<br \/>\nIMPRESI\u00d3N.<br \/>\nLOS PRINCIPALES ICONOS QUE SE UTILIZAN EN 2D PARA LA GENERACION DE UN PROYECTO ELECTRICO.<br \/>\nLOS CONCEPTOS QUE SE ANALIZAN EN AUTOCAD 2D SON LOS SIGUIENTES PARA EL \u00c1REA DE INGENIERIA MECANICA:<br \/>\nELABORACION DE UN PROYECTO PARA AIRE ACONDICIONADO<br \/>\nELABORACION DE PIEZAS MECANICAS A ELEGIR DE CATALOGO.<br \/>\nICONOS DE DIBUJO Y EDICION.<br \/>\nACOTACIONES.<br \/>\nTEXTOS.<br \/>\nGENERACION DE CUADRO DE REFERENCIAS O PIE DE PLANO.<br \/>\nIMPRESI\u00d3N.<br \/>\nLOS PRINCIPALES ICONOS QUE SE UTILIZAN EN 2D.<br \/>\nCOSTO DEL CURSO DE AUTOCAD 2D $ 2,000.00 (DOS MIL PESOS 00\/100 M,N)<\/p>\n<p>DURACION DEL CURSO 25 HORAS.<br \/>\nSI SE TOMA EN CLASES DE 2 HORAS DIARIAS DE LUNES A VIERNES EL CURSO TENDRA UNA DURACION DE 2 SEMANAS Y 3 DIAS.<br \/>\nSI SE TOMA EN CLASES DE 5 HORAS POR SEMANA (SABATINAS) EL CURSO TENDRA UNA DURACION TOTAL EN TIEMPO DE UN\u00b7 MES Y UNA SEMANA.<br \/>\nLOS HORARIOS QUE MANEJAMOS SON LOS SIGUIENTES DE 10.00 AM A 12.00 PM, 12.00PM A 2.00 PM, 4.00 PM A 6.00 PM, 6.00PM A 8.00PM DE LUNES A VIERNES Y SABATINOS DE 10:00AM A 2:30 PM Y DE 3.00 PM A 8:00 PM ( INTENSIVO DE 5 HORAS)<br \/>\nLO MAS IMPORTANTE SOLO LLAMA Y ESE MISMO DIA PUEDES EMPEZAR A TOMAR TU CURSO O EL DIA QUE TU LO DESEES YA QUE EL CURSO ES TOTALMENTE PERSONALIZADO NO TIENES QUE ESPERAR A FORMAR GRUPOS O INICIO DE SEMANA.<br \/>\n\u00b7<br \/>\nAUTOCAD 3D versi\u00f3n 2017<br \/>\n\u00b7<br \/>\nPERSONALIZACION DEL AUTOCAD 3D PARA EL AREA DE ARQUITECTURA E INGENIERIA CIVIL<br \/>\nMANEJO DE UN PROYECTO ARQUITECTONICO EN 2D Y SU ALZADO EN 3D<br \/>\nVENTANAS DESARROLLADAS EN 3D (RECTANGULARES, DE ARCO DE \u00bd PUNTO Y TOP WINDOWS)<br \/>\nPUERTAS DESARROLLADAS EN 3D<br \/>\nLOSAS INCLINADAS.<br \/>\nLOSAS A 2 AGUAS\u00b7 A 3 Y 4 AGUAS.<br \/>\nESCALERAS.<br \/>\nBARANDALES.OPERACIONES BOLEANAS (SUSTRACCION, UNION, INTERSECCION.)<br \/>\nUSO DEL COMANDO REVOLUCION Y ESTRUCCION.<br \/>\nMANEJO DEL COMANDO POLISOLID, SWEEP, PRESSPULL, LOFT, MODELADO DE FIGURAS EN 3D.HELIX, PLANAR SURFACE<br \/>\nEXTRUDE FACES ETC.<br \/>\nESTILOS VISUALES PARA VISTAS ISOMETRICAS Y AXONOMETRICAS.DESARROLLO EN 2D DEL PROYECTO EN 3D.<br \/>\nAMUEBLADO EN 3RA DIMENCION.<br \/>\nCOMANDOS DE VISTAS ISOMETRICAS Y AXONOMETRICAS<br \/>\nSISTEMA DE COORDENADAS UNIVERSALES (UCS),<br \/>\nAMUEBLADO EN TERCERA DIMENSI\u00d3N.<br \/>\nAPLICACI\u00d3N DE MATERIALES, LUCES, CAMARAS, RENDER, ETC.<br \/>\nPERSONALIZACION DEL AUTOCAD 3D PARA EL AREA DE\u00b7 INGENIERIA MECANICA Y ELECTRICA.<br \/>\nMANEJO DE UN PROYECTO DE AIRE ACONDICIONADO.<br \/>\nMANEJO DE UN PROYECTO DE INSTALACION ELECTICA.<br \/>\nMANEJO DE UN PROYECTO DE INSTALACION DE CCTV O CIRCUITO CERRADO DE TELEVISION.<br \/>\nMANEJO DE UN PROYECTO DE INSTALACION CONTRA INCENDIO.OPERACIONES BOLEANAS (SUSTRACCION, UNION, INTERSECCION.)<br \/>\nUSO DEL COMANDO REVOLUCION Y ESTRUCCION.<br \/>\nMANEJO DEL COMANDO POLISOLID, SWEEP, PRESSPULL, LOFT, MODELADO DE FIGURAS EN 3D.HELIX, PLANAR SURFACE<br \/>\nEXTRUDE FACES ETC.<br \/>\nESTILOS VISUALES PARA VISTAS ISOMETRICAS Y AXONOMETRICAS.DESARROLLO EN 2D DEL PROYECTO EN 3D.<br \/>\nCOMANDOS DE VISTAS ISOMETRICAS Y AXONOMETRICAS<br \/>\nSISTEMA DE COORDENADAS UNIVERSALES,<br \/>\nPERSONALIZACION DEL AUTOCAD 3D PARA EL AREA DE INGENIERIA DE PROCESO.<br \/>\nMANEJO DE UN PROYECTO DE AIRE ACONDICIONADO<br \/>\nMANEJO DE UN PROYECTO DE INSTALACION CONTRA INCENDIO.<br \/>\nMANEJO DE UN PROYECTO DE TRAZO Y DESARROLLO DE TUBERIAS PARA INSTALACIONES DE PROCESO.<br \/>\nOPERACIONES BOLEANAS (SUSTRACCION, UNION, INTERSECCION.)<br \/>\nUSO DEL COMANDO REVOLUCION Y ESTRUCCION.<br \/>\nMANEJO DEL COMANDO POLISOLID, SWEEP, PRESSPULL, LOFT, MODELADO DE FIGURAS EN 3D.HELIX, PLANAR SURFACE<br \/>\nEXTRUDE FACES ETC.<br \/>\nESTILOS VISUALES PARA VISTAS ISOMETRICAS Y AXONOMETRICAS.DESARROLLO EN 2D DEL PROYECTO EN 3D.<br \/>\nCOMANDOS DE VISTAS ISOMETRICAS Y AXONOMETRICAS<br \/>\nSISTEMA DE COORDENADAS UNIVERSALES,<br \/>\nCOSTO DEL CURSO DE AUTOCAD 3D $ 2,000.00 (DOS MIL PESOS 00\/100 M,N)<br \/>\nDURACION DEL CURSO 25 HORAS.<br \/>\nSI SE TOMA EN CLASES DE 2 HORAS DIARIAS DE LUNES A VIERNES EL CURSO TENDRA UNA DURACION DE 2 SEMANAS Y TRES DIAS.<br \/>\nSI SE TOMA EN CLASES DE 5 HORAS POR SEMANA (SABATINAS) EL CURSO TENDRA UNA DURACION TOTAL EN TIEMPO DE UN MES Y UNA SEMANA.<br \/>\nLOS HORARIOS QUE MANEJAMOS SON LOS SIGUIENTES DE 10.00 AM A 12:00 PM, 12:00PM , 4:00 PM A 6:00 PM, 6.00PM A 8:00PM DE LUNES A VIERNES Y SABATINOS DE 10:00AM A 2:30 PM Y DE 3:00 PM A 8:00 PM ( INTENSIVO DE 5 HORAS)<br \/>\nLO MAS IMPORTANTE SOLO LLAMA Y ESE MISMO DIA PUEDES EMPEZAR A TOMAR TU CURSO O EL DIA QUE TU LO DESEES YA QUE EL CURSO ES TOTALMENTE PERSONALIZADO NO TIENES QUE ESPERAR A FORMAR GRUPOS O INICIO DE SEMANA.<br \/>\nSI desea que el curso sea impartido en las instalaciones de su empresa o a domicilio ser\u00e1 necesario liquidar el 100% del pago del curso al iniciar este, haciendo previo dep\u00f3sito bancario ya que no se aceptan pagos en cheque o efectivo. La duraci\u00f3n del curso a domicilio tiene una duraci\u00f3n de 3 d\u00edas a raz\u00f3n de 5 horas por d\u00eda (15 HORAS) Y EN NUESTRA INSTALACIONES DE 25 HORAS YA QUE SE REPITEN ALGUNOS ejercicios y a domicilio no se realiza esto. EL TEMARIO EN AMBOS CASOS SE CUBRE AL 100%<\/p>\n<p style=\"text-align: center;\">INGENIERIA DINAMICA Y TECNICA AMBIENTAL S.A DE C.V<br \/>\nSIBERIA No.148 Col. ROMERO RUBIO Deleg. VENUSTIANO CARRANZA C.P. 15400 M\u00e9xico, D. F.<br \/>\n(A 4 cuadras del metro Romero Rubio)<br \/>\nTel. y fax (01-55) 57-60-89-59 (01-55) 47-56-75-55<br \/>\nidtamexico@yahoo.com.mx<br \/>\nlmendezleon@idtamexico.com<br \/>\nwww.idtamexico.co www.idtambiental.com.mx<\/p>\n","protected":false},"excerpt":{"rendered":"<p>CURSOS DE AUTOCAD 2017 2D Y 3D PARA DIVERSAS AREAS (01-55) 57-60-89-59 y (01-55) 47-56-75-55 idtamexico@yahoo.com lmendezleon@idtamexicco.com ING. ARQ. LEONARDO MENDEZ LEON AUTOCAD 2D versi\u00f3n 2017 INGENIERIA DINAMICA Y TECNICA AMBIENTAL S.A DE C.V Nuestra p\u00e1gina de Internet es www.idtamexico.com nuestro tel\u00e9fono es (01-55) 57-60-89-59 y (01-55) 47-56-75-55 \u00a0estamos ubicados en la calle de Siberia &hellip; <\/p>\n<p class=\"link-more\"><a href=\"https:\/\/www.idtamexico.com\/idta\/cursos-de-autocad-2017-2d-y-3d\/\" class=\"more-link\">Continuar leyendo<span class=\"screen-reader-text\"> &#8220;Cursos de Autocad 2023 2D Y 3D&#8221;<\/span><\/a><\/p>\n","protected":false},"author":1,"featured_media":0,"parent":0,"menu_order":0,"comment_status":"closed","ping_status":"closed","template":"","meta":{"footnotes":""},"class_list":["post-129","page","type-page","status-publish","hentry"],"_links":{"self":[{"href":"https:\/\/www.idtamexico.com\/idta\/wp-json\/wp\/v2\/pages\/129","targetHints":{"allow":["GET"]}}],"collection":[{"href":"https:\/\/www.idtamexico.com\/idta\/wp-json\/wp\/v2\/pages"}],"about":[{"href":"https:\/\/www.idtamexico.com\/idta\/wp-json\/wp\/v2\/types\/page"}],"author":[{"embeddable":true,"href":"https:\/\/www.idtamexico.com\/idta\/wp-json\/wp\/v2\/users\/1"}],"replies":[{"embeddable":true,"href":"https:\/\/www.idtamexico.com\/idta\/wp-json\/wp\/v2\/comments?post=129"}],"version-history":[{"count":3,"href":"https:\/\/www.idtamexico.com\/idta\/wp-json\/wp\/v2\/pages\/129\/revisions"}],"predecessor-version":[{"id":863,"href":"https:\/\/www.idtamexico.com\/idta\/wp-json\/wp\/v2\/pages\/129\/revisions\/863"}],"wp:attachment":[{"href":"https:\/\/www.idtamexico.com\/idta\/wp-json\/wp\/v2\/media?parent=129"}],"curies":[{"name":"wp","href":"https:\/\/api.w.org\/{rel}","templated":true}]}}