{"id":32,"date":"2017-03-01T20:08:06","date_gmt":"2017-03-02T02:08:06","guid":{"rendered":"http:\/\/www.idtamexico.com\/?page_id=32"},"modified":"2024-06-25T16:19:53","modified_gmt":"2024-06-25T22:19:53","slug":"curso-de-staad-pro","status":"publish","type":"page","link":"https:\/\/www.idtamexico.com\/idta\/ingenieria-y-arquitectura\/curso-de-staad-pro\/","title":{"rendered":"CURSO DE STAAD PRO V8 I Y STAAD PRO CONECT EDITION"},"content":{"rendered":"<table width=\"90%\">\n<tbody>\n<tr>\n<td><strong>STAAD PRO V8i<\/strong><\/p>\n<p>CURSOS EN LINEA EN EL CURSO DE STAAD PRO<\/p>\n<p>REALIZAMOS ANALISIS ESTRUCTURAL PARA NAVES INDUSTRIALES, ANUNCIOS ESPECTACULARES, TORRES DE INTERCOMUNICACION, EDIFICACIONES EN GENERAL PARA ACERO Y CONCRETO.\u00a0\u00a0 ASI COMO ANALISIS DE PRECIOS UNITARIOS Y CATALOGO DE CONCEPTOS PARA DICHAS ESTRUCTURAS<\/p>\n<p><strong>VISITANOS EN \u00a0<\/strong><a href=\"http:\/\/www.idtamexico.com\/\"><strong>www.idtamexico.com<\/strong><\/a><strong>\u00a0\u00a0\u00a0\u00a0nuestros tel\u00e9fonos\u00a0son \u00a0 (01-55) 57-60-89-59 y (01-55) 47-56-75-55\u00a0 (01-55) 26-03-02-53\u00a0nextel 62-97-12-70 ID 92*11*83787\u00a0 estamos ubicados en la calle de siberia No. 148 col. Romero Rubio a 4 cuadras del metro romero rubio y a 20 minutos del areopuerto de la CD. de Mex.<\/strong><\/p>\n<p><strong>SOLO LLAMA Y ESE MISMO DIA PODRAS TOMAR TU CURSO NO ES NECESARIO QUE SE FORMEN GRUPOS O FECHAS DEMASIADO LARGAS, NO REQUIERES TRAER TU EQUIPO DE COMPUTO\u00a0SE TE FACILITA UNO AL INICIAR EL CURSO, SI NO TIENES TIEMPO PODEMOS DARTE EL CURSO EN LINEA, EL PERSONAL QUE TE IMPARTE EL CURSO CUENTA CON\u00a0UNA AMPLIA EXPERIENCIA EN EL MANEJO DEL PAQUETE Y DE ANALISIS ESTRUCTURAL CON IDTA 21 A\u00d1OS DE EXPERIENCIA TE AVALAN\u00a0<\/strong><\/p>\n<p>El plan de estudio de IDTA incluye el c\u00e1lculo de un edificio realizado a base de marcos de acero y concreto, cimentaci\u00f3n, sistema de pisos, dise\u00f1\u00f3 por sismo y viento y la realizaci\u00f3n de una techumbre o cubierta met\u00e1lica<\/p>\n<p>Los modelos se ver\u00e1n Atreves de dos m\u00e9todos que son el M\u00e9todo Grafico y modo Editor<\/p>\n<p>Creando una nueva estructura.<\/p>\n<p>Iconos y vistas en la pantalla de STAAD PRO.<\/p>\n<p>Construyendo el modelo en STAAD PRO.<\/p>\n<p>Creaci\u00f3n de la geometr\u00eda del modelo. (Generaci\u00f3n de Miembros vigas, columnas, largueros, contra venteos etc.)<\/p>\n<p>Creaci\u00f3n del modelado de la Estructura. (Asignaci\u00f3n de materiales, soportes, cargas y coeficientes de dise\u00f1o)\u00a0\u00a0\u00a0\u00a0\u00a0\u00a0\u00a0\u00a0\u00a0\u00a0\u00a0\u00a0\u00a0\u00a0\u00a0\u00a0\u00a0\u00a0\u00a0\u00a0\u00a0\u00a0\u00a0\u00a0\u00a0\u00a0\u00a0\u00a0\u00a0\u00a0\u00a0\u00a0\u00a0\u00a0\u00a0\u00a0\u00a0\u00a0\u00a0\u00a0\u00a0\u00a0\u00a0\u00a0\u00a0\u00a0\u00a0\u00a0\u00a0\u00a0\u00a0\u00a0\u00a0\u00a0\u00a0\u00a0\u00a0\u00a0\u00a0\u00a0\u00a0\u00a0\u00a0\u00a0\u00a0\u00a0\u00a0\u00a0\u00a0\u00a0\u00a0\u00a0\u00a0\u00a0\u00a0\u00a0\u00a0\u00a0\u00a0\u00a0\u00a0\u00a0\u00a0\u00a0\u00a0\u00a0\u00a0\u00a0\u00a0\u00a0\u00a0\u00a0\u00a0\u00a0\u00a0\u00a0\u00a0\u00a0\u00a0\u00a0\u00a0\u00a0\u00a0\u00a0\u00a0\u00a0\u00a0\u00a0\u00a0\u00a0\u00a0\u00a0\u00a0\u00a0\u00a0\u00a0\u00a0\u00a0\u00a0\u00a0\u00a0\u00a0\u00a0\u00a0\u00a0\u00a0\u00a0\u00a0\u00a0\u00a0\u00a0\u00a0\u00a0\u00a0\u00a0\u00a0\u00a0\u00a0\u00a0\u00a0\u00a0\u00a0\u00a0\u00a0\u00a0\u00a0 \u00a0\u00a0\u00a0\u00a0\u00a0\u00a0\u00a0\u00a0\u00a0\u00a0\u00a0\u00a0\u00a0\u00a0\u00a0\u00a0\u00a0\u00a0\u00a0\u00a0\u00a0Creaci\u00f3n del Post processing (estado de resultados deflexiones, cortantes, momentos esfuerzos, pesos de acero y vol\u00famenes de concreto as\u00ed como di\u00e1metros en varillas\u00a0 en miembros, vigas y columnas y losas)<\/p>\n<p>Elementos que conforman una estructura (nodos, barras, placas)<\/p>\n<p>Manejo de Biblioteca Wizard<\/p>\n<p>Elementos mec\u00e1nicos momentos, cortantes, esfuerzos<\/p>\n<p>Cambiando unidades de longitud y fuerza de la entrada.<\/p>\n<p>Personalizado de propiedades de los miembros.<\/p>\n<p>Personalizado de constantes geom\u00e9tricas.<\/p>\n<p>Personalizado de constantes de los materiales manejo de los diferentes materiales y tipo de perfiles por biblioteca.<\/p>\n<p>Personalizado de soportes.<\/p>\n<p>Apoyos m\u00f3viles y fijos.<\/p>\n<p>Criterios para la elecci\u00f3n de tipo de an\u00e1lisis y dise\u00f1o estructural.<\/p>\n<p>Marcos de acero y de concreto, y la aplicaci\u00f3n de los diversos coeficientes para los m\u00e9todos del A.C.I y A.I.S.C. y NORMAS TECNICAS COMPLEMENTARIAS<\/p>\n<p>(NTC) ASI COMO CRITERIOS DE DISE\u00d1O DE COMISION FEDERAL DE ELECTRICIDAD Y PEMEX.<\/p>\n<p>Listado corto de casos de carga para ser usado en dise\u00f1o de concreto y Acero.<\/p>\n<p>Personalizado de cualquier tipo cargas.<\/p>\n<p>Generaci\u00f3n de las cargas gravitacionales, accidentales y su combinaci\u00f3n con factores de Carga, sismo y viento.<\/p>\n<p>Personalizado de comandos de dise\u00f1o.<\/p>\n<p>An\u00e1lisis del comando archivo de entrada.<\/p>\n<p>An\u00e1lisis del archivo de salida e interpretaci\u00f3n de resultados.<\/p>\n<p>Ejecuci\u00f3n del modelo Postprocessing\u00a0\u00a0\u00a0\u00a0\u00a0\u00a0\u00a0\u00a0\u00a0\u00a0\u00a0\u00a0\u00a0\u00a0\u00a0\u00a0\u00a0\u00a0\u00a0\u00a0\u00a0\u00a0\u00a0\u00a0\u00a0\u00a0\u00a0\u00a0\u00a0\u00a0\u00a0\u00a0\u00a0\u00a0\u00a0\u00a0\u00a0\u00a0\u00a0\u00a0\u00a0\u00a0\u00a0\u00a0\u00a0\u00a0\u00a0\u00a0\u00a0\u00a0\u00a0\u00a0\u00a0\u00a0\u00a0\u00a0\u00a0\u00a0\u00a0\u00a0\u00a0\u00a0\u00a0\u00a0\u00a0\u00a0\u00a0\u00a0\u00a0\u00a0\u00a0\u00a0\u00a0\u00a0\u00a0\u00a0\u00a0\u00a0\u00a0\u00a0\u00a0\u00a0\u00a0\u00a0\u00a0\u00a0\u00a0\u00a0\u00a0\u00a0\u00a0\u00a0\u00a0\u00a0\u00a0\u00a0\u00a0\u00a0\u00a0\u00a0\u00a0\u00a0\u00a0\u00a0\u00a0\u00a0\u00a0\u00a0\u00a0\u00a0\u00a0\u00a0\u00a0\u00a0\u00a0\u00a0\u00a0\u00a0\u00a0\u00a0\u00a0\u00a0\u00a0\u00a0\u00a0\u00a0\u00a0\u00a0\u00a0\u00a0\u00a0\u00a0\u00a0\u00a0\u00a0\u00a0\u00a0\u00a0\u00a0\u00a0\u00a0\u00a0\u00a0\u00a0\u00a0\u00a0\u00a0\u00a0\u00a0\u00a0\u00a0\u00a0 \u00a0\u00a0\u00a0\u00a0\u00a0\u00a0\u00a0\u00a0\u00a0\u00a0\u00a0\u00a0\u00a0\u00a0\u00a0\u00a0\u00a0\u00a0\u00a0\u00a0\u00a0\u00a0\u00a0\u00a0\u00a0\u00a0\u00a0\u00a0\u00a0\u00a0\u00a0\u00a0\u00a0\u00a0\u00a0\u00a0\u00a0\u00a0\u00a0\u00a0\u00a0\u00a0\u00a0\u00a0\u00a0\u00a0\u00a0\u00a0\u00a0\u00a0\u00a0\u00a0\u00a0\u00a0\u00a0\u00a0\u00a0\u00a0\u00a0\u00a0\u00a0\u00a0\u00a0\u00a0\u00a0\u00a0\u00a0\u00a0\u00a0\u00a0Diagramas de momentos, cortantes, deflexiones, esfuerzos y animaciones de estos.<\/p>\n<p>Visualizaci\u00f3n de los valores de momentos, deflexiones, cortante, esfuerzos etc.<\/p>\n<p>Cambiando los casos de carga para ver el diagrama de deflexi\u00f3n.<\/p>\n<p>Cambiando el tama\u00f1o del diagrama de deflexi\u00f3n.<\/p>\n<p>Anotando desplazamientos.<\/p>\n<p>Cambiando las unidades en las que los valores del desplazamiento son anotados.<\/p>\n<p>Selecci\u00f3n parcial de vigas, nodos, momentos, cortantes etc.<\/p>\n<p>Desplegando los diagramas de fuerza\/momento.<\/p>\n<p>Personalizaci\u00f3n y Cambio entre los casos de carga.<\/p>\n<p>Personalizaci\u00f3n y Cambio de Escala de diagramas de Momentos, cortantes y deflexiones.<\/p>\n<p>Personalizaci\u00f3n y Cambio del grado de libertad en diversos miembros.<\/p>\n<p>Cambiando las unidades en que los valores de fuerza\/momento son anotadas.<\/p>\n<p>Dise\u00f1o con las cargas m\u00e1s desfavorables.<\/p>\n<p>Creaci\u00f3n de grupos de miembros (losas, columnas, trabes, placas, pisos, etc).<\/p>\n<p>Estado de Resultados (vistas de Cortantes, Momentos, Esfuerzos, Deflexiones y la asignaci\u00f3n de valores)<\/p>\n<p>Viendo los diagramas de fuerza\/momento para viga\/pagina gr\u00e1fico.<\/p>\n<p>Restringiendo los casos de carga para los cuales se ver\u00e1n los resultados.<\/p>\n<p>Produciendo un reporte en pantalla con los datos de salida.<\/p>\n<p>Creando reportes personalizados.<\/p>\n<p>Usando el modo interactivo editor de entrada en STAAD PRO.<\/p>\n<p>Dise\u00f1ando una zapata basada en los resultados del STAAD PRO.<\/p>\n<p>Dise\u00f1ando una placa base basada en los resultados del STAAD PRO.<\/p>\n<p>Dise\u00f1ando una conexi\u00f3n basada en los resultados del STAAD PRO.<\/p>\n<p>Dise\u00f1o de Conexiones.<\/p>\n<p>Uso de la biblioteca Wizard.<\/p>\n<p>Exportaci\u00f3n e importaci\u00f3n de documentos.<\/p>\n<p>Dise\u00f1o de marcos.<\/p>\n<p>DISE\u00d1O DE NAVE INDUSTRIAL, Dise\u00f1ando su Geometr\u00eda, Modelado, Creaci\u00f3n de Grupos, materiales, secciones, Offset a los Miembros, apoyos, cargas primarias y combinaciones de cargas, viento, sismo, Postprocesing y a trav\u00e9s del Dise\u00f1o de Par\u00e1metros o coeficientes del AISC SE DISE\u00d1ARA (UNB,UNT,TRACK,FYLD) ESTADO DE RESULTADOS RATIO.<\/p>\n<p>DISE\u00d1O DE EDIFICIO DE 15 NIVELES CON MARCOS DE CONCRETO, Dise\u00f1ando su Geometr\u00eda, Modelado, Creaci\u00f3n de Grupos, materiales, secciones, apoyos, cargas dise\u00f1o de trabes columnas y elementos finitos.<\/p>\n<p>Primarias y combinaciones de cargas, viento, sismo, Postprocesing y a trav\u00e9s del Dise\u00f1o de Par\u00e1metros o coeficientes del c\u00f3digo ACI<\/p>\n<p>Se dise\u00f1ara (CLT, CLB, CLS,FC,FY MAIN Y TRAC) Propuesta de 25 combinaciones de carga (Viento, Sismo, Factores de carga) .<\/p>\n<p>Dise\u00f1o de una tridilosa.<\/p>\n<p>DISE\u00d1O DE TORRE DE INTERCOMUNICACION, Dise\u00f1ando su Geometr\u00eda, Modelado, Creaci\u00f3n de Grupos, materiales, secciones, apoyos, cargas primarias y<\/p>\n<p>Combinaciones de cargas, viento, sismo, Postprocesing y a trav\u00e9s del Dise\u00f1o de Par\u00e1metros o coeficientes del AISC SE DISE\u00d1ARA (UNB,UNT ,TRACK,FYLD)<\/p>\n<p>Cimentaciones superficiales.<\/p>\n<p>Dise\u00f1o de secciones compuestas de acero mediante la modificaci\u00f3n del \u00e1ngulo beta. (Canales, placas, IPR, etc.)<\/p>\n<p>Dise\u00f1o de secciones compuestas de acero mediante el uso de la herramienta Section Wizard<\/p>\n<p>Generaci\u00f3n de reporte de propiedades de la secci\u00f3n compuesta.<\/p>\n<p>Importaci\u00f3n de la secci\u00f3n compuesta a STAAD PRO V8i.<\/p>\n<p>Asignaci\u00f3n de secci\u00f3n compuesta a trabes y columnas.<\/p>\n<p>Calculo del Response Spectra.<\/p>\n<p>Aplicaci\u00f3n de factores s\u00edsmicos a estructuras en STAAD PRO V8i.<\/p>\n<p>Aplicaci\u00f3n de fuerzas nodales como fuerzas s\u00edsmicas.<\/p>\n<p>DURACION DEL CURSO 25 HORAS.<br \/>\nSI SE TOMA EN CLASES DE 2 HORAS DIARIAS DE LUNES A VIERNES EL CURSO TENDRA UNA DURACION DE 2 SEMANAS Y 3 DIAS.<br \/>\nSI SE TOMA EN CLASES DE 5 HORAS POR SEMANA (SABATINAS) EL CURSO TENDRA UNA DURACION TOTAL EN TIEMPO DE 1 MES Y 1 SEMANA.<\/p>\n<p>LOS HORARIOS QUE MANEJAMOS SON LOS SIGUIENTES DE 10.00 AM A 12.00 PM, 12.00PM A 2.00 PM, 4.00 PM A 6.00 PM, 6.00PM A 8.00PM DE LUNES A VIERNES Y SABATINOS DE 10.00AM A 3.00 PM Y DE 3.00 PM A 8.00 PM (INTENSIVO DE 5 HORAS)<br \/>\nLO MAS IMPORTANTE SOLO LLAMA Y ESE MISMO DIA PUEDES EMPEZAR A TOMAR TU CURSO O EL DIA QUE TU LO DESEES YA QUE EL CURSO ES TOTALMENTE PERSONALIZADO NO TIENES QUE ESPERAR A FORMAR GRUPOS O INICIO DE SEMANA.<\/td>\n<\/tr>\n<\/tbody>\n<\/table>\n<p>INGENIERIA DINAMICA Y TECNICA AMBIENTAL S.A DE C.V<\/p>\n<p>SIBERIA No.148 Col. ROMERO RUBIO Deleg. VENUSTIANO CARRANZA C.P. 15400 M\u00e9xico, D. F.<\/p>\n<p>(A 4 cuadras del metro Romero Rubio)<\/p>\n<p><strong>Tels.\u00a0 (55) 57-60-89-59\u00a0\u00a0\u00a0 (55) 47-56-75-55\u00a0<\/strong>\u00a0<b>\u00a0CEL. 55-37-43-57-57<\/b><\/p>\n<p><strong><a href=\"mailto:idtamexico@yahoo.com\">idtamexico@yahoo.com.mx<\/a>\u00a0\u00a0\u00a0\u00a0 <a href=\"mailto:leonardomendez2002@yahoo.com\">lmendezleon@idtamexico.com<\/a><\/strong>\u00a0\u00a0\u00a0\u00a0\u00a0\u00a0\u00a0\u00a0 <strong>www.idtamexico.com\u00a0\u00a0\u00a0<\/strong><\/p>\n<p><strong>ACEPTAMOS TARJETAS DE CREDITO<\/strong><\/p>\n","protected":false},"excerpt":{"rendered":"<p>STAAD PRO V8i CURSOS EN LINEA EN EL CURSO DE STAAD PRO REALIZAMOS ANALISIS ESTRUCTURAL PARA NAVES INDUSTRIALES, ANUNCIOS ESPECTACULARES, TORRES DE INTERCOMUNICACION, EDIFICACIONES EN GENERAL PARA ACERO Y CONCRETO.\u00a0\u00a0 ASI COMO ANALISIS DE PRECIOS UNITARIOS Y CATALOGO DE CONCEPTOS PARA DICHAS ESTRUCTURAS VISITANOS EN \u00a0www.idtamexico.com\u00a0\u00a0\u00a0\u00a0nuestros tel\u00e9fonos\u00a0son \u00a0 (01-55) 57-60-89-59 y (01-55) 47-56-75-55\u00a0 (01-55) 26-03-02-53\u00a0nextel &hellip; <\/p>\n<p class=\"link-more\"><a href=\"https:\/\/www.idtamexico.com\/idta\/ingenieria-y-arquitectura\/curso-de-staad-pro\/\" class=\"more-link\">Continuar leyendo<span class=\"screen-reader-text\"> &#8220;CURSO DE STAAD PRO V8 I Y STAAD PRO CONECT EDITION&#8221;<\/span><\/a><\/p>\n","protected":false},"author":1,"featured_media":0,"parent":8,"menu_order":0,"comment_status":"closed","ping_status":"closed","template":"","meta":{"footnotes":""},"class_list":["post-32","page","type-page","status-publish","hentry"],"_links":{"self":[{"href":"https:\/\/www.idtamexico.com\/idta\/wp-json\/wp\/v2\/pages\/32","targetHints":{"allow":["GET"]}}],"collection":[{"href":"https:\/\/www.idtamexico.com\/idta\/wp-json\/wp\/v2\/pages"}],"about":[{"href":"https:\/\/www.idtamexico.com\/idta\/wp-json\/wp\/v2\/types\/page"}],"author":[{"embeddable":true,"href":"https:\/\/www.idtamexico.com\/idta\/wp-json\/wp\/v2\/users\/1"}],"replies":[{"embeddable":true,"href":"https:\/\/www.idtamexico.com\/idta\/wp-json\/wp\/v2\/comments?post=32"}],"version-history":[{"count":3,"href":"https:\/\/www.idtamexico.com\/idta\/wp-json\/wp\/v2\/pages\/32\/revisions"}],"predecessor-version":[{"id":921,"href":"https:\/\/www.idtamexico.com\/idta\/wp-json\/wp\/v2\/pages\/32\/revisions\/921"}],"up":[{"embeddable":true,"href":"https:\/\/www.idtamexico.com\/idta\/wp-json\/wp\/v2\/pages\/8"}],"wp:attachment":[{"href":"https:\/\/www.idtamexico.com\/idta\/wp-json\/wp\/v2\/media?parent=32"}],"curies":[{"name":"wp","href":"https:\/\/api.w.org\/{rel}","templated":true}]}}