{"id":35,"date":"2017-03-01T20:51:58","date_gmt":"2017-03-02T02:51:58","guid":{"rendered":"http:\/\/www.idtamexico.com\/?page_id=35"},"modified":"2020-08-25T15:52:54","modified_gmt":"2020-08-25T21:52:54","slug":"curso-de-curso-de-microsoft-project-2016","status":"publish","type":"page","link":"https:\/\/www.idtamexico.com\/idta\/ingenieria-y-arquitectura\/curso-de-curso-de-microsoft-project-2016\/","title":{"rendered":"Curso de Microsoft Project"},"content":{"rendered":"<table width=\"90%\">\n<tbody>\n<tr>\n<td>\n<table width=\"100%\">\n<tbody>\n<tr>\n<td>\n<h2><img loading=\"lazy\" decoding=\"async\" class=\"aligncenter size-full wp-image-597\" src=\"http:\/\/www.idtamexico.com\/wp-content\/uploads\/2020\/06\/IDTA-GDE.jpg\" alt=\"\" width=\"1002\" height=\"460\" srcset=\"https:\/\/www.idtamexico.com\/idta\/wp-content\/uploads\/2020\/06\/IDTA-GDE.jpg 1002w, https:\/\/www.idtamexico.com\/idta\/wp-content\/uploads\/2020\/06\/IDTA-GDE-300x138.jpg 300w, https:\/\/www.idtamexico.com\/idta\/wp-content\/uploads\/2020\/06\/IDTA-GDE-768x353.jpg 768w\" sizes=\"auto, (max-width: 767px) 89vw, (max-width: 1000px) 54vw, (max-width: 1071px) 543px, 580px\" \/><\/h2>\n<h2><img loading=\"lazy\" decoding=\"async\" class=\"aligncenter size-full wp-image-715\" src=\"http:\/\/www.idtamexico.com\/wp-content\/uploads\/2017\/03\/MS-PROJECT.jpg\" alt=\"\" width=\"1280\" height=\"720\" srcset=\"https:\/\/www.idtamexico.com\/idta\/wp-content\/uploads\/2017\/03\/MS-PROJECT.jpg 1280w, https:\/\/www.idtamexico.com\/idta\/wp-content\/uploads\/2017\/03\/MS-PROJECT-300x169.jpg 300w, https:\/\/www.idtamexico.com\/idta\/wp-content\/uploads\/2017\/03\/MS-PROJECT-768x432.jpg 768w, https:\/\/www.idtamexico.com\/idta\/wp-content\/uploads\/2017\/03\/MS-PROJECT-1024x576.jpg 1024w\" sizes=\"auto, (max-width: 767px) 89vw, (max-width: 1000px) 54vw, (max-width: 1071px) 543px, 580px\" \/><\/h2>\n<h2 style=\"text-align: center;\"><strong>CURSO DE MICROSOFT PROJECT<\/strong><\/h2>\n<\/td>\n<td width=\"5%\"><\/td>\n<\/tr>\n<tr>\n<td colspan=\"2\"><\/td>\n<\/tr>\n<tr>\n<td style=\"text-align: center;\" colspan=\"2\">CURSO DE MICROSOFT PROJECT 2016<\/td>\n<\/tr>\n<tr>\n<td colspan=\"2\">TEL <a href=\"mailto:idtamexico@yahoo.com\">idtamexico@yahoo.com.mx<\/a>\u00a0\u00a0\u00a0 <a href=\"mailto:leonardomendez2002@yahoo.com\">lmendezleon@idtamexico.com<\/a>\u00a0\u00a0\u00a0 <strong>www.idtamexico.com<\/strong><\/td>\n<\/tr>\n<tr>\n<td colspan=\"2\">idtamexico@yahoo.com.mx tel.\u00a0\u00a0 (01-55) 57-60-89-59\u00a0\u00a0\u00a0 (01-55) 47-56-75-55\u00a0\u00a0 (01-55) 26-03-02-53<\/td>\n<\/tr>\n<tr>\n<td colspan=\"2\"><\/td>\n<\/tr>\n<tr>\n<td colspan=\"2\"><\/td>\n<\/tr>\n<\/tbody>\n<\/table>\n<\/td>\n<\/tr>\n<tr>\n<td colspan=\"2\"><b>INGENIER\u00cdA\u00a0DIN\u00c1MICA\u00a0Y T\u00c9CNICA\u00a0AMBIENTAL S.A DE C.V<\/b><\/p>\n<p><strong>VISITANOS EN \u00a0<\/strong><a href=\"http:\/\/www.idtamexico.com\/\"><strong>www.idtamexico.com<\/strong><\/a><b>\u00a0 \u00a0nuestros tel\u00e9fonos son el\u00a0 (55) 57-60-89-59\u00a0 y\u00a0\u00a0\u00a0 (55) 47-56-75-55\u00a0 (01-55) 26-03-02-53\u00a0 estamos ubicados en la calle de Siberia No. 148 col. Romero Rubio a 4 cuadras del metro romero rubio y a 20 minutos del aeropuerto de la CD. de M\u00e9xico.<\/b><\/p>\n<p><strong>PROGRAMA DE MICROSOFT PROJECT 2016<\/strong><\/p>\n<p>CAMBIAR CALENDARIO LABORAL<br \/>\nCOMO APLICAR UN CALENDARIO BASE AL PROYECTO (CALENDARIO STANDART, DE 24 HORAS Y NOCTURNO)<br \/>\nAGREGAR TAREAS RESUMEN (PROYECTO), SUBTAREAS (PARTIDAS), Y TAREAS (CONCEPTOS) \u00a0 \u00a0 \u00a0 \u00a0 \u00a0 \u00a0 \u00a0 \u00a0 \u00a0 \u00a0 \u00a0 \u00a0 \u00a0 \u00a0 \u00a0 \u00a0 \u00a0 \u00a0 \u00a0 \u00a0 \u00a0 \u00a0 \u00a0 \u00a0 \u00a0 \u00a0 \u00a0 \u00a0 \u00a0 \u00a0 \u00a0 \u00a0 \u00a0 \u00a0 \u00a0 \u00a0 \u00a0 \u00a0 \u00a0 \u00a0 \u00a0 \u00a0 \u00a0 \u00a0 \u00a0 \u00a0 \u00a0 \u00a0 \u00a0 \u00a0 \u00a0 \u00a0 \u00a0 \u00a0 \u00a0 \u00a0 \u00a0 \u00a0 \u00a0 \u00a0 \u00a0 \u00a0 \u00a0 \u00a0 \u00a0 \u00a0 \u00a0 \u00a0 \u00a0 \u00a0 \u00a0 \u00a0 \u00a0 \u00a0 \u00a0 INSERTAR UNA TAREA, ELIMINAR UNA TAREA, VINCULAR TAREAS, MODIFICAR EL FORMATO DE UN CUADRO DE TAREA MODIFICAR EL ESTILO DE LOS CUADROS DE TAREA \u00a0 \u00a0 \u00a0 \u00a0 \u00a0 \u00a0 \u00a0 \u00a0 \u00a0 \u00a0 \u00a0 \u00a0 \u00a0 \u00a0 \u00a0 \u00a0 \u00a0 \u00a0 \u00a0 \u00a0 \u00a0 \u00a0 \u00a0 \u00a0 \u00a0 \u00a0 \u00a0 \u00a0 \u00a0 \u00a0 \u00a0 \u00a0 \u00a0 \u00a0 \u00a0 \u00a0 \u00a0 \u00a0 \u00a0 \u00a0 \u00a0 \u00a0 \u00a0 \u00a0 \u00a0 \u00a0 \u00a0 \u00a0 \u00a0 \u00a0 \u00a0 \u00a0 \u00a0 \u00a0 \u00a0 \u00a0 \u00a0 \u00a0 \u00a0 \u00a0 \u00a0 \u00a0 \u00a0 \u00a0 \u00a0 \u00a0 \u00a0 \u00a0 \u00a0 \u00a0 \u00a0 \u00a0 \u00a0 \u00a0 \u00a0 \u00a0 \u00a0 \u00a0 \u00a0 \u00a0 \u00a0 \u00a0 AGREGAR UNA TAREA A LA ESCALA DE TIEMPO<br \/>\nEDT (ESTRUCTURA DE DESCOMPOSICI\u00d3N DEL TRABAJO) NUMERAR PRESUPUESTO.<br \/>\nASIGNAR UNA TAREA REPETITIVA.<br \/>\nDEFINIR LA DURACI\u00d3N DE LAS TAREAS.<br \/>\nDE LIMITACIONES FLEXIBLES, SEMI FLEXIBLES E INFLEXIBLES. \u00a0 \u00a0 \u00a0 \u00a0 \u00a0 \u00a0 \u00a0 \u00a0 \u00a0 \u00a0 \u00a0 \u00a0 \u00a0 \u00a0 \u00a0 \u00a0 \u00a0 \u00a0 \u00a0 \u00a0 \u00a0 \u00a0 \u00a0 \u00a0 \u00a0 \u00a0 \u00a0 GENERAR UNA TAREA REPETITIVA \u00a0 \u00a0 \u00a0 \u00a0 \u00a0 \u00a0 \u00a0 \u00a0 \u00a0 \u00a0 \u00a0 \u00a0 \u00a0 \u00a0 \u00a0 \u00a0 \u00a0 \u00a0 \u00a0 \u00a0 \u00a0 \u00a0 \u00a0 \u00a0 \u00a0 \u00a0 \u00a0 \u00a0 \u00a0 \u00a0 \u00a0 \u00a0 \u00a0 \u00a0 \u00a0 \u00a0 \u00a0 \u00a0 \u00a0 \u00a0 \u00a0 \u00a0 \u00a0 \u00a0 \u00a0 \u00a0 \u00a0 \u00a0 \u00a0 \u00a0 \u00a0 \u00a0 \u00a0 \u00a0 \u00a0 \u00a0 \u00a0 \u00a0 COMO DIVIDIR LA BARRA DE GANTT EN UNA TAREA<br \/>\nAN\u00c1LISIS DE PERT (PROGRAMA DE EVALUACI\u00d3N Y REVISI\u00d3N DE LA T\u00c9CNICA) COMIENZO Y FIN (TEMPRANO, TARD\u00cdO Y NORMAL)<br \/>\nESTABLECER DEPENDENCIA DE LAS TAREAS (VINCULAR TAREAS)<br \/>\nCREACI\u00d3N DE HITOS (TAREAS CON DURACI\u00d3N CERO O EVENTOS RELEVANTES DEL PROYECTO).<br \/>\nMODIFICACI\u00d3N DE BARRAS DE GANTT.<br \/>\nCONFIGURAR DE RECURSOS MATERIALES, TRABAJO Y COSTO. \u00a0 \u00a0 \u00a0 \u00a0 \u00a0 \u00a0 \u00a0 \u00a0 \u00a0 \u00a0 \u00a0 \u00a0 \u00a0 \u00a0 \u00a0 \u00a0 \u00a0 \u00a0 \u00a0 \u00a0 \u00a0 \u00a0 \u00a0 \u00a0 \u00a0 \u00a0 \u00a0 ESPECIFICAR LAS HORAS EXTRAORDINARIAS \u00a0 \u00a0 \u00a0 \u00a0 \u00a0 \u00a0 \u00a0 \u00a0 \u00a0 \u00a0 \u00a0 \u00a0 \u00a0 \u00a0 \u00a0 \u00a0 \u00a0 \u00a0 \u00a0 \u00a0 \u00a0 \u00a0 \u00a0 \u00a0 \u00a0 \u00a0 \u00a0 \u00a0 \u00a0 \u00a0 \u00a0 \u00a0 \u00a0 \u00a0 \u00a0 \u00a0 \u00a0 \u00a0 \u00a0 \u00a0 \u00a0 \u00a0 \u00a0 \u00a0 \u00a0 \u00a0 C\u00d3MO PERSONALIZAR EL HORARIO EN UN RECURSO DE TRABAJO. \u00a0 \u00a0 \u00a0 \u00a0 \u00a0 \u00a0 \u00a0 \u00a0 \u00a0 \u00a0 \u00a0 \u00a0 \u00a0 \u00a0 \u00a0 \u00a0 \u00a0 \u00a0 \u00a0 \u00a0 \u00a0 \u00a0 REDISTRIBUIR UN RECURSO, HOJA DE RECURSOS.<br \/>\nDISPONIBILIDAD DE RECURSOS. \u00a0 \u00a0 \u00a0 \u00a0 \u00a0 \u00a0 \u00a0 \u00a0 \u00a0 \u00a0 \u00a0 \u00a0 \u00a0 \u00a0 \u00a0 \u00a0 \u00a0 \u00a0 \u00a0 \u00a0 \u00a0 \u00a0 \u00a0 \u00a0 \u00a0 \u00a0 \u00a0 \u00a0 \u00a0 \u00a0 \u00a0 \u00a0 \u00a0 \u00a0 \u00a0 \u00a0 \u00a0 \u00a0 \u00a0 \u00a0 \u00a0 \u00a0 \u00a0 \u00a0 \u00a0 \u00a0 \u00a0 \u00a0 \u00a0 \u00a0 \u00a0 \u00a0 \u00a0 \u00a0 \u00a0 \u00a0 \u00a0 \u00a0 \u00a0 \u00a0 \u00a0 \u00a0 SOBRE ASIGNACI\u00d3N DE UN RECURSO Y COMO CORREGIRLA. \u00a0 \u00a0 \u00a0 \u00a0 \u00a0 \u00a0 \u00a0 \u00a0 \u00a0 \u00a0 \u00a0 \u00a0 \u00a0 \u00a0 \u00a0 \u00a0 \u00a0 \u00a0 \u00a0 \u00a0 \u00a0 \u00a0 \u00a0 \u00a0 \u00a0 \u00a0 \u00a0 \u00a0 \u00a0 USO DE RECURSOS GR\u00c1FICO DE RECURSOS<br \/>\nINSERCI\u00d3N DE COLUMNAS Y PERSONALIZACI\u00d3N DE ESTAS\u00a0 PARA DIVERSOS USOS DENTRO DE UNA VISTA.<br \/>\nDIVISI\u00d3N DE TAREAS.<br \/>\nPROGRAMA Y TAREAS CR\u00cdTICAS.<br \/>\nINSERCI\u00d3N DE MARGENES DE HOLGURAS. \u00a0 \u00a0 \u00a0 \u00a0 \u00a0 \u00a0 \u00a0 \u00a0 \u00a0 \u00a0 \u00a0 \u00a0 \u00a0 \u00a0 \u00a0 \u00a0 \u00a0 \u00a0 \u00a0 \u00a0 \u00a0 \u00a0 \u00a0 \u00a0 \u00a0 \u00a0 \u00a0 \u00a0 \u00a0 \u00a0 \u00a0 \u00a0 \u00a0 \u00a0 \u00a0 \u00a0 \u00a0 \u00a0 \u00a0 \u00a0 \u00a0 \u00a0 \u00a0 \u00a0 \u00a0 \u00a0 \u00a0 \u00a0 \u00a0 \u00a0 \u00a0ACTUALIZAR Y RE PROGRAMAR EL PROYECTO<br \/>\nCOMO ACTUALIZAR EL PORCENTAJE PROGRAMADO (% COMPLETADO) Y EL PORCENTAJE REAL. \u00a0 \u00a0 LINEA DE ESTADO O AVANCE PROGRAMADO.<br \/>\nCOMO REFLEJAR LA LINEA DE COMIENZO. \u00a0 \u00a0 \u00a0 \u00a0 \u00a0 \u00a0 \u00a0 \u00a0 \u00a0 \u00a0 \u00a0 \u00a0 \u00a0 \u00a0 \u00a0 \u00a0 \u00a0 \u00a0 \u00a0 \u00a0 \u00a0 \u00a0 \u00a0 \u00a0 \u00a0 \u00a0 \u00a0 \u00a0 \u00a0 \u00a0 \u00a0 \u00a0 \u00a0 \u00a0 \u00a0 \u00a0 \u00a0 \u00a0 \u00a0 \u00a0 \u00a0 \u00a0 \u00a0 \u00a0 \u00a0 \u00a0 \u00a0 \u00a0 \u00a0 \u00a0 COMO REFLEJAR LA LINEA DE FIN DEL PROYECTO. \u00a0 \u00a0 \u00a0 \u00a0 \u00a0 \u00a0 \u00a0 \u00a0 \u00a0 \u00a0 \u00a0 \u00a0 \u00a0 \u00a0 \u00a0 \u00a0 \u00a0 \u00a0 \u00a0 \u00a0 \u00a0 \u00a0 \u00a0 \u00a0 \u00a0 \u00a0 \u00a0 \u00a0 \u00a0 \u00a0 \u00a0 \u00a0 \u00a0 \u00a0 \u00a0 \u00a0 \u00a0 \u00a0 \u00a0 \u00a0 \u00a0 COMO REFLEJAR LA LINEA FECHA DE ESTADO. \u00a0 \u00a0 \u00a0 \u00a0 \u00a0 \u00a0 \u00a0 \u00a0 \u00a0 \u00a0 \u00a0 \u00a0 \u00a0 \u00a0 \u00a0 \u00a0 \u00a0 \u00a0 \u00a0 \u00a0 \u00a0 \u00a0 \u00a0 \u00a0 \u00a0 \u00a0 \u00a0 \u00a0 \u00a0 \u00a0 \u00a0 \u00a0 \u00a0 \u00a0 \u00a0 \u00a0 \u00a0 \u00a0 \u00a0 \u00a0 \u00a0 \u00a0 \u00a0 \u00a0 \u00a0 GANTT DE SEGUIMIENTO Y SU MANEJO.DIAGRAMA DE RED Y SU CONFIGURACI\u00d3N.<br \/>\nCOMPARAR Y GUARDAR FECHAS DENTRO DE UN MISMO PROYECTO.<br \/>\nCAMBIOS EN LA PROGRAMACI\u00d3N.<br \/>\nCOMPARAR VERSIONES DE UN PROYECTO. \u00a0 \u00a0 \u00a0 \u00a0 \u00a0 \u00a0 \u00a0 \u00a0 \u00a0 \u00a0 \u00a0 \u00a0 \u00a0 \u00a0 \u00a0 \u00a0 \u00a0 \u00a0 \u00a0 \u00a0 \u00a0 \u00a0 \u00a0 \u00a0 \u00a0 \u00a0 \u00a0 \u00a0 \u00a0 \u00a0 \u00a0 \u00a0 \u00a0 \u00a0 \u00a0 \u00a0 \u00a0 \u00a0 \u00a0 \u00a0 \u00a0 \u00a0 \u00a0 \u00a0 \u00a0 \u00a0 \u00a0 \u00a0 \u00a0 INSERTAR UN SUB PROYECTO CON VARIOS ARCHIVOS A LA VEZ Y LA MODIFICACI\u00d3N A ESTOS.<br \/>\nESTABLECER Y BORRAR UNA LINEA BASE. \u00a0 \u00a0 \u00a0 \u00a0 \u00a0 \u00a0 \u00a0 \u00a0 \u00a0 \u00a0 \u00a0 \u00a0 \u00a0 \u00a0 \u00a0 \u00a0 \u00a0 \u00a0 \u00a0 \u00a0 \u00a0 \u00a0 \u00a0 \u00a0 \u00a0 \u00a0 \u00a0 \u00a0 \u00a0 \u00a0 \u00a0 \u00a0 \u00a0 \u00a0 \u00a0 \u00a0 \u00a0 \u00a0 \u00a0 \u00a0 \u00a0 \u00a0 \u00a0 \u00a0 \u00a0 \u00a0 \u00a0 \u00a0 \u00a0 \u00a0 MOSTRAR UNA L\u00cdNEA DE PROGRESO. \u00a0 \u00a0 \u00a0 \u00a0 \u00a0 \u00a0 \u00a0 \u00a0 \u00a0 \u00a0 \u00a0 \u00a0 \u00a0 \u00a0 \u00a0 \u00a0 \u00a0 \u00a0 \u00a0 \u00a0 \u00a0 \u00a0 \u00a0 \u00a0 \u00a0 \u00a0 \u00a0 \u00a0 \u00a0 \u00a0 \u00a0 \u00a0 \u00a0 \u00a0 \u00a0 \u00a0 \u00a0 \u00a0 \u00a0 \u00a0 \u00a0 \u00a0 \u00a0 \u00a0 \u00a0 \u00a0 \u00a0 \u00a0 \u00a0 \u00a0 \u00a0 \u00a0 \u00a0 \u00a0 \u00a0 MODIFICAR EL FORMATO DE UNA L\u00cdNEA DE PROGRESO. \u00a0 \u00a0 \u00a0 \u00a0 \u00a0 \u00a0 \u00a0 \u00a0 \u00a0 \u00a0 \u00a0 \u00a0 \u00a0 \u00a0 \u00a0 \u00a0 \u00a0 \u00a0 \u00a0 \u00a0 \u00a0 \u00a0 \u00a0 \u00a0 \u00a0 \u00a0 \u00a0 \u00a0 \u00a0 \u00a0 \u00a0 \u00a0 \u00a0 \u00a0 \u00a0 OCULTAR UNA L\u00cdNEA DE PROGRESO. \u00a0 \u00a0 \u00a0 \u00a0 \u00a0 \u00a0 \u00a0 \u00a0 \u00a0 \u00a0 \u00a0 \u00a0 \u00a0 \u00a0 \u00a0 \u00a0 \u00a0 \u00a0 \u00a0 \u00a0 \u00a0 \u00a0 \u00a0 \u00a0 \u00a0 \u00a0 \u00a0 \u00a0 \u00a0 \u00a0 \u00a0 \u00a0 \u00a0 \u00a0 \u00a0 \u00a0 \u00a0 \u00a0 \u00a0 \u00a0 \u00a0 \u00a0 \u00a0 \u00a0 \u00a0 \u00a0 \u00a0 \u00a0 \u00a0 \u00a0 \u00a0 \u00a0 \u00a0 \u00a0 \u00a0 \u00a0 BORRAR UNA L\u00cdNEA DE PROGRESO.<br \/>\nACTUALIZACI\u00d3N\u00a0 DEL PROGRESO (FECHA DE ESTADO) DE LAS TAREAS. \u00a0 \u00a0 \u00a0 \u00a0 \u00a0 \u00a0 \u00a0 \u00a0 \u00a0 \u00a0 \u00a0 \u00a0 \u00a0 \u00a0 \u00a0 \u00a0 \u00a0 \u00a0 GANTT DE SEGUIMIENTO. \u00a0 \u00a0 \u00a0 \u00a0 \u00a0 \u00a0 \u00a0 \u00a0 \u00a0 \u00a0 \u00a0 \u00a0 \u00a0 \u00a0 \u00a0 \u00a0 \u00a0 \u00a0 \u00a0 \u00a0 \u00a0 \u00a0 \u00a0 \u00a0 \u00a0 \u00a0 \u00a0 \u00a0 \u00a0 \u00a0 \u00a0 \u00a0 \u00a0 \u00a0 \u00a0 \u00a0 \u00a0 \u00a0 \u00a0 \u00a0 \u00a0 \u00a0 \u00a0 \u00a0 \u00a0 \u00a0 \u00a0 \u00a0 \u00a0 \u00a0 \u00a0 \u00a0 \u00a0 \u00a0 \u00a0 \u00a0 \u00a0 \u00a0 \u00a0 \u00a0 \u00a0 \u00a0 \u00a0 \u00a0 \u00a0 FILTROS<br \/>\nINTRODUCIR UNA DURACI\u00d3N REAL.<br \/>\nINTRODUCIR EL TRABAJO REAL Y EL TRABAJO RESTANTE COMPLETADO.<br \/>\nPLANEACION DE LOS COSTOS DE LOS RECURSOS Y LAS TAREAS. \u00a0 \u00a0 \u00a0 \u00a0 \u00a0 \u00a0 \u00a0 \u00a0 \u00a0 \u00a0 \u00a0 \u00a0 \u00a0 \u00a0 \u00a0 \u00a0 \u00a0 \u00a0 \u00a0 \u00a0 \u00a0 \u00a0 \u00a0 \u00a0 \u00a0SUPERVISION DEL PROYECTO, FILTROS DE PROYECTO. \u00a0 \u00a0 \u00a0 \u00a0 \u00a0 \u00a0 \u00a0 \u00a0 \u00a0 \u00a0 \u00a0 \u00a0 \u00a0 \u00a0 \u00a0 \u00a0 \u00a0 \u00a0 \u00a0 \u00a0 \u00a0 \u00a0 \u00a0 \u00a0 \u00a0 \u00a0 \u00a0 \u00a0 \u00a0 \u00a0 \u00a0 \u00a0 \u00a0 \u00a0 \u00a0 \u00a0 ESTAD\u00cdSTICAS DEL PROYECTO. \u00a0 \u00a0 \u00a0 \u00a0 \u00a0 \u00a0 \u00a0 \u00a0 \u00a0 \u00a0 \u00a0 \u00a0 \u00a0 \u00a0 \u00a0 \u00a0 \u00a0 \u00a0 \u00a0 \u00a0 \u00a0 \u00a0 \u00a0 \u00a0 \u00a0 \u00a0 \u00a0 \u00a0 \u00a0 \u00a0 \u00a0 \u00a0 \u00a0 \u00a0 \u00a0 \u00a0 \u00a0 \u00a0 \u00a0 \u00a0 \u00a0 \u00a0 \u00a0 \u00a0 \u00a0 \u00a0 \u00a0 \u00a0 \u00a0 \u00a0 \u00a0 \u00a0 \u00a0 \u00a0 \u00a0 \u00a0 \u00a0 \u00a0 TABLAS (COSTO, ENTRADA, PROGRAMACI\u00d3N, RESUMEN SEGUIMIENTO, TRABAJO, USO, VARIACI\u00d3N).<br \/>\nLINEAS DE PROGRESO, EXPORTAR PROYECTO DE NEODATA 2009 Y 2016 A MICROSOFT PROJECT 2016. \u00a0 \u00a0 \u00a0 \u00a0 \u00a0 \u00a0 \u00a0 \u00a0 \u00a0 \u00a0 \u00a0 \u00a0 \u00a0 \u00a0 \u00a0 \u00a0 \u00a0 \u00a0 \u00a0 \u00a0 \u00a0 \u00a0 \u00a0 \u00a0 \u00a0 \u00a0 \u00a0 \u00a0 \u00a0 \u00a0 \u00a0 \u00a0 \u00a0 \u00a0 \u00a0 \u00a0 \u00a0 \u00a0 \u00a0 \u00a0 \u00a0 \u00a0 \u00a0 \u00a0 \u00a0 \u00a0 \u00a0 \u00a0 \u00a0 \u00a0 \u00a0 \u00a0 \u00a0 \u00a0 \u00a0 \u00a0 \u00a0 \u00a0 \u00a0 \u00a0 \u00a0 \u00a0 \u00a0 \u00a0 \u00a0 \u00a0 EXPORTAR MS PROJECT A EXCEL. \u00a0 \u00a0 \u00a0 \u00a0 \u00a0 \u00a0 \u00a0 \u00a0 \u00a0 \u00a0 \u00a0 \u00a0 \u00a0 \u00a0 \u00a0 \u00a0 \u00a0 \u00a0 \u00a0 \u00a0 \u00a0 \u00a0 \u00a0 \u00a0 \u00a0 \u00a0 \u00a0 \u00a0 \u00a0 \u00a0 \u00a0 \u00a0 \u00a0 \u00a0 \u00a0 \u00a0 \u00a0 \u00a0 \u00a0 \u00a0 \u00a0 \u00a0 \u00a0 \u00a0 \u00a0 \u00a0 ASIGNACI\u00d3N DE COSTOS A LOS RECURSOS, APLICAR UNA TABLA DE COSTO, ASIGNACI\u00d3N DE COSTOS A LAS TAREAS. MODIFICAR EL FORMATO DE MONEDA. \u00a0 \u00a0 \u00a0 \u00a0 \u00a0 \u00a0 \u00a0 \u00a0 AN\u00c1LISIS DEL VALOR GANADO. \u00a0 \u00a0 \u00a0 \u00a0 \u00a0 \u00a0 \u00a0 \u00a0 \u00a0 \u00a0 \u00a0 \u00a0 \u00a0 \u00a0 \u00a0 \u00a0 \u00a0 \u00a0 \u00a0 \u00a0 \u00a0 \u00a0 \u00a0 \u00a0 \u00a0 \u00a0 \u00a0 \u00a0 \u00a0 \u00a0 \u00a0 \u00a0 \u00a0 \u00a0 \u00a0 \u00a0 \u00a0 \u00a0 \u00a0 \u00a0 \u00a0 \u00a0 \u00a0 \u00a0 \u00a0 \u00a0 \u00a0 \u00a0 \u00a0 \u00a0 \u00a0 \u00a0M\u00c9TODOS DE C\u00c1LCULO DEL VALOR GANADO.<br \/>\nGRAFICAS DE CURVA &#8220;S&#8221;.<br \/>\nVISTAS DE MICROSOFT PROJECT.<br \/>\nINFORMES \u00a0 \u00a0 \u00a0 \u00a0 \u00a0 \u00a0 \u00a0 \u00a0 \u00a0 \u00a0 \u00a0 \u00a0 \u00a0 \u00a0 \u00a0 \u00a0 \u00a0 \u00a0 \u00a0 \u00a0 \u00a0 \u00a0 \u00a0 \u00a0 \u00a0 \u00a0 \u00a0 \u00a0 \u00a0 \u00a0 \u00a0 \u00a0 \u00a0 \u00a0 \u00a0 \u00a0 \u00a0 \u00a0 \u00a0 \u00a0 \u00a0 \u00a0 \u00a0 \u00a0 \u00a0 \u00a0 \u00a0 \u00a0 \u00a0 \u00a0 \u00a0 \u00a0 \u00a0 \u00a0 \u00a0 \u00a0 \u00a0 \u00a0 \u00a0 \u00a0 \u00a0 \u00a0 \u00a0 \u00a0 \u00a0 \u00a0 \u00a0 \u00a0 \u00a0 \u00a0 \u00a0 \u00a0 \u00a0 \u00a0 \u00a0 \u00a0 \u00a0 \u00a0 \u00a0 \u00a0 \u00a0 \u00a0 \u00a0 \u00a0 \u00a0 \u00a0 IMPRIMIR UN INFORME, \u00a0 \u00a0 \u00a0 \u00a0 \u00a0 \u00a0 \u00a0 \u00a0 \u00a0 \u00a0 \u00a0 \u00a0 \u00a0 \u00a0 \u00a0 \u00a0 \u00a0 \u00a0 \u00a0 \u00a0 \u00a0 \u00a0 \u00a0 \u00a0 \u00a0 \u00a0 \u00a0 \u00a0 \u00a0 \u00a0 \u00a0 \u00a0 \u00a0 \u00a0 \u00a0 \u00a0 \u00a0 \u00a0 \u00a0 \u00a0 \u00a0 \u00a0 \u00a0 \u00a0 \u00a0 \u00a0 \u00a0 \u00a0 \u00a0 \u00a0 \u00a0 \u00a0 \u00a0 \u00a0 \u00a0 \u00a0 \u00a0 \u00a0 \u00a0 \u00a0 \u00a0 \u00a0 \u00a0 \u00a0 \u00a0 \u00a0 \u00a0 \u00a0 CREAR UN INFORME PERSONALIZADO.\u00a0\u00a0\u00a0\u00a0\u00a0\u00a0\u00a0\u00a0\u00a0\u00a0\u00a0\u00a0\u00a0\u00a0\u00a0\u00a0\u00a0\u00a0\u00a0\u00a0\u00a0\u00a0\u00a0\u00a0\u00a0\u00a0\u00a0\u00a0\u00a0\u00a0\u00a0\u00a0\u00a0\u00a0\u00a0\u00a0\u00a0\u00a0\u00a0\u00a0\u00a0\u00a0\u00a0\u00a0\u00a0\u00a0\u00a0\u00a0\u00a0\u00a0\u00a0\u00a0\u00a0\u00a0\u00a0\u00a0\u00a0\u00a0\u00a0\u00a0\u00a0\u00a0\u00a0\u00a0\u00a0\u00a0\u00a0\u00a0\u00a0\u00a0\u00a0\u00a0\u00a0\u00a0\u00a0\u00a0\u00a0\u00a0\u00a0\u00a0\u00a0\u00a0\u00a0\u00a0\u00a0\u00a0\u00a0\u00a0\u00a0\u00a0\u00a0\u00a0\u00a0\u00a0\u00a0\u00a0\u00a0\u00a0\u00a0\u00a0\u00a0\u00a0\u00a0\u00a0\u00a0\u00a0\u00a0\u00a0\u00a0\u00a0\u00a0\u00a0\u00a0\u00a0\u00a0\u00a0\u00a0\u00a0\u00a0\u00a0\u00a0\u00a0\u00a0\u00a0\u00a0\u00a0\u00a0\u00a0\u00a0\u00a0\u00a0\u00a0\u00a0\u00a0\u00a0\u00a0\u00a0\u00a0\u00a0\u00a0\u00a0\u00a0\u00a0\u00a0\u00a0\u00a0\u00a0\u00a0\u00a0\u00a0\u00a0\u00a0\u00a0\u00a0\u00a0\u00a0 MODIFICAR EL TEXTO DE UN INFORME. \u00a0 \u00a0 \u00a0 \u00a0 \u00a0 \u00a0 \u00a0 \u00a0 \u00a0 \u00a0 \u00a0 \u00a0 \u00a0 \u00a0 \u00a0 \u00a0 \u00a0 \u00a0 \u00a0 \u00a0 \u00a0 \u00a0 \u00a0 \u00a0 \u00a0 \u00a0 \u00a0 \u00a0 \u00a0 \u00a0 \u00a0 \u00a0 \u00a0 \u00a0 \u00a0 \u00a0 \u00a0 \u00a0 \u00a0 \u00a0 \u00a0 \u00a0 \u00a0 \u00a0 \u00a0 \u00a0 \u00a0 \u00a0 \u00a0 \u00a0 \u00a0 \u00a0 \u00a0 \u00a0 CONFIGURAR LA P\u00c1GINA PARA IMPRIMIR CONFIGURAR LOS M\u00c1RGENES DE LA P\u00c1GINA CONFIGURAR EL ENCABEZADO Y PIE DE P\u00c1GINA CONFIGURAR LA LEYENDA DE LA P\u00c1GINA.<\/p>\n<p><strong>EL PRECIO DEL CURSO DE PROJECT MICROSOFT OFFICE ES DE $ 2500 DOS MIL\u00a0 QUINIENTOS PESOS 00\/100 M.N.<\/strong><strong>\u00a0<\/strong><strong> SI DESEA FACTURA SERA M\u00c1S EL 15 % DEL IVA.<\/strong><\/td>\n<\/tr>\n<\/tbody>\n<\/table>\n<p><strong><u>DURACION DEL CURSO 25 HORAS.<\/u><\/strong><strong><u>\u00a0 SI SE TOMA EN CLASES DE 2 HORAS DIARIAS DE LUNES A VIERNES EL CURSO TENDRA UNA DURACION DE 2 SEMANAS Y 3 DIAS.<br \/>\nSI SE TOMA EN CLASES DE 5 HORAS POR SEMANA (SABATINOS) EL CURSO TENDRA UNA DURACION TOTAL EN TIEMPO DE 1 MES Y 1 SEMANA.<\/u><\/strong><\/p>\n<p style=\"text-align: justify;\"><strong>Los horarios que manejamos son los siguientes de 10.00 am a 12.00 pm, 12.00pm a 2.00 pm, 4.00 pm a 6.00 pm, 6.00pm a 8.00pm de lunes a viernes y sabatinos de 10.00am a 3.00 pm y de 3.00 pm a 8.00 pm (intensivo de 5 horas)<br \/>\nlo m\u00e1s importante solo llama y ese mismo d\u00eda puedes empezar a tomar tu curso o el d\u00eda que t\u00fa lo desees ya que el curso es totalmente personalizado no tienes que esperar a formar grupos o inicio de semana.<\/strong><\/p>\n<p style=\"text-align: justify;\"><strong>SI desea que el curso sea impartido en las instalaciones de su empresa o a domicilio ser\u00e1 necesario liquidar el 100% del pago del curso al iniciar este, haciendo previo dep\u00f3sito bancario ya que no se aceptan pagos en cheque o efectivo. La duraci\u00f3n del curso a domicilio tiene una duraci\u00f3n de 3 d\u00edas a raz\u00f3n de 5 horas por d\u00eda<\/strong><strong>\u00a0<\/strong><strong>\u00a0(15 HORAS)\u00a0<\/strong><strong>\u00a0<\/strong><strong>Y EN NUESTRA INSTALACIONES DE 25 HORAS YA QUE SE REPITEN ALGUNOS ejercicios y a domicilio no se realiza esto. EL TEMARIO EN AMBOS CASOS SE CUBRE AL 100%<\/strong><\/p>\n<p>&nbsp;<\/p>\n<p>INGENIERIA DINAMICA Y TECNICA AMBIENTAL S.A DE C.V<\/p>\n<p>SIBERIA No.148 Col. ROMERO RUBIO Deleg. VENUSTIANO CARRANZA C.P. 15400<\/p>\n<p>(A 4 cuadras del metro Romero Rubio)<\/p>\n<p><strong>Tel. y fax (01-55) 57-60-89-59\u00a0\u00a0\u00a0 (01-55) 47-56-75-55\u00a0<\/strong>\u00a0\u00a0 <strong>(01-55) 26-03-02-53<\/strong><\/p>\n<p><a href=\"mailto:idtamexico@yahoo.com\"><strong>idtamexico@yahoo.com.mx<\/strong><\/a>\u00a0\u00a0\u00a0\u00a0 <a href=\"mailto:leonardomendez2002@yahoo.com\"><strong>lmendezleon@idtamexico.com<\/strong><\/a>\u00a0\u00a0\u00a0\u00a0 <strong>www.idtamexico.com<\/strong><\/p>\n<p><strong>ACEPTAMOS TARJETAS DE CREDITO<\/strong><\/p>\n","protected":false},"excerpt":{"rendered":"<p>CURSO DE MICROSOFT PROJECT CURSO DE MICROSOFT PROJECT 2016 TEL idtamexico@yahoo.com.mx\u00a0\u00a0\u00a0 lmendezleon@idtamexico.com\u00a0\u00a0\u00a0 www.idtamexico.com idtamexico@yahoo.com.mx tel.\u00a0\u00a0 (01-55) 57-60-89-59\u00a0\u00a0\u00a0 (01-55) 47-56-75-55\u00a0\u00a0 (01-55) 26-03-02-53 INGENIER\u00cdA\u00a0DIN\u00c1MICA\u00a0Y T\u00c9CNICA\u00a0AMBIENTAL S.A DE C.V VISITANOS EN \u00a0www.idtamexico.com\u00a0 \u00a0nuestros tel\u00e9fonos son el\u00a0 (55) 57-60-89-59\u00a0 y\u00a0\u00a0\u00a0 (55) 47-56-75-55\u00a0 (01-55) 26-03-02-53\u00a0 estamos ubicados en la calle de Siberia No. 148 col. Romero Rubio a 4 cuadras &hellip; <\/p>\n<p class=\"link-more\"><a href=\"https:\/\/www.idtamexico.com\/idta\/ingenieria-y-arquitectura\/curso-de-curso-de-microsoft-project-2016\/\" class=\"more-link\">Continuar leyendo<span class=\"screen-reader-text\"> &#8220;Curso de Microsoft Project&#8221;<\/span><\/a><\/p>\n","protected":false},"author":1,"featured_media":0,"parent":8,"menu_order":0,"comment_status":"closed","ping_status":"closed","template":"","meta":{"footnotes":""},"class_list":["post-35","page","type-page","status-publish","hentry"],"_links":{"self":[{"href":"https:\/\/www.idtamexico.com\/idta\/wp-json\/wp\/v2\/pages\/35","targetHints":{"allow":["GET"]}}],"collection":[{"href":"https:\/\/www.idtamexico.com\/idta\/wp-json\/wp\/v2\/pages"}],"about":[{"href":"https:\/\/www.idtamexico.com\/idta\/wp-json\/wp\/v2\/types\/page"}],"author":[{"embeddable":true,"href":"https:\/\/www.idtamexico.com\/idta\/wp-json\/wp\/v2\/users\/1"}],"replies":[{"embeddable":true,"href":"https:\/\/www.idtamexico.com\/idta\/wp-json\/wp\/v2\/comments?post=35"}],"version-history":[{"count":8,"href":"https:\/\/www.idtamexico.com\/idta\/wp-json\/wp\/v2\/pages\/35\/revisions"}],"predecessor-version":[{"id":716,"href":"https:\/\/www.idtamexico.com\/idta\/wp-json\/wp\/v2\/pages\/35\/revisions\/716"}],"up":[{"embeddable":true,"href":"https:\/\/www.idtamexico.com\/idta\/wp-json\/wp\/v2\/pages\/8"}],"wp:attachment":[{"href":"https:\/\/www.idtamexico.com\/idta\/wp-json\/wp\/v2\/media?parent=35"}],"curies":[{"name":"wp","href":"https:\/\/api.w.org\/{rel}","templated":true}]}}