{"id":49,"date":"2017-03-03T21:30:07","date_gmt":"2017-03-04T03:30:07","guid":{"rendered":"http:\/\/www.idtamexico.com\/?page_id=49"},"modified":"2024-06-25T16:31:58","modified_gmt":"2024-06-25T22:31:58","slug":"staad-pro-v8i","status":"publish","type":"page","link":"https:\/\/www.idtamexico.com\/idta\/staad-pro-v8i\/","title":{"rendered":"Curso de Staad Pro V8I  y Staad pro Conect Edition."},"content":{"rendered":"<p>&nbsp;<\/p>\n<h2 style=\"text-align: center;\"><span style=\"color: #ff0000;\"><strong>CURSO DE STAAD PRO\u00a0<\/strong><\/span><\/h2>\n<p style=\"text-align: center;\"><img loading=\"lazy\" decoding=\"async\" class=\"alignnone wp-image-597 size-full\" src=\"http:\/\/www.idtamexico.com\/wp-content\/uploads\/2020\/06\/IDTA-GDE.jpg\" alt=\"\" width=\"1002\" height=\"460\" srcset=\"https:\/\/www.idtamexico.com\/idta\/wp-content\/uploads\/2020\/06\/IDTA-GDE.jpg 1002w, https:\/\/www.idtamexico.com\/idta\/wp-content\/uploads\/2020\/06\/IDTA-GDE-300x138.jpg 300w, https:\/\/www.idtamexico.com\/idta\/wp-content\/uploads\/2020\/06\/IDTA-GDE-768x353.jpg 768w\" sizes=\"auto, (max-width: 767px) 89vw, (max-width: 1000px) 54vw, (max-width: 1071px) 543px, 580px\" \/><\/p>\n<p><img loading=\"lazy\" decoding=\"async\" class=\"aligncenter size-full wp-image-718\" src=\"http:\/\/www.idtamexico.com\/wp-content\/uploads\/2017\/03\/STAAD-PRO.jpg\" alt=\"\" width=\"819\" height=\"460\" srcset=\"https:\/\/www.idtamexico.com\/idta\/wp-content\/uploads\/2017\/03\/STAAD-PRO.jpg 819w, https:\/\/www.idtamexico.com\/idta\/wp-content\/uploads\/2017\/03\/STAAD-PRO-300x168.jpg 300w, https:\/\/www.idtamexico.com\/idta\/wp-content\/uploads\/2017\/03\/STAAD-PRO-768x431.jpg 768w\" sizes=\"auto, (max-width: 767px) 89vw, (max-width: 1000px) 54vw, (max-width: 1071px) 543px, 580px\" \/><\/p>\n<p style=\"text-align: center;\">www.idtamexico.com\u00a0 \u00a0 \u00a0 \u00a0 Email\u00a0 lmendezleon@idtamexico.com<\/p>\n<h4 style=\"text-align: center;\"><span style=\"color: #3366ff;\"><strong>CURSOS EN LINEA Y PRESENCIALES DE STAAD PRO<\/strong><\/span><br \/>\n<span style=\"color: #ff0000;\"><strong> REALIZAMOS CONSTANCIAS DE SEGURIDAD ESTRUCTURAL Y DICTAMENES DE SEGURIDAD ESTRUCTURAL <\/strong><\/span><\/h4>\n<h4 style=\"text-align: justify;\"><strong><span style=\"color: #3366ff;\">AN\u00c1LISIS\u00a0ESTRUCTURAL EN STAAD PRO PARA NAVES INDUSTRIALES, ANUNCIOS ESPECTACULARES, TORRES DE INTERCOMUNICACI\u00d3N, EDIFICACIONES EN GENERAL PARA ACERO Y CONCRETO. AS\u00cd\u00a0COMO AN\u00c1LISIS\u00a0DE PRECIOS UNITARIOS Y CATALOGO DE CONCEPTOS PARA DICHAS ESTRUCTURAS.\u00a0 \u00a0 \u00a0 \u00a0 \u00a0 \u00a0 \u00a0 \u00a0 \u00a0 \u00a0 \u00a0 \u00a0 \u00a0 \u00a0 \u00a0 \u00a0 \u00a0 \u00a0 \u00a0 \u00a0 \u00a0 \u00a0 \u00a0 \u00a0 \u00a0 \u00a0 \u00a0 \u00a0 \u00a0 \u00a0 \u00a0 \u00a0 \u00a0 \u00a0 \u00a0 \u00a0 \u00a0 \u00a0 \u00a0 \u00a0 \u00a0 \u00a0<\/span><\/strong><span style=\"color: #993366;\"><span style=\"color: #993366;\">VISITANOS\u00a0en\u00a0 www.idtamexico.com\u00a0nuestros tel\u00e9fonos son (55) 57-60-89-59 y (55) 47-56-75-55 CEL. 55-37-43-57-57 Estamos ubicados en la calle de Siberia No. 148 col. Romero Rubio Alcald\u00eda\u00a0Venustiano Carranza C.P 15400\u00a0CDMX. a 4 cuadras del metro romero rubio y a 20 minutos del Aeropuerto de la\u00a0<\/span><\/span><span style=\"color: #993366;\">CDMX<\/span><\/h4>\n<h5 style=\"text-align: justify;\"><strong>SOLO LLAMA Y ESE MISMO D\u00cdA PODR\u00c1S TOMAR TU CURSO DE STAAD PRO NO ES NECESARIO QUE SE FORMEN GRUPOS O FECHAS DEMASIADO LARGAS, NO REQUIERES TRAER TU EQUIPO DE COMPUTO SE TE FACILITA UNO AL INICIAR EL CURSO, SI NO TIENES TIEMPO PODEMOS DARTE EL CURSO EN LINEA, EL PERSONAL QUE TE IMPARTE EL CURSO CUENTA CON UNA AMPLIA EXPERIENCIA EN EL MANEJO DEL PAQUETE Y DE AN\u00c1LISIS ESTRUCTURAL EN IDTA SE CUENTA CON 25 A\u00d1OS DE EXPERIENCIA QUE TE AVALAN.<\/strong><\/h5>\n<h6 style=\"text-align: justify;\">El Temario del curso de Staad Pro que imparte\u00a0 INGENIER\u00cdA DIN\u00c1MICA Y T\u00c9CNICA AMBIENTAL S. A DE C.V Relativo al SOFTWARE STAAD PRO, incluye las ULTIMAS ACTUALIZACIONES DE LAS NORMAS T\u00c9CNICAS COMPLEMENTARIAS 2023 REFERIDAS A el c\u00e1lculo de un EDIFICIO DE 6 NIVELES ESTRUCTURADO CON MARCOS DE CONCRETO Y LOSAS MACIZAS DE CONCRETO, NAVE INDUSTRIAL CON CUBIERTA CURVA Y MARCOS DE ACERO, ESTACIONAMIENTO CON CLAROS LIBRES DE 13 METROS ESTRUCTURADO A BASE DE MARCOS DE ACERO Y LOSA ACERO , TORRE DE INTERCOMUNICACI\u00d3N DE 30 METROS DE ALTURA Y CUBIERTA ESTRUCTURADA CON TRIDILOSA. Y DESARROLLADOS EN STAAD PRO<\/h6>\n<h6 style=\"text-align: justify;\"><img loading=\"lazy\" decoding=\"async\" class=\"aligncenter wp-image-702 size-full\" src=\"http:\/\/www.idtamexico.com\/wp-content\/uploads\/2017\/03\/NAVE-CURVA-STD.jpg\" alt=\"\" width=\"1203\" height=\"737\" srcset=\"https:\/\/www.idtamexico.com\/idta\/wp-content\/uploads\/2017\/03\/NAVE-CURVA-STD.jpg 1203w, https:\/\/www.idtamexico.com\/idta\/wp-content\/uploads\/2017\/03\/NAVE-CURVA-STD-300x184.jpg 300w, https:\/\/www.idtamexico.com\/idta\/wp-content\/uploads\/2017\/03\/NAVE-CURVA-STD-768x471.jpg 768w, https:\/\/www.idtamexico.com\/idta\/wp-content\/uploads\/2017\/03\/NAVE-CURVA-STD-1024x627.jpg 1024w\" sizes=\"auto, (max-width: 767px) 89vw, (max-width: 1000px) 54vw, (max-width: 1071px) 543px, 580px\" \/><img loading=\"lazy\" decoding=\"async\" class=\"aligncenter size-full wp-image-703\" src=\"http:\/\/www.idtamexico.com\/wp-content\/uploads\/2017\/03\/TRIDILOSA-STD.jpg\" alt=\"\" width=\"819\" height=\"723\" srcset=\"https:\/\/www.idtamexico.com\/idta\/wp-content\/uploads\/2017\/03\/TRIDILOSA-STD.jpg 819w, https:\/\/www.idtamexico.com\/idta\/wp-content\/uploads\/2017\/03\/TRIDILOSA-STD-300x265.jpg 300w, https:\/\/www.idtamexico.com\/idta\/wp-content\/uploads\/2017\/03\/TRIDILOSA-STD-768x678.jpg 768w\" sizes=\"auto, (max-width: 767px) 89vw, (max-width: 1000px) 54vw, (max-width: 1071px) 543px, 580px\" \/><img loading=\"lazy\" decoding=\"async\" class=\"aligncenter size-full wp-image-704\" src=\"http:\/\/www.idtamexico.com\/wp-content\/uploads\/2017\/03\/TORRE-STD.jpg\" alt=\"\" width=\"819\" height=\"715\" srcset=\"https:\/\/www.idtamexico.com\/idta\/wp-content\/uploads\/2017\/03\/TORRE-STD.jpg 819w, https:\/\/www.idtamexico.com\/idta\/wp-content\/uploads\/2017\/03\/TORRE-STD-300x262.jpg 300w, https:\/\/www.idtamexico.com\/idta\/wp-content\/uploads\/2017\/03\/TORRE-STD-768x670.jpg 768w\" sizes=\"auto, (max-width: 767px) 89vw, (max-width: 1000px) 54vw, (max-width: 1071px) 543px, 580px\" \/><br \/>\nSe desarrollaran los siguientes Comandos y temas en el Curso de Staad Pro:<br \/>\nComandos de Dimensi\u00f3n, Espejo (Mirror), Vistas Superior, lateral etc. Copiado de elementos (Translational Repeat), Circular Repeat, comando de Apreciaci\u00f3n (Snap Node Beam), Insertar Nodo (Insert Node) Agregar una Superficie (Add Surface), Agregar Placas (Add 4 Noded Plates), Insertar aberturas en Superficies(Insert Openings in the Surfaces),(Generate Surface Mashing),Rotaciones en vistas Diversas, Cambio de Unidades en\u00a0 Estructuras, Secciones, Fuerzas etc.(Change Graphical Display Unit) en Staad Pro.<br \/>\nGeometr\u00eda, asignaci\u00f3n de secciones y materiales (Property Page, soportes (Support Page), Cargas Gravitacionales (Load Page) (Carga viva m\u00e1xima Wm, Carga viva Media W, Carga Viva Instant\u00e1nea Wa) en staad pro.<br \/>\nSeg\u00fan Normas T\u00e9cnicas Complementarias para Dise\u00f1o Estructural de las Edificaciones en el Art. 6.1.2 en lo referente a sus disposiciones generales del a\u00f1o 2023. y Staad Pro.<br \/>\nAsignacion del Peso Propio, Carga muerta y Cargas Accidentales (Sismo en X, Y) con forme lo dictamina las Normas T\u00e9cnicas Complementarias para Sismo del a\u00f1o 2023 Y STAAD PRO en su inciso 6.1 se utilizara el AN\u00c1LISIS DIN\u00c1MICO MODAL y Staad Pro con base en el comando Response Spectrum del software Staad Pro tomando los valores de los periodos y aceleraciones del software SASID con forme lo dictamina las Normas T\u00e9cnicas Complementarias para Sismo del a\u00f1o 2023 en su inciso 3 &#8211; 3.1. y Staad Pro.<br \/>\nAn\u00e1lisis de carga por Viento (Barlovento y Sotavento o Presi\u00f3n y Succi\u00f3n) Aplicaci\u00f3n de comando (Wind Definition) Vamos a aplicar la intensidad del viento contra la altura de la edificaci\u00f3n. El an\u00e1lisis se realizara con forme las Norma T\u00e9cnica Complementaria de Viento 2023 y efectos est\u00e1ticos del viento sobre una estructura o componente de la misma se determinan con base en la velocidad de dise\u00f1o. con lineamientos de CFE y Staad Pro.<br \/>\nAs\u00ed como los Coeficientes de Formas topogr\u00e1ficas Locales. Aplicaci\u00f3n de par\u00e1metros R, A, N Seg\u00fan la condici\u00f3n de exposici\u00f3n. Se utilizaran todos estos factores atravez del ASCE (American Society of Civil Engineers) de Staad Pro.<br \/>\nSe calculara Granizo y Ceniza as\u00ed como Combinaciones de Carga.Para Staad Pro<br \/>\nTipo de Asignaci\u00f3n de las cargas Peso Propio, Carga Nodal, Carga sobre la Viga o Miembro, Carga de Piso, Carga sobre Losa, Carga de Viento, Carga de Sismo Etc. en Staad Pro.<br \/>\nAsignaci\u00f3n de Par\u00e1metros de dise\u00f1o Para Elementos de Concreto (Define Parameters). Seg\u00fan ACI Se dise\u00f1ara (CLT, CLB, CLS, FC, FY MAIN Y TRAC).<br \/>\nAsignaci\u00f3n de Comandos de Dise\u00f1o para elementos de Concreto (Design Comands). Dise\u00f1o de Trabes, columnas y losas (Design beam, coloum y Slab element) y Take Off para obtener el Peso de Acero y Volumen de concreto.<br \/>\nSpecification Page Comando para relajar las barras o miembros (Release) y Offset en Staad Pro.<br \/>\nAsignaci\u00f3n de Par\u00e1metros de dise\u00f1o Para Elementos de Acero (Define Parameters). De acuerdo al AISC (AMERICAN INSTITUTE OF STEEL CONSTRUCTION) LRFD (LOAD AND RESISTANCE FACTOR DESIGN) SE DISE\u00d1ARA (UNB, UNT, TRACK, RATIO, FYLD). en Staad Pro.<br \/>\nAsignaci\u00f3n de Comandos de Dise\u00f1o para elementos de Acero (Design Comands). CHECK CODE, MEMBER TAKE OFF, SELECT OPTIMIZED, TAKE OFF. en el Curso de Staad Pro<br \/>\nSe verificara la Relaci\u00f3n permisible de las tensiones reales permitidas (RATIO) en todas y cada uno de las barras o miembros de la geometr\u00eda del modelo atravez del comando (By Specification) y (All Failed Beams) el sistema nos marcara las barras o vigas en rojo y los valores no permisibles mayores a 1.Estos comandos \u00fanicamente se aplicaran para el dise\u00f1o de estructuras met\u00e1licas.En el Curso de Staad Pro<br \/>\nPara la soluci\u00f3n y optimizaci\u00f3n de perfiles de acero se utilizara el comando SELECT OPTIMIZED En el Curso de Staad Pro.<br \/>\nAsignaci\u00f3n de Postproceso en el dise\u00f1o (Post processing) o Estado de Resultados: Deflexiones, Cortantes (Ejes X,Y), Momentos (Ejes X,Y) Esfuerzos en losas y vigas ,Fuerza Axiales y visualizaci\u00f3n de sus diagramas , escalas , Reportes , valores ,Reacciones y visualizaci\u00f3n de los 6 periodos de vibraci\u00f3n por sismo (Mode Shapes) y (Active Mode) . En el Curso de Staad Pro<br \/>\nVisualizaci\u00f3n de los armados de Trabes, Columnas y Losas as\u00ed como cuantificaci\u00f3n de Acero de Refuerzo y acero tipo A-36. As\u00ed como la interpretaci\u00f3n de los valores y varillas arrojados en los archivos de salida en (Staad Output) y en el dise\u00f1o de concreto los armados y estribos que nos da el sistema de Staad Pro.<br \/>\nDise\u00f1o de secciones compuestas de acero, manejo de Angulo Beta. (Manejo de base de datos para perfiles y Asignaci\u00f3n de Perfiles como Canales, placas, IPR, IPS etc.) En el Curso de Staad Pro.<br \/>\nDise\u00f1o de secciones compuestas de acero mediante el uso de la herramienta Section Wizard. En\u00a0 el Curso de Staad Pro<br \/>\nLa geometr\u00eda seleccionada as\u00ed como los materiales secciones y proceso seguido se ver\u00e1 en el modo Gr\u00e1fico y el modo Editor. En el Curso de Staad Pro.<\/h6>\n<h6 style=\"text-align: justify;\"><span style=\"color: #993366;\"><span style=\"color: #993366;\">DURACI\u00d3N DEL CURSO DE STAAD PRO 18 HORAS.<\/span><\/span><br \/>\n<span style=\"color: #993366;\"><span style=\"color: #993366;\"> SI SE TOMA EN CLASES DE 6 HORAS DIARIAS POR 3 DIAS SERIAN 18 HORAS EN TOTAL DE LUNES A SABADO PARA EL CURSO DE STAAD PRO\u00a0<\/span><\/span><br \/>\n<span style=\"color: #993366;\"><span style=\"color: #993366;\"> LO MAS IMPORTANTE SOLO LLAMA Y ESE MISMO D\u00cdA PUEDES EMPEZAR A TOMAR TU CURSO DE STAAD PRO O EL D\u00cdA QUE TU LO DESEES YA QUE EL CURSO ES TOTALMENTE PERSONALIZADO NO TIENES QUE ESPERAR A FORMAR GRUPOS O INICIO DE SEMANA. PARA TOMAR EL CURSO DE STAAD PRO<\/span><\/span><\/h6>\n<p>&nbsp;<\/p>\n<p style=\"text-align: center;\"><span style=\"color: #ff0000;\"><strong>CURSO DE STAAD PRO CONECT EDITION<\/strong><\/span><\/p>\n<p><img loading=\"lazy\" decoding=\"async\" class=\"size-full wp-image-915 alignnone\" src=\"http:\/\/www.idtamexico.com\/idta\/wp-content\/uploads\/2024\/06\/IMAGEN-STAAD-PRO-CONEC-EDITION.jpg\" alt=\"\" width=\"1262\" height=\"483\" srcset=\"https:\/\/www.idtamexico.com\/idta\/wp-content\/uploads\/2024\/06\/IMAGEN-STAAD-PRO-CONEC-EDITION.jpg 1262w, https:\/\/www.idtamexico.com\/idta\/wp-content\/uploads\/2024\/06\/IMAGEN-STAAD-PRO-CONEC-EDITION-300x115.jpg 300w, https:\/\/www.idtamexico.com\/idta\/wp-content\/uploads\/2024\/06\/IMAGEN-STAAD-PRO-CONEC-EDITION-1024x392.jpg 1024w, https:\/\/www.idtamexico.com\/idta\/wp-content\/uploads\/2024\/06\/IMAGEN-STAAD-PRO-CONEC-EDITION-768x294.jpg 768w\" sizes=\"auto, (max-width: 767px) 89vw, (max-width: 1000px) 54vw, (max-width: 1071px) 543px, 580px\" \/><\/p>\n<h4 style=\"text-align: center;\"><span style=\"color: #3366ff;\"><strong>CURSOS EN LINEA Y PRESENCIALES DE STAAD PRO<\/strong><\/span><br \/>\n<span style=\"color: #ff0000;\"><strong> REALIZAMOS CONSTANCIAS DE SEGURIDAD ESTRUCTURAL Y DICTAMENES DE SEGURIDAD ESTRUCTURAL <\/strong><\/span><\/h4>\n<h4 style=\"text-align: justify;\"><strong><span style=\"color: #3366ff;\">AN\u00c1LISIS\u00a0ESTRUCTURAL EN STAAD PRO PARA NAVES INDUSTRIALES, ANUNCIOS ESPECTACULARES, TORRES DE INTERCOMUNICACI\u00d3N, EDIFICACIONES EN GENERAL PARA ACERO Y CONCRETO. AS\u00cd\u00a0COMO AN\u00c1LISIS\u00a0DE PRECIOS UNITARIOS Y CATALOGO DE CONCEPTOS PARA DICHAS ESTRUCTURAS.\u00a0 \u00a0 \u00a0 \u00a0 \u00a0 \u00a0 \u00a0 \u00a0 \u00a0 \u00a0 \u00a0 \u00a0 \u00a0 \u00a0 \u00a0 \u00a0 \u00a0 \u00a0 \u00a0 \u00a0 \u00a0 \u00a0 \u00a0 \u00a0 \u00a0 \u00a0 \u00a0 \u00a0 \u00a0 \u00a0 \u00a0 \u00a0 \u00a0 \u00a0 \u00a0 \u00a0 \u00a0 \u00a0 \u00a0 \u00a0 \u00a0 \u00a0<\/span><\/strong><span style=\"color: #993366;\">VISITANOS\u00a0en\u00a0 www.idtamexico.com\u00a0nuestros tel\u00e9fonos son (55) 57-60-89-59 y (55) 47-56-75-55 CEL. 55-37-43-57-57 Estamos ubicados en la calle de Siberia No. 148 col. Romero Rubio Alcald\u00eda\u00a0Venustiano Carranza C.P 15400\u00a0CDMX. a 4 cuadras del metro romero rubio y a 20 minutos del Aeropuerto de la\u00a0<\/span><span style=\"color: #993366;\">CDMX<\/span><\/h4>\n<h5 style=\"text-align: justify;\"><strong>SOLO LLAMA Y ESE MISMO D\u00cdA PODR\u00c1S TOMAR TU CURSO DE STAAD PRO NO ES NECESARIO QUE SE FORMEN GRUPOS O FECHAS DEMASIADO LARGAS, NO REQUIERES TRAER TU EQUIPO DE COMPUTO SE TE FACILITA UNO AL INICIAR EL CURSO, SI NO TIENES TIEMPO PODEMOS DARTE EL CURSO EN LINEA, EL PERSONAL QUE TE IMPARTE EL CURSO CUENTA CON UNA AMPLIA EXPERIENCIA EN EL MANEJO DEL PAQUETE Y DE AN\u00c1LISIS ESTRUCTURAL EN IDTA SE CUENTA CON 25 A\u00d1OS DE EXPERIENCIA QUE TE AVALAN.<\/strong><\/h5>\n<h6 style=\"text-align: justify;\">El Temario del curso de Staad Pro que imparte\u00a0 INGENIER\u00cdA DIN\u00c1MICA Y T\u00c9CNICA AMBIENTAL S. A DE C.V Relativo al SOFTWARE STAAD PRO, incluye las ULTIMAS ACTUALIZACIONES DE LAS NORMAS T\u00c9CNICAS COMPLEMENTARIAS 2023 REFERIDAS A el c\u00e1lculo de un EDIFICIO DE 6 NIVELES ESTRUCTURADO CON MARCOS DE CONCRETO Y LOSAS MACIZAS DE CONCRETO, NAVE INDUSTRIAL CON CUBIERTA CURVA Y MARCOS DE ACERO, ESTACIONAMIENTO CON CLAROS LIBRES DE 13 METROS ESTRUCTURADO A BASE DE MARCOS DE ACERO Y LOSA ACERO , TORRE DE INTERCOMUNICACI\u00d3N DE 30 METROS DE ALTURA Y CUBIERTA ESTRUCTURADA CON TRIDILOSA. Y DESARROLLADOS EN STAAD PRO<\/h6>\n<h6 style=\"text-align: justify;\">Se desarrollaran los siguientes Comandos y temas en el Curso de Staad Pro:<br \/>\nComandos de Dimensi\u00f3n, Espejo (Mirror), Vistas Superior, lateral etc. Copiado de elementos (Translational Repeat), Circular Repeat, comando de Apreciaci\u00f3n (Snap Node Beam), Insertar Nodo (Insert Node) Agregar una Superficie (Add Surface), Agregar Placas (Add 4 Noded Plates), Insertar aberturas en Superficies(Insert Openings in the Surfaces),(Generate Surface Mashing),Rotaciones en vistas Diversas, Cambio de Unidades en\u00a0 Estructuras, Secciones, Fuerzas etc.(Change Graphical Display Unit) en Staad Pro.<br \/>\nGeometr\u00eda, asignaci\u00f3n de secciones y materiales (Property Page, soportes (Support Page), Cargas Gravitacionales (Load Page) (Carga viva m\u00e1xima Wm, Carga viva Media W, Carga Viva Instant\u00e1nea Wa) en staad pro.<br \/>\nSeg\u00fan Normas T\u00e9cnicas Complementarias para Dise\u00f1o Estructural de las Edificaciones en el Art. 6.1.2 en lo referente a sus disposiciones generales del a\u00f1o 2023. y Staad Pro.<br \/>\nAsignacion del Peso Propio, Carga muerta y Cargas Accidentales (Sismo en X, Y) con forme lo dictamina las Normas T\u00e9cnicas Complementarias para Sismo del a\u00f1o 2023 Y STAAD PRO en su inciso 6.1 se utilizara el AN\u00c1LISIS DIN\u00c1MICO MODAL y Staad Pro con base en el comando Response Spectrum del software Staad Pro tomando los valores de los periodos y aceleraciones del software SASID con forme lo dictamina las Normas T\u00e9cnicas Complementarias para Sismo del a\u00f1o 2023 en su inciso 3 &#8211; 3.1. y Staad Pro.<br \/>\nAn\u00e1lisis de carga por Viento (Barlovento y Sotavento o Presi\u00f3n y Succi\u00f3n) Aplicaci\u00f3n de comando (Wind Definition) Vamos a aplicar la intensidad del viento contra la altura de la edificaci\u00f3n. El an\u00e1lisis se realizara con forme las Norma T\u00e9cnica Complementaria de Viento 2023 y efectos est\u00e1ticos del viento sobre una estructura o componente de la misma se determinan con base en la velocidad de dise\u00f1o. con lineamientos de CFE y Staad Pro.<br \/>\nAs\u00ed como los Coeficientes de Formas topogr\u00e1ficas Locales. Aplicaci\u00f3n de par\u00e1metros R, A, N Seg\u00fan la condici\u00f3n de exposici\u00f3n. Se utilizaran todos estos factores atravez del ASCE (American Society of Civil Engineers) de Staad Pro.<br \/>\nSe calculara Granizo y Ceniza as\u00ed como Combinaciones de Carga.Para Staad Pro<br \/>\nTipo de Asignaci\u00f3n de las cargas Peso Propio, Carga Nodal, Carga sobre la Viga o Miembro, Carga de Piso, Carga sobre Losa, Carga de Viento, Carga de Sismo Etc. en Staad Pro.<br \/>\nAsignaci\u00f3n de Par\u00e1metros de dise\u00f1o Para Elementos de Concreto (Define Parameters). Seg\u00fan ACI Se dise\u00f1ara (CLT, CLB, CLS, FC, FY MAIN Y TRAC).<br \/>\nAsignaci\u00f3n de Comandos de Dise\u00f1o para elementos de Concreto (Design Comands). Dise\u00f1o de Trabes, columnas y losas (Design beam, coloum y Slab element) y Take Off para obtener el Peso de Acero y Volumen de concreto.<br \/>\nSpecification Page Comando para relajar las barras o miembros (Release) y Offset en Staad Pro.<br \/>\nAsignaci\u00f3n de Par\u00e1metros de dise\u00f1o Para Elementos de Acero (Define Parameters). De acuerdo al AISC (AMERICAN INSTITUTE OF STEEL CONSTRUCTION) LRFD (LOAD AND RESISTANCE FACTOR DESIGN) SE DISE\u00d1ARA (UNB, UNT, TRACK, RATIO, FYLD). en Staad Pro.<br \/>\nAsignaci\u00f3n de Comandos de Dise\u00f1o para elementos de Acero (Design Comands). CHECK CODE, MEMBER TAKE OFF, SELECT OPTIMIZED, TAKE OFF. en el Curso de Staad Pro<br \/>\nSe verificara la Relaci\u00f3n permisible de las tensiones reales permitidas (RATIO) en todas y cada uno de las barras o miembros de la geometr\u00eda del modelo atravez del comando (By Specification) y (All Failed Beams) el sistema nos marcara las barras o vigas en rojo y los valores no permisibles mayores a 1.Estos comandos \u00fanicamente se aplicaran para el dise\u00f1o de estructuras met\u00e1licas.En el Curso de Staad Pro<br \/>\nPara la soluci\u00f3n y optimizaci\u00f3n de perfiles de acero se utilizara el comando SELECT OPTIMIZED En el Curso de Staad Pro.<br \/>\nAsignaci\u00f3n de Postproceso en el dise\u00f1o (Post processing) o Estado de Resultados: Deflexiones, Cortantes (Ejes X,Y), Momentos (Ejes X,Y) Esfuerzos en losas y vigas ,Fuerza Axiales y visualizaci\u00f3n de sus diagramas , escalas , Reportes , valores ,Reacciones y visualizaci\u00f3n de los 6 periodos de vibraci\u00f3n por sismo (Mode Shapes) y (Active Mode) . En el Curso de Staad Pro<br \/>\nVisualizaci\u00f3n de los armados de Trabes, Columnas y Losas as\u00ed como cuantificaci\u00f3n de Acero de Refuerzo y acero tipo A-36. As\u00ed como la interpretaci\u00f3n de los valores y varillas arrojados en los archivos de salida en (Staad Output) y en el dise\u00f1o de concreto los armados y estribos que nos da el sistema de Staad Pro.<br \/>\nDise\u00f1o de secciones compuestas de acero, manejo de Angulo Beta. (Manejo de base de datos para perfiles y Asignaci\u00f3n de Perfiles como Canales, placas, IPR, IPS etc.) En el Curso de Staad Pro.<br \/>\nDise\u00f1o de secciones compuestas de acero mediante el uso de la herramienta Section Wizard. En\u00a0 el Curso de Staad Pro<br \/>\nLa geometr\u00eda seleccionada as\u00ed como los materiales secciones y proceso seguido se ver\u00e1 en el modo Gr\u00e1fico y el modo Editor. En el Curso de Staad Pro.<\/h6>\n<h6 style=\"text-align: justify;\"><span style=\"color: #993366;\">DURACI\u00d3N DEL CURSO DE STAAD PRO 18 HORAS.<\/span><br \/>\n<span style=\"color: #993366;\"> SI SE TOMA EN CLASES DE 6 HORAS DIARIAS POR 3 DIAS SERIAN 18 HORAS EN TOTAL DE LUNES A SABADO PARA EL CURSO DE STAAD PRO\u00a0<\/span><br \/>\n<span style=\"color: #993366;\"> LO MAS IMPORTANTE SOLO LLAMA Y ESE MISMO D\u00cdA PUEDES EMPEZAR A TOMAR TU CURSO DE STAAD PRO O EL D\u00cdA QUE TU LO DESEES YA QUE EL CURSO ES TOTALMENTE PERSONALIZADO NO TIENES QUE ESPERAR A FORMAR GRUPOS O INICIO DE SEMANA. PARA TOMAR EL CURSO DE STAAD PRO<\/span><\/h6>\n<p>&nbsp;<\/p>\n<p>&nbsp;<\/p>\n<p>&nbsp;<\/p>\n<p>&nbsp;<\/p>\n","protected":false},"excerpt":{"rendered":"<p>&nbsp; CURSO DE STAAD PRO\u00a0 www.idtamexico.com\u00a0 \u00a0 \u00a0 \u00a0 Email\u00a0 lmendezleon@idtamexico.com CURSOS EN LINEA Y PRESENCIALES DE STAAD PRO REALIZAMOS CONSTANCIAS DE SEGURIDAD ESTRUCTURAL Y DICTAMENES DE SEGURIDAD ESTRUCTURAL AN\u00c1LISIS\u00a0ESTRUCTURAL EN STAAD PRO PARA NAVES INDUSTRIALES, ANUNCIOS ESPECTACULARES, TORRES DE INTERCOMUNICACI\u00d3N, EDIFICACIONES EN GENERAL PARA ACERO Y CONCRETO. AS\u00cd\u00a0COMO AN\u00c1LISIS\u00a0DE PRECIOS UNITARIOS Y CATALOGO DE &hellip; <\/p>\n<p class=\"link-more\"><a href=\"https:\/\/www.idtamexico.com\/idta\/staad-pro-v8i\/\" class=\"more-link\">Continuar leyendo<span class=\"screen-reader-text\"> &#8220;Curso de Staad Pro V8I  y Staad pro Conect Edition.&#8221;<\/span><\/a><\/p>\n","protected":false},"author":1,"featured_media":0,"parent":0,"menu_order":0,"comment_status":"closed","ping_status":"closed","template":"","meta":{"footnotes":""},"class_list":["post-49","page","type-page","status-publish","hentry"],"_links":{"self":[{"href":"https:\/\/www.idtamexico.com\/idta\/wp-json\/wp\/v2\/pages\/49","targetHints":{"allow":["GET"]}}],"collection":[{"href":"https:\/\/www.idtamexico.com\/idta\/wp-json\/wp\/v2\/pages"}],"about":[{"href":"https:\/\/www.idtamexico.com\/idta\/wp-json\/wp\/v2\/types\/page"}],"author":[{"embeddable":true,"href":"https:\/\/www.idtamexico.com\/idta\/wp-json\/wp\/v2\/users\/1"}],"replies":[{"embeddable":true,"href":"https:\/\/www.idtamexico.com\/idta\/wp-json\/wp\/v2\/comments?post=49"}],"version-history":[{"count":32,"href":"https:\/\/www.idtamexico.com\/idta\/wp-json\/wp\/v2\/pages\/49\/revisions"}],"predecessor-version":[{"id":922,"href":"https:\/\/www.idtamexico.com\/idta\/wp-json\/wp\/v2\/pages\/49\/revisions\/922"}],"wp:attachment":[{"href":"https:\/\/www.idtamexico.com\/idta\/wp-json\/wp\/v2\/media?parent=49"}],"curies":[{"name":"wp","href":"https:\/\/api.w.org\/{rel}","templated":true}]}}