{"id":5,"date":"2017-03-01T16:57:53","date_gmt":"2017-03-01T22:57:53","guid":{"rendered":"http:\/\/idtamexico.com\/?page_id=5"},"modified":"2020-06-01T16:47:25","modified_gmt":"2020-06-01T22:47:25","slug":"inicio","status":"publish","type":"page","link":"https:\/\/www.idtamexico.com\/idta\/","title":{"rendered":"Inicio"},"content":{"rendered":"<h6 style=\"text-align: center;\"><strong><em>\u00a0INGENIER\u00cdA\u00a0DIN\u00c1MICA Y T\u00c9CNICA\u00a0AMBIENTAL S.A DE C.V\u00a0<\/em><\/strong><\/h6>\n<p style=\"text-align: center;\"><img loading=\"lazy\" decoding=\"async\" class=\"alignnone wp-image-597 size-full\" src=\"http:\/\/www.idtamexico.com\/wp-content\/uploads\/2020\/06\/IDTA-GDE.jpg\" alt=\"\" width=\"1002\" height=\"460\" srcset=\"https:\/\/www.idtamexico.com\/idta\/wp-content\/uploads\/2020\/06\/IDTA-GDE.jpg 1002w, https:\/\/www.idtamexico.com\/idta\/wp-content\/uploads\/2020\/06\/IDTA-GDE-300x138.jpg 300w, https:\/\/www.idtamexico.com\/idta\/wp-content\/uploads\/2020\/06\/IDTA-GDE-768x353.jpg 768w\" sizes=\"auto, (max-width: 767px) 89vw, (max-width: 1000px) 54vw, (max-width: 1071px) 543px, 580px\" \/><\/p>\n<p><strong><em>\u00a0 \u00a0 \u00a0 \u00a0 \u00a0 \u00a0 \u00a0 \u00a0 \u00a0 \u00a0 \u00a0 \u00a0 \u00a0 \u00a0 \u00a0 \u00a0 \u00a0 \u00a0 \u00a0 \u00a0 \u00a0 \u00a0 \u00a0BIENVENIDOS<\/em><\/strong><\/p>\n<p style=\"text-align: justify;\"><em><b>CONSTRUCCI\u00d3N\u00a0Y CONSULTORIA EN INGENIER\u00cdA ARQUITECTURA Y AN\u00c1LISIS\u00a0AMBIENTAL.<\/b><\/em><\/p>\n<h6><i>CONSTRUCCI\u00d3N<\/i><em><strong>\u00a0DE EDIFICIOS ,TORRES Y NAVES INDUSTRIALES.<\/strong><\/em><em><strong>\u00a0<\/strong><\/em><\/h6>\n<h6 style=\"text-align: center;\"><em><strong>\u00a0 \u00a0 \u00a0 \u00a0<img loading=\"lazy\" decoding=\"async\" class=\"alignnone wp-image-601 size-full\" src=\"http:\/\/www.idtamexico.com\/wp-content\/uploads\/2017\/03\/fachada-de-idta.jpg\" alt=\"\" width=\"1038\" height=\"499\" srcset=\"https:\/\/www.idtamexico.com\/idta\/wp-content\/uploads\/2017\/03\/fachada-de-idta.jpg 1038w, https:\/\/www.idtamexico.com\/idta\/wp-content\/uploads\/2017\/03\/fachada-de-idta-300x144.jpg 300w, https:\/\/www.idtamexico.com\/idta\/wp-content\/uploads\/2017\/03\/fachada-de-idta-768x369.jpg 768w, https:\/\/www.idtamexico.com\/idta\/wp-content\/uploads\/2017\/03\/fachada-de-idta-1024x492.jpg 1024w\" sizes=\"auto, (max-width: 767px) 89vw, (max-width: 1000px) 54vw, (max-width: 1071px) 543px, 580px\" \/> \u00a0 \u00a0 \u00a0 \u00a0 \u00a0 \u00a0 \u00a0 \u00a0 \u00a0 \u00a0 \u00a0 \u00a0 <\/strong><\/em><\/h6>\n<h6 style=\"text-align: center;\"><em><strong>\u00a0 \u00a0CONSULTORIA:\u00a0 \u00a0 \u00a0 \u00a0<\/strong><\/em><\/h6>\n<h6 style=\"text-align: justify;\"><em><strong>EN\u00a0 DISE\u00d1O <\/strong><strong>ESTRUCTURAL , PROGRAMACI\u00d3N\u00a0<\/strong><\/em><em><strong> Y CONTROL\u00a0 DE OBRA , CONTROL PRESUPUESTAL , INSTALACIONES HIDROSANITARIAS ,\u00a0 DE\u00a0 AIRE ACONDICIONADO, GAS , SISTEMA CONTRA INCENDIO\u00a0 Y\u00a0 CCTV. ,\u00a0<\/strong><\/em><strong><em>GERENCIA DE PROYECTOS ,\u00a0<\/em><\/strong><em><strong>DISE\u00d1O ARQUITECT\u00d3NICO\u00a0,\u00a0 <\/strong><\/em><em><strong>DISE\u00d1O ESTRUCTURAL ,\u00a0<\/strong><\/em><em>CONSTRUCCI\u00d3N\u00a0, MAQUILA\u00a0 DE\u00a0 PLANOS \u00a0,\u00a0 DISE\u00d1OS EN\u00a0 TERCERA\u00a0 DIMENSI\u00d3N\u00a0, RECORRIDOS VIRTUALES<br \/>\n<\/em><\/h6>\n<h6 style=\"text-align: justify;\"><em>\u00a0 \u00a0 \u00a0 \u00a0 \u00a0PROGRAMACI\u00d3N\u00a0Y CONTROL DE OBRA<\/em><em><br \/>\nAVALUOS\u00a0 Y \u00a0FIRMAS DE D.R.O,\u00a0<\/em><strong><em>LICITACIONES\u00a0 PARA GOBIERNO E INICIATIVA PRIVADA ,\u00a0<\/em><\/strong><em>CAPACITACI\u00d3N\u00a0 EN \u00a0LA PAQUETERIA\u00a0MAS REQUERIDA Y ACTUAL DE INGENIER\u00cdA\u00a0,ARQUITECTURA Y DISE\u00d1O.\u00a0<\/em><em>TRAMITE DE USO DE SUELO Y VISTO BUENO DE SEGURIDAD Y OPERACI\u00d3N\u00a0, LICENCIAS DE FUNCIONAMIENTO.<\/em><\/h6>\n<h6 style=\"text-align: justify;\"><i>INGENIER\u00cdA<\/i><em><strong>\u00a0AMBIENTAL\u00a0<\/strong><\/em><em>LA MEJOR Y MAS COMPLETA INGENIER\u00cdA\u00a0AMBIENTAL EN AN\u00c1LISIS F\u00cdSICO- QU\u00cdMICO\u00a0DE AGUA, AIRE, TIERRA ETC. IMPACTO URBANO , AMBIENTAL Y EVALUACI\u00d3N\u00a0Y CAPACITACI\u00d3N\u00a0EN AMBIENTE LABORAL<\/em><\/h6>\n<h6 style=\"text-align: justify;\"><strong><em><u><span style=\"color: #993300; font-size: medium;\">LICENCIAS AMBIENTALES PARA LA CDMEX. (LAUDF) CEDULAS DE OPERACION ANUAL (COA) Y CEDULAS DE OPERACION INTEGRAL(COI)\u00a0<\/span><\/u><\/em><\/strong><\/h6>\n<h6 style=\"text-align: justify;\"><em>PROGRAMA\u00a0INTERNO \u00a0DE\u00a0 PROTECCI\u00d3N\u00a0 CIVIL, CAPACITACI\u00d3N\u00a0<\/em><em>PARA\u00a0 \u00a0PROTECCI\u00d3N\u00a0\u00a0 CIVIL DEL ESTADO DE M\u00c9XICO. Y CAPACITACI\u00d3N\u00a0PARA\u00a0<\/em><em>AMBIENTE LABORAL ANTE LA SECRETARIA DEL TRABAJO Y PROTECCI\u00d3N\u00a0SOCIAL (STPS)<br \/>\n<\/em><\/h6>\n<h6 style=\"text-align: justify;\"><em>ENTRE NUESTROS CLIENTES SE ENCUENTRAN EMPRESAS COMO PEMEX, COMISI\u00d3N\u00a0FEDERAL DE ELECTRICIDAD , MABE ,SCHNEIDER\u00a0 ELECTRICS , HOTELES HOLIDAY INN , HOTELES HILTON , NISSAN DE M\u00c9XICO\u00a0, TECNOL\u00d3GICO\u00a0DE MONTERREY , INSTITUTO MEXICANO DEL SEGURO SOCIAL , GOBIERNO DEL LA CIUDAD DE M\u00c9XICO\u00a0ETC.<br \/>\n<\/em><\/h6>\n<h4 style=\"text-align: center;\"><em>INGENIER\u00cdA\u00a0DIN\u00c1MICA Y T\u00c9CNICA\u00a0AMBIENTAL SA DE CV<\/em><br \/>\nSIBERIA No. 148 Col. ROMERO RUBIO ALCALD\u00cdA. VENUSTIANO CARRANZA C.P. 15400 CD. MEX Tels. (55) 57-60-89-59\u00a0 \u00a0 (55) 47-56-75-55\u00a0 \u00a0 CEL 55-37-43-57-57\u00a0 Email: lmendezleon@idtamexico.com\u00a0 idtamexico@yahoo.com.mx\u00a0 \u00a0 \u00a0 www.idtamexico.com<\/h4>\n","protected":false},"excerpt":{"rendered":"<p>\u00a0INGENIER\u00cdA\u00a0DIN\u00c1MICA Y T\u00c9CNICA\u00a0AMBIENTAL S.A DE C.V\u00a0 \u00a0 \u00a0 \u00a0 \u00a0 \u00a0 \u00a0 \u00a0 \u00a0 \u00a0 \u00a0 \u00a0 \u00a0 \u00a0 \u00a0 \u00a0 \u00a0 \u00a0 \u00a0 \u00a0 \u00a0 \u00a0 \u00a0 \u00a0BIENVENIDOS CONSTRUCCI\u00d3N\u00a0Y CONSULTORIA EN INGENIER\u00cdA ARQUITECTURA Y AN\u00c1LISIS\u00a0AMBIENTAL. CONSTRUCCI\u00d3N\u00a0DE EDIFICIOS ,TORRES Y NAVES INDUSTRIALES.\u00a0 \u00a0 \u00a0 \u00a0 \u00a0 \u00a0 \u00a0 \u00a0 \u00a0 \u00a0 \u00a0 \u00a0 \u00a0 \u00a0 &hellip; <\/p>\n<p class=\"link-more\"><a href=\"https:\/\/www.idtamexico.com\/idta\/\" class=\"more-link\">Continuar leyendo<span class=\"screen-reader-text\"> &#8220;Inicio&#8221;<\/span><\/a><\/p>\n","protected":false},"author":1,"featured_media":0,"parent":0,"menu_order":1,"comment_status":"closed","ping_status":"closed","template":"","meta":{"footnotes":""},"class_list":["post-5","page","type-page","status-publish","hentry"],"_links":{"self":[{"href":"https:\/\/www.idtamexico.com\/idta\/wp-json\/wp\/v2\/pages\/5","targetHints":{"allow":["GET"]}}],"collection":[{"href":"https:\/\/www.idtamexico.com\/idta\/wp-json\/wp\/v2\/pages"}],"about":[{"href":"https:\/\/www.idtamexico.com\/idta\/wp-json\/wp\/v2\/types\/page"}],"author":[{"embeddable":true,"href":"https:\/\/www.idtamexico.com\/idta\/wp-json\/wp\/v2\/users\/1"}],"replies":[{"embeddable":true,"href":"https:\/\/www.idtamexico.com\/idta\/wp-json\/wp\/v2\/comments?post=5"}],"version-history":[{"count":51,"href":"https:\/\/www.idtamexico.com\/idta\/wp-json\/wp\/v2\/pages\/5\/revisions"}],"predecessor-version":[{"id":603,"href":"https:\/\/www.idtamexico.com\/idta\/wp-json\/wp\/v2\/pages\/5\/revisions\/603"}],"wp:attachment":[{"href":"https:\/\/www.idtamexico.com\/idta\/wp-json\/wp\/v2\/media?parent=5"}],"curies":[{"name":"wp","href":"https:\/\/api.w.org\/{rel}","templated":true}]}}