{"id":938,"date":"2024-07-22T10:00:07","date_gmt":"2024-07-22T16:00:07","guid":{"rendered":"http:\/\/www.idtamexico.com\/idta\/?page_id=938"},"modified":"2024-07-22T18:27:40","modified_gmt":"2024-07-23T00:27:40","slug":"curso-de-plataformas-de-elevacion-de-brazo-articulado-y-de-tijera","status":"publish","type":"page","link":"https:\/\/www.idtamexico.com\/idta\/curso-de-plataformas-de-elevacion-de-brazo-articulado-y-de-tijera\/","title":{"rendered":"CURSO DE PLATAFORMAS DE ELEVACION DE BRAZO ARTICULADO Y DE TIJERA"},"content":{"rendered":"\n<p><strong><mark style=\"background-color:rgba(0, 0, 0, 0)\" class=\"has-inline-color has-vivid-red-color\">RSO DE ENTRENAMIENTO EN SEGURIDAD PARA OPERADORES DE PLATAFORMA DE ELEVACION BRAZO ARTICULADO<\/mark>.<\/strong><br><strong><mark style=\"background-color:rgba(0, 0, 0, 0)\" class=\"has-inline-color has-vivid-red-color\">OBJETIVO:<\/mark><\/strong><br>QUE EL PERSONAL COMPRENDA Y CONOZCA LOS RIESGOS DERIVADOS DEL MANEJO DE LA PLATAFORMA DE ELEVACION BRAZO ARTICULADO Y LOS TRABAJOS EN ALTURAS. APLIQUE LOS PROCEDIMIENTOS SEGUROS DE TRABAJO Y LAS MEDIDAS GENERALES PARA GARANTIZAR QUE EL FUNCIONAMIENTO DE LOS TRABAJOS EN ALTURAS Y LA PLATAFORMA DE ELEVACION BRAZO ARTICULADO SEA SEGURA.<br><strong><mark style=\"background-color:rgba(0, 0, 0, 0)\" class=\"has-inline-color has-vivid-red-color\">DIRIGIDO A:<\/mark><\/strong><br>EL PERSONAL DE MANTENIMIENTO, Y LOS RESPONSABLES DE LA OPERACI\u00d3N DE LA PLATAFORMA DE ELEVACION BRAZO ARTICULADO Y TRABAJOS EN ALTURAS.<br><mark style=\"background-color:rgba(0, 0, 0, 0)\" class=\"has-inline-color has-vivid-red-color\"><strong>TEMARIO: PLATAFORMA DE ELEVACION BRAZO ARTICULADO<\/strong><br><strong>NORMAS DE REFERENCIAS DE PLATAFORMA DE ELEVACION BRAZO ARTICULADO<\/strong>.<\/mark><br>PARA LA CORRECTA INTERPRETACI\u00d3N DE ESTA NORMA, DEBER\u00c1N CONSULTARSE LAS SIGUIENTES NORMAS OFICIALES MEXICANAS VIGENTES, O LAS QUE LAS SUSTITUYANPARA EL CORRECTO USO Y CONDICIONES DE SEGURIDAD DE PLATAFORMA DE ELEVACION BRAZO ARTICULADO:<br>NOM-004-STPS-1999, SISTEMAS DE PROTECCI\u00d3N Y DISPOSITIVOS DE SEGURIDAD EN LA MAQUINARIA Y EQUIPO QUE SE UTILICE EN LOS CENTROS DE TRABAJO. ) PARA PLATAFORMA DE ELEVACION BRAZO ARTICULADO.<br>NOM-017-STPS-2008, EQUIPO DE PROTECCI\u00d3N PERSONAL-SELECCI\u00d3N, USO Y MANEJO EN LOS CENTROS DE TRABAJO. ) PARA PLATAFORMA DE ELEVACION BRAZO ARTICULADO.<br>NOM-026-STPS-2008, COLORES Y SE\u00d1ALES DE SEGURIDAD E HIGIENE E IDENTIFICACI\u00d3N DE RIESGOS POR FLUIDOS CONDUCIDOS EN TUBER\u00cdAS.) PARA PLATAFORMA DE ELEVACION BRAZO ARTICULADO.<br>NOM-029-STPS-2005, MANTENIMIENTO DE LAS INSTALACIONES EL\u00c9CTRICAS EN LOS CENTROS DE TRABAJOCONDICIONES DE SEGURIDAD.) PARA PLATAFORMA DE ELEVACION BRAZO ARTICULADO.<br><strong><mark style=\"background-color:rgba(0, 0, 0, 0)\" class=\"has-inline-color has-vivid-red-color\">ENCENDIDO Y APAGADO DE PLATAFORMA DE ELEVACION BRAZO ARTICULADO.<\/mark><\/strong><br>ENCENDIDO Y APAGADO DE LA PLATAFORMA DE ELEVACION BRAZO ARTICULADO.<br><strong><mark style=\"background-color:rgba(0, 0, 0, 0)\" class=\"has-inline-color has-vivid-red-color\">USO DE PLATAFORMA DE ELEVACION BRAZO ARTICULADO.<\/mark><\/strong><br>ESTABILIDAD (VUELCO) PARA PLATAFORMA DE ELEVACION BRAZO ARTICULADO.<br>PELIGRO DE ELECTROCUCI\u00d3N PARA EL OPERADOR DE LA PLATAFORMA DE ELEVACION BRAZO ARTICULADO.<br>RIESGO DE ATRAPAMIENTO Y COLISIONES DE PLATAFORMA DE ELEVACION DE BRAZO ARTICULADO<br>INSTRUCCIONES DE REMOLQUE LEVANTE Y ACARREO PARA PLATAFORMA DE ELEVACION BRAZO ARTICULADO.<br><strong><mark style=\"background-color:rgba(0, 0, 0, 0)\" class=\"has-inline-color has-vivid-red-color\">MANEJO DE PLATAFORMA DE ELEVACION BRAZO ARTICULADO.<\/mark><\/strong><br>TABLEROS INFERIOR(TIERRA) Y SUPERIOR (ELEVACION) PARA PLATAFORMA DE ELEVACION BRAZO ARTICULADO.<br>MANDOS OPERATIVOS PARA PLATAFORMA DE ELEVACION BRAZO ARTICULADO.<br>INSTRUCCIONES DE FUNCIONAMIENTO PARA PLATAFORMA DE ELEVACION BRAZO ARTICULADO.<br>M\u00c9TODO DE LOS 5 PASOS PARA UNA OPERACI\u00d3N SEGURA PARA PLATAFORMA DE ELEVACION BRAZO ARTICULADO.<br>(1.- AL INICIAR LOS TRABAJOS EN PLATAFORMA DE ELEVACION BRAZO ARTICULADO, 2.- DURANTE EL DESPLAZAMIENTO EN PLATAFORMA DE ELEVACION BRAZO ARTICULADO 3.-AL SUBIR A LA PLATAFORMA DE ELEVACION BRAZO ARTICULADO 4.-DURANTE LA ELEVACION DE LA PLATAFORMA DE ELEVACION BRAZO ARTICULADO 5.- AL FINALIZAR LOS TRABAJOS EN LA PLATAFORMA DE ELEVACION BRAZO ARTICULADO<br>INSTRUCCIONES DE TRANSPORTE Y ELEVACI\u00d3N PARA PLATAFORMA DE ELEVACION BRAZO ARTICULADO.<br>MANEJO GENERAL PARA PLATAFORMA DE ELEVACION BRAZO ARTICULADO.<br>CONDUCCI\u00d3N EN FORMA VERTICAL Y HORIZONTAL PARA PLATAFORMA DE ELEVACION BRAZO ARTICULADO.<br>PROCEDIMIENTO ADECUADO PARA ESTACIONAR LA PLATAFORMA DE ELEVACION BRAZO ARTICULADO EN POSICI\u00d3N DE TRANSPORTE.<br>EJERCICIOS DE ELEVACI\u00d3N, MOVIMIENTO Y POSICIONAMIENTO DE LA PLATAFORMA DE ELEVACION BRAZO ARTICULADO.<br>MANTENIMIENTO B\u00c1SICO Y CUIDADOS PREVENTIVOS DE LA PLATAFORMA DE ELEVACION BRAZO ARTICULADO.<br>NORMAS B\u00c1SICAS DE LA OPERACI\u00d3N PARA PLATAFORMA DE ELEVACION BRAZO ARTICULADO.<br>MANEJO DE ESTABILIZADORES PARA PLATAFORMA DE ELEVACION BRAZO ARTICULADO.<br>MANEJO DE COMPONENTES Y CONTROLES PARA PLATAFORMA DE ELEVACION BRAZO ARTICULADO.<br>APLICAR LOS CONOCIMIENTOS ADQUIRIDOS DURANTE EL PROCESO FORMATIVO PARA POTENCIAR SU CAPACIDAD LABORAL PARA EL MANEJO DE LA PLATAFORMA DE ELEVACION BRAZO ARTICULADO.<br><strong><mark style=\"background-color:rgba(0, 0, 0, 0)\" class=\"has-inline-color has-vivid-red-color\">INSPECCION DE PLATAFORMA DE ELEVACION BRAZO ARTICULADO.<\/mark><\/strong><br>DEFINICI\u00d3N DE S\u00cdMBOLOS Y PICTOGRAMAS DE RIESGOE INSPECCION PARA PLATAFORMA DE ELEVACION BRAZO ARTICULADO.<br>INSPECCI\u00d3N PREOPERACIONAL PARA PLATAFORMA DE ELEVACION BRAZO ARTICULADO.<br>INSPECCIONES Y REGISTROS AL EQUIPO PARA PLATAFORMA DE ELEVACION BRAZO ARTICULADO.<br>INSPECCION Y RECOMENDACIONES PARA EL BUEN FUNCIONAMIENTO DE LAS BATER\u00cdAS PARA PLATAFORMA DE ELEVACION BRAZO ARTICULADO.<br>INSPECCION Y RECONOCIMIENTO DEL MEDIO AMBIENTE Y LA SE\u00d1ALIZACI\u00d3N DE LA ZONA PARA TRABAJO DE LA PLATAFORMA DE ELEVACION BRAZO ARTICULADO<br>INSPECCION Y FUNCIONAMIENTO DE COMPONENTES DE LA MAQUINARIA PARA PLATAFORMA DE ELEVACION BRAZO ARTICULADO.<br>INSPECCION Y RECONOCIMIENTO VISUAL PERIF\u00c9RICO DE LA PLATAFORMA DE ELEVACION BRAZO ARTICULADO.<br>VERIFICACIONES E INSPECCIONES ANTES DE SU USO. DE ACUERDO CON LAS INSTRUCCIONES DEL FABRICANTE DE LA PLATAFORMA DE ELEVACION BRAZO ARTICULADO.<br><mark style=\"background-color:rgba(0, 0, 0, 0)\" class=\"has-inline-color has-vivid-red-color\"><strong>PRACTICAS PARA MANEJO DE PLATAFORMA DE ELEVACION BRAZO ARTICULADO.<\/strong><\/mark><br>PR\u00c1CTICA EN CAMPO: OPERACI\u00d3N DE LA PLATAFORMA DE ELEVACION, AS\u00cd COMO LA FUNCI\u00d3N Y OPERACI\u00d3N ADECUADA DE CADA UNO DE LOS COMPONENTES PARA PLATAFORMA DE ELEVACION BRAZO ARTICULADO.<br>EVALUACI\u00d3N TE\u00d3RICA PARA PLATAFORMA DE ELEVACION BRAZO ARTICULADO.<br>EVALUACI\u00d3N PR\u00c1CTICA DE OPERACI\u00d3N SEGURA PARA PLATAFORMA DE ELEVACION BRAZO ARTICULADO.<br>EJERCICIO DE IDENTIFICACI\u00d3N DE PELIGROS EN LA PLATAFORMA DE ELEVACION<br>PR\u00c1CTICA INDIVIDUAL PARA CADA PARTICIPANTE BAJO SUPERVISI\u00d3N EN LA PLATAFORMA DE ELEVACION BRAZO ARTICULADO.<br>OPERACI\u00d3N PR\u00c1CTICA DE CONDUCCION DE LA PLATAFORMA DE ELEVACION BRAZO ARTICULADO.<br><strong><mark style=\"background-color:rgba(0, 0, 0, 0)\" class=\"has-inline-color has-vivid-red-color\">SEGURIDAD PARA MANEJO DE PLATAFORMA DE ELEVACION BRAZO ARTICULADO.<\/mark><\/strong><br>PERMISO DE TRABAJO PARA MANEJO DE PLATAFORMA DE ELEVACION BRAZO ARTICULADO.<br>SE\u00d1ALAR LAS MEDIDAS M\u00cdNIMAS DE SEGURIDAD Y SALUD RELATIVAS A LA UTILIZACI\u00d3N DE LOS EQUIPOS DE PROTECCI\u00d3N INDIVIDUAL EN LA CONDUCCI\u00d3N Y MANEJO DE PLATAFORMA DE ELEVACION BRAZO ARTICULADO.<br>NORMATIVAS DE SEGURIDAD Y REGULACIONES PARA PLATAFORMA DE ELEVACION BRAZO ARTICULADO.<br>EQUIPOS DE PROTECCI\u00d3N PERSONAL (EPP) PARA PLATAFORMA DE ELEVACION BRAZO ARTICULADO.<br>CONCIENTIZACI\u00d3N Y NORMAS DE SEGURIDAD PARA PLATAFORMA DE ELEVACION BRAZO ARTICULADO.<br>SEGURIDAD EN LA CONDUCCION DE LA PLATAFORMA DE ELEVACION BRAZO ARTICULADO Y EL TRABAJADOR.<br><strong><mark style=\"background-color:rgba(0, 0, 0, 0)\" class=\"has-inline-color has-vivid-red-color\">PROCEDIMIENTOS DE RESCATE EN PLATAFORMA DE ELEVACION BRAZO ARTICULADO.<\/mark><\/strong><br>RESCATE Y PROCEDIMIENTOS DE EMERGENCIA DE DESCENSO DE LA PLATAFORMA DE ELEVACION BRAZO ARTICULADO.<br><strong><mark style=\"background-color:rgba(0, 0, 0, 0)\" class=\"has-inline-color has-vivid-red-color\">CLASIFICACION DE PLATAFORMA DE ELEVACION BRAZO ARTICULADO.<\/mark><\/strong><br>CLASIFICACI\u00d3N HABITUAL SEG\u00daN LA FORMA DE ESTABILIZACI\u00d3N PARA PLATAFORMA DE ELEVACION BRAZO ARTICULADO.<br>CLASIFICACI\u00d3N SEG\u00daN LA ALIMENTACI\u00d3N PARA PLATAFORMA DE ELEVACION BRAZO ARTICULADO.<br><strong><mark style=\"background-color:rgba(0, 0, 0, 0)\" class=\"has-inline-color has-vivid-red-color\">NORMATIVIDAD DE PLATAFORMA DE ELEVACION BRAZO ARTICULADO.<\/mark><\/strong><br>CU\u00c1L ES LA NORMATIVIDAD VIGENTE Y APLICABLE PARA PLATAFORMA DE ELEVACION BRAZO ARTICULADO.<br>IDENTIFICAR LA NORMATIVA A NIVEL NACIONAL RELACIONADA CON PLATAFORMA DE ELEVACION BRAZO ARTICULADO.<br>OPERACIONES PARA PLATAFORMA DE ELEVACION BRAZO ARTICULADO.<br>PARA DAR CUMPLIMIENTO A LOS REQUERIMIENTOS DERIVADOS DE LA LEGISLACI\u00d3N VIGENTE.<br>ISO 18878<br><strong><mark style=\"background-color:rgba(0, 0, 0, 0)\" class=\"has-inline-color has-vivid-red-color\">RIESGOS DE PLATAFORMA DE ELEVACION BRAZO ARTICULADO.<\/mark><\/strong><br>LOS 6 RIESGOS M\u00c1S COMUNES TRABAJANDO PARA PLATAFORMA DE ELEVACION BRAZO ARTICULADO.<br><strong><mark style=\"background-color:rgba(0, 0, 0, 0)\" class=\"has-inline-color has-vivid-red-color\">TIPOS DE PLATAFORMA DE ELEVACION BRAZO ARTICULADO.<\/mark><\/strong><br>TIPOS DE COMPONENTES DE LAS PLATAFORMA DE ELEVACION.<br>TIPOS DE PLATAFORMA DE ELEVACION.<br>CU\u00c1LES SON LOS TIPOS DE MANLIFT O PLATAFORMA DE ELEVACION BRAZO ARTICULADO.<br><strong><mark style=\"background-color:rgba(0, 0, 0, 0)\" class=\"has-inline-color has-vivid-red-color\">COMPONENTES DE PLATAFORMA DE ELEVACION BRAZO ARTICULADO.<\/mark><\/strong><br>COMPONENTES PRINCIPALES: IDENTIFICACI\u00d3N Y FUNCI\u00d3N DE LA PLATAFORMA DE ELEVACION BRAZO ARTICULADO.<br>QUE ES UN MANLIFT \/ PLATAFORMA DE ELEVACION BRAZO ARTICULADO.<br>SISTEMAS DE ELEVACI\u00d3N PARA PLATAFORMA DE ELEVACION BRAZO ARTICULADO.<br>SISTEMAS DE TRANSLACI\u00d3N PARA PLATAFORMA DE ELEVACION BRAZO ARTICULADO.<br>PARTES PARA PLATAFORMA DE ELEVACION BRAZO ARTICULADO.<br>PLANIFICACI\u00d3N DE ELEVACI\u00d3N PARA PLATAFORMA DE ELEVACION BRAZO ARTICULADO.<br>TORQUES Y CARGAS PARA PLATAFORMA DE ELEVACION BRAZO ARTICULADO.<br><strong><mark style=\"background-color:rgba(0, 0, 0, 0)\" class=\"has-inline-color has-vivid-red-color\">MANTENIMIENTO DE PLATAFORMA DE ELEVACION BRAZO ARTICULADO.<\/mark><\/strong><br>MANTENIMIENTO PREVENTIVO, CORRECTIVO Y PREDICTIVO Y LOS COSTO EN DA\u00d1OS DE LA PLATAFORMA DE ELEVACION BRAZO ARTICULADO.<br>IDENTIFICACI\u00d3N DE PROBLEMAS COMUNES Y SOLUCIONES SIMPLES DE LA PLATAFORMA DE ELEVACION BRAZO ARTICULADO.<\/p>\n\n\n\n<p>DURACI\u00d3N DEL CURSO IMPARTIDO DE FORMA PRESENCIAL O EN SUS INSTALACIONES <br>15 HORAS IMPARTIDO EN UN D\u00cdA CON UN HORARIO TENTATIVO DE 07:00 AM A 19:00 PM.<\/p>\n\n\n\n<p><strong><mark style=\"background-color:rgba(0, 0, 0, 0)\" class=\"has-inline-color has-vivid-red-color\">CURSO DE ENTRENAMIENTO EN SEGURIDAD PARA OPERADORES DE PLATAFORMA DE ELEVACION BRAZO DE TIJERA.<\/mark><\/strong><br><strong><mark style=\"background-color:rgba(0, 0, 0, 0)\" class=\"has-inline-color has-vivid-red-color\">OBJETIVO:<\/mark><\/strong><br>QUE EL PERSONAL COMPRENDA Y CONOZCA LOS RIESGOS DERIVADOS DEL MANEJO DE LA PLATAFORMA DE ELEVACION BRAZO DE TIJERA Y LOS TRABAJOS EN ALTURAS. APLIQUE LOS PROCEDIMIENTOS SEGUROS DE TRABAJO Y LAS MEDIDAS GENERALES PARA GARANTIZAR QUE EL FUNCIONAMIENTO DE LOS TRABAJOS EN ALTURAS Y LA PLATAFORMA DE ELEVACION BRAZO DE TIJERA SEA SEGURA.<br><strong><mark style=\"background-color:rgba(0, 0, 0, 0)\" class=\"has-inline-color has-vivid-red-color\">DIRIGIDO A:<\/mark><\/strong><br>EL PERSONAL DE MANTENIMIENTO, Y LOS RESPONSABLES DE LA OPERACI\u00d3N DE LA PLATAFORMA DE ELEVACION BRAZO DE TIJERA Y TRABAJOS EN ALTURAS.<br>TEMARIO: PLATAFORMA DE ELEVACION BRAZO DE TIJERA<br><strong><mark style=\"background-color:rgba(0, 0, 0, 0)\" class=\"has-inline-color has-vivid-red-color\">NORMAS DE REFERENCIAS DE PLATAFORMA DE ELEVACION BRAZO DE TIJERA<\/mark><\/strong>.<br>PARA LA CORRECTA INTERPRETACI\u00d3N DE ESTA NORMA, DEBER\u00c1N CONSULTARSE LAS SIGUIENTES NORMAS OFICIALES MEXICANAS VIGENTES, O LAS QUE LAS SUSTITUYANPARA EL CORRECTO USO Y CONDICIONES DE SEGURIDAD DE PLATAFORMA DE ELEVACION BRAZO DE TIJERA:<br>NOM-004-STPS-1999, SISTEMAS DE PROTECCI\u00d3N Y DISPOSITIVOS DE SEGURIDAD EN LA MAQUINARIA Y EQUIPO QUE SE UTILICE EN LOS CENTROS DE TRABAJO. ) PARA PLATAFORMA DE ELEVACION BRAZO DE TIJERA.<br>NOM-017-STPS-2008, EQUIPO DE PROTECCI\u00d3N PERSONAL-SELECCI\u00d3N, USO Y MANEJO EN LOS CENTROS DE TRABAJO. ) PARA PLATAFORMA DE ELEVACION BRAZO DE TIJERA.<br>NOM-026-STPS-2008, COLORES Y SE\u00d1ALES DE SEGURIDAD E HIGIENE E IDENTIFICACI\u00d3N DE RIESGOS POR FLUIDOS CONDUCIDOS EN TUBER\u00cdAS.) PARA PLATAFORMA DE ELEVACION BRAZO DE TIJERA.<br>NOM-029-STPS-2005, MANTENIMIENTO DE LAS INSTALACIONES EL\u00c9CTRICAS EN LOS CENTROS DE TRABAJOCONDICIONES DE SEGURIDAD.) PARA PLATAFORMA DE ELEVACION BRAZO DE TIJERA.<br><strong><mark style=\"background-color:rgba(0, 0, 0, 0)\" class=\"has-inline-color has-vivid-red-color\">ENCENDIDO Y APAGADO DE PLATAFORMA DE ELEVACION BRAZO DE TIJERA<\/mark><\/strong>.<br>ENCENDIDO Y APAGADO DE LA PLATAFORMA DE ELEVACION BRAZO DE TIJERA.<br><strong><mark style=\"background-color:rgba(0, 0, 0, 0)\" class=\"has-inline-color has-vivid-red-color\">USO DE PLATAFORMA DE ELEVACION BRAZO DE TIJERA.<\/mark><\/strong><br>ESTABILIDAD (VUELCO) PARA PLATAFORMA DE ELEVACION BRAZO DE TIJERA.<br>PELIGRO DE ELECTROCUCI\u00d3N PARA EL OPERADOR DE LA PLATAFORMA DE ELEVACION BRAZO DE TIJERA.<br>RIESGO DE ATRAPAMIENTO Y COLISIONES DE PLATAFORMA DE ELEVACION DE BRAZO DE TIJERA<br>INSTRUCCIONES DE REMOLQUE LEVANTE Y ACARREO PARA PLATAFORMA DE ELEVACION BRAZO DE TIJERA.<br><strong><mark style=\"background-color:rgba(0, 0, 0, 0)\" class=\"has-inline-color has-vivid-red-color\">MANEJO DE PLATAFORMA DE ELEVACION BRAZO DE TIJERA.<\/mark><\/strong><br>TABLEROS INFERIOR(TIERRA) Y SUPERIOR (ELEVACION) PARA PLATAFORMA DE ELEVACION BRAZO DE TIJERA.<br>MANDOS OPERATIVOS PARA PLATAFORMA DE ELEVACION BRAZO DE TIJERA.<br>INSTRUCCIONES DE FUNCIONAMIENTO PARA PLATAFORMA DE ELEVACION BRAZO DE TIJERA.<br>M\u00c9TODO DE LOS 5 PASOS PARA UNA OPERACI\u00d3N SEGURA PARA PLATAFORMA DE ELEVACION BRAZO DE TIJERA.<br>(1.- AL INICIAR LOS TRABAJOS EN PLATAFORMA DE ELEVACION BRAZO DE TIJERA, 2.- DURANTE EL DESPLAZAMIENTO EN PLATAFORMA DE ELEVACION BRAZO DE TIJERA 3.-AL SUBIR A LA PLATAFORMA DE ELEVACION BRAZO DE TIJERA 4.-DURANTE LA ELEVACION DE LA PLATAFORMA DE ELEVACION BRAZO DE TIJERA 5.- AL FINALIZAR LOS TRABAJOS EN LA PLATAFORMA DE ELEVACION BRAZO DE TIJERA<br>INSTRUCCIONES DE TRANSPORTE Y ELEVACI\u00d3N PARA PLATAFORMA DE ELEVACION BRAZO DE TIJERA.<br>MANEJO GENERAL PARA PLATAFORMA DE ELEVACION BRAZO DE TIJERA.<br>CONDUCCI\u00d3N EN FORMA VERTICAL Y HORIZONTAL PARA PLATAFORMA DE ELEVACION BRAZO DE TIJERA.<br>PROCEDIMIENTO ADECUADO PARA ESTACIONAR LA PLATAFORMA DE ELEVACION BRAZO DE TIJERA EN POSICI\u00d3N DE TRANSPORTE.<br>EJERCICIOS DE ELEVACI\u00d3N, MOVIMIENTO Y POSICIONAMIENTO DE LA PLATAFORMA DE ELEVACION BRAZO DE TIJERA.<br>MANTENIMIENTO B\u00c1SICO Y CUIDADOS PREVENTIVOS DE LA PLATAFORMA DE ELEVACION BRAZO DE TIJERA.<br>NORMAS B\u00c1SICAS DE LA OPERACI\u00d3N PARA PLATAFORMA DE ELEVACION BRAZO DE TIJERA.<br>MANEJO DE ESTABILIZADORES PARA PLATAFORMA DE ELEVACION BRAZO DE TIJERA.<br>MANEJO DE COMPONENTES Y CONTROLES PARA PLATAFORMA DE ELEVACION BRAZO DE TIJERA.<br>APLICAR LOS CONOCIMIENTOS ADQUIRIDOS DURANTE EL PROCESO FORMATIVO PARA POTENCIAR SU CAPACIDAD LABORAL PARA EL MANEJO DE LA PLATAFORMA DE ELEVACION BRAZO DE TIJERA.<br><strong><mark style=\"background-color:rgba(0, 0, 0, 0)\" class=\"has-inline-color has-vivid-red-color\">INSPECCION DE PLATAFORMA DE ELEVACION BRAZO DE TIJERA.<\/mark><\/strong><br>DEFINICI\u00d3N DE S\u00cdMBOLOS Y PICTOGRAMAS DE RIESGOE INSPECCION PARA PLATAFORMA DE ELEVACION BRAZO DE TIJERA.<br>INSPECCI\u00d3N PREOPERACIONAL PARA PLATAFORMA DE ELEVACION BRAZO DE TIJERA.<br>INSPECCIONES Y REGISTROS AL EQUIPO PARA PLATAFORMA DE ELEVACION BRAZO DE TIJERA.<br>INSPECCION Y RECOMENDACIONES PARA EL BUEN FUNCIONAMIENTO DE LAS BATER\u00cdAS PARA PLATAFORMA DE ELEVACION BRAZO DE TIJERA.<br>INSPECCION Y RECONOCIMIENTO DEL MEDIO AMBIENTE Y LA SE\u00d1ALIZACI\u00d3N DE LA ZONA PARA TRABAJO DE LA PLATAFORMA DE ELEVACION BRAZO DE TIJERA<br>INSPECCION Y FUNCIONAMIENTO DE COMPONENTES DE LA MAQUINARIA PARA PLATAFORMA DE ELEVACION BRAZO DE TIJERA.<br>INSPECCION Y RECONOCIMIENTO VISUAL PERIF\u00c9RICO DE LA PLATAFORMA DE ELEVACION BRAZO DE TIJERA.<br>VERIFICACIONES E INSPECCIONES ANTES DE SU USO. DE ACUERDO CON LAS INSTRUCCIONES DEL FABRICANTE DE LA PLATAFORMA DE ELEVACION BRAZO DE TIJERA.<br><strong><mark style=\"background-color:rgba(0, 0, 0, 0)\" class=\"has-inline-color has-vivid-red-color\">PRACTICAS PARA MANEJO DE PLATAFORMA DE ELEVACION BRAZO DE TIJERA.<\/mark><\/strong><br>PR\u00c1CTICA EN CAMPO: OPERACI\u00d3N DE LA PLATAFORMA DE ELEVACION, AS\u00cd COMO LA FUNCI\u00d3N Y OPERACI\u00d3N ADECUADA DE CADA UNO DE LOS COMPONENTES PARA PLATAFORMA DE ELEVACION BRAZO DE TIJERA.<br>EVALUACI\u00d3N TE\u00d3RICA PARA PLATAFORMA DE ELEVACION BRAZO DE TIJERA.<br>EVALUACI\u00d3N PR\u00c1CTICA DE OPERACI\u00d3N SEGURA PARA PLATAFORMA DE ELEVACION BRAZO DE TIJERA.<br>EJERCICIO DE IDENTIFICACI\u00d3N DE PELIGROS EN LA PLATAFORMA DE ELEVACION<br>PR\u00c1CTICA INDIVIDUAL PARA CADA PARTICIPANTE BAJO SUPERVISI\u00d3N EN LA PLATAFORMA DE ELEVACION BRAZO DE TIJERA.<br>OPERACI\u00d3N PR\u00c1CTICA DE CONDUCCION DE LA PLATAFORMA DE ELEVACION BRAZO DE TIJERA.<br><strong><mark style=\"background-color:rgba(0, 0, 0, 0)\" class=\"has-inline-color has-vivid-red-color\">SEGURIDAD PARA MANEJO DE PLATAFORMA DE ELEVACION BRAZO DE TIJERA.<\/mark><\/strong><br>PERMISO DE TRABAJO PARA MANEJO DE PLATAFORMA DE ELEVACION BRAZO DE TIJERA.<br>SE\u00d1ALAR LAS MEDIDAS M\u00cdNIMAS DE SEGURIDAD Y SALUD RELATIVAS A LA UTILIZACI\u00d3N DE LOS EQUIPOS DE PROTECCI\u00d3N INDIVIDUAL EN LA CONDUCCI\u00d3N Y MANEJO DE PLATAFORMA DE ELEVACION BRAZO DE TIJERA.<br>NORMATIVAS DE SEGURIDAD Y REGULACIONES PARA PLATAFORMA DE ELEVACION BRAZO DE TIJERA.<br>EQUIPOS DE PROTECCI\u00d3N PERSONAL (EPP) PARA PLATAFORMA DE ELEVACION BRAZO DE TIJERA.<br>CONCIENTIZACI\u00d3N Y NORMAS DE SEGURIDAD PARA PLATAFORMA DE ELEVACION BRAZO DE TIJERA.<br>SEGURIDAD EN LA CONDUCCION DE LA PLATAFORMA DE ELEVACION BRAZO DE TIJERA Y EL TRABAJADOR.<br><strong><mark style=\"background-color:rgba(0, 0, 0, 0)\" class=\"has-inline-color has-vivid-red-color\">PROCEDIMIENTOS DE RESCATE EN PLATAFORMA DE ELEVACION BRAZO DE TIJERA.<\/mark><\/strong><br>RESCATE Y PROCEDIMIENTOS DE EMERGENCIA DE DESCENSO DE LA PLATAFORMA DE ELEVACION BRAZO DE TIJERA.<br><strong><mark style=\"background-color:rgba(0, 0, 0, 0)\" class=\"has-inline-color has-vivid-red-color\">CLASIFICACION DE PLATAFORMA DE ELEVACION BRAZO DE TIJERA<\/mark><\/strong>.<br>CLASIFICACI\u00d3N HABITUAL SEG\u00daN LA FORMA DE ESTABILIZACI\u00d3N PARA PLATAFORMA DE ELEVACION BRAZO DE TIJERA.<br>CLASIFICACI\u00d3N SEG\u00daN LA ALIMENTACI\u00d3N PARA PLATAFORMA DE ELEVACION BRAZO DE TIJERA.<br><strong><mark style=\"background-color:rgba(0, 0, 0, 0)\" class=\"has-inline-color has-vivid-red-color\">NORMATIVIDAD DE PLATAFORMA DE ELEVACION BRAZO DE TIJERA.<\/mark><\/strong><br>CU\u00c1L ES LA NORMATIVIDAD VIGENTE Y APLICABLE PARA PLATAFORMA DE ELEVACION BRAZO DE TIJERA.<br>IDENTIFICAR LA NORMATIVA A NIVEL NACIONAL RELACIONADA CON PLATAFORMA DE ELEVACION BRAZO DE TIJERA.<br>OPERACIONES PARA PLATAFORMA DE ELEVACION BRAZO DE TIJERA.<br>PARA DAR CUMPLIMIENTO A LOS REQUERIMIENTOS DERIVADOS DE LA LEGISLACI\u00d3N VIGENTE.<br>ISO 18878<br><strong><mark style=\"background-color:rgba(0, 0, 0, 0)\" class=\"has-inline-color has-vivid-red-color\">RIESGOS DE PLATAFORMA DE ELEVACION BRAZO DE TIJERA.<\/mark><\/strong><br>LOS 6 RIESGOS M\u00c1S COMUNES TRABAJANDO PARA PLATAFORMA DE ELEVACION BRAZO DE TIJERA.<br><strong><mark style=\"background-color:rgba(0, 0, 0, 0)\" class=\"has-inline-color has-vivid-red-color\">TIPOS DE PLATAFORMA DE ELEVACION BRAZO DE TIJERA.<\/mark><\/strong><br>TIPOS DE COMPONENTES DE LAS PLATAFORMA DE ELEVACION.<br>TIPOS DE PLATAFORMA DE ELEVACION.<br>CU\u00c1LES SON LOS TIPOS DE MANLIFT O PLATAFORMA DE ELEVACION BRAZO DE TIJERA.<br><strong><mark style=\"background-color:rgba(0, 0, 0, 0)\" class=\"has-inline-color has-vivid-red-color\">COMPONENTES DE PLATAFORMA DE ELEVACION BRAZO DE TIJERA.<\/mark><\/strong><br>COMPONENTES PRINCIPALES: IDENTIFICACI\u00d3N Y FUNCI\u00d3N DE LA PLATAFORMA DE ELEVACION BRAZO DE TIJERA.<br>QUE ES UN MANLIFT \/ PLATAFORMA DE ELEVACION BRAZO DE TIJERA.<br>SISTEMAS DE ELEVACI\u00d3N PARA PLATAFORMA DE ELEVACION BRAZO DE TIJERA.<br>SISTEMAS DE TRANSLACI\u00d3N PARA PLATAFORMA DE ELEVACION BRAZO DE TIJERA.<br>PARTES PARA PLATAFORMA DE ELEVACION BRAZO DE TIJERA.<br>PLANIFICACI\u00d3N DE ELEVACI\u00d3N PARA PLATAFORMA DE ELEVACION BRAZO DE TIJERA.<br>TORQUES Y CARGAS PARA PLATAFORMA DE ELEVACION BRAZO DE TIJERA.<br><strong><mark style=\"background-color:rgba(0, 0, 0, 0)\" class=\"has-inline-color has-vivid-red-color\">MANTENIMIENTO DE PLATAFORMA DE ELEVACION BRAZO DE TIJERA.<\/mark><\/strong><br>MANTENIMIENTO PREVENTIVO, CORRECTIVO Y PREDICTIVO Y LOS COSTO EN DA\u00d1OS DE LA PLATAFORMA DE ELEVACION BRAZO DE TIJERA.<br>IDENTIFICACI\u00d3N DE PROBLEMAS COMUNES Y SOLUCIONES SIMPLES DE LA PLATAFORMA DE ELEVACION BRAZO DE TIJERA.<\/p>\n\n\n\n<p>DURACI\u00d3N DEL CURSO IMPARTIDO DE FORMA PRESENCIAL EN SUS INSTALACIONES SERA DE:<br>15 HORAS IMPARTIDO EN UN D\u00cdA CON UN HORARIO TENTATIVO DE 07:00 AM A 19:00 PM.<\/p>\n","protected":false},"excerpt":{"rendered":"<p>RSO DE ENTRENAMIENTO EN SEGURIDAD PARA OPERADORES DE PLATAFORMA DE ELEVACION BRAZO ARTICULADO.OBJETIVO:QUE EL PERSONAL COMPRENDA Y CONOZCA LOS RIESGOS DERIVADOS DEL MANEJO DE LA PLATAFORMA DE ELEVACION BRAZO ARTICULADO Y LOS TRABAJOS EN ALTURAS. APLIQUE LOS PROCEDIMIENTOS SEGUROS DE TRABAJO Y LAS MEDIDAS GENERALES PARA GARANTIZAR QUE EL FUNCIONAMIENTO DE LOS TRABAJOS EN ALTURAS &hellip; <\/p>\n<p class=\"link-more\"><a href=\"https:\/\/www.idtamexico.com\/idta\/curso-de-plataformas-de-elevacion-de-brazo-articulado-y-de-tijera\/\" class=\"more-link\">Continuar leyendo<span class=\"screen-reader-text\"> &#8220;CURSO DE PLATAFORMAS DE ELEVACION DE BRAZO ARTICULADO Y DE TIJERA&#8221;<\/span><\/a><\/p>\n","protected":false},"author":1,"featured_media":0,"parent":0,"menu_order":0,"comment_status":"closed","ping_status":"closed","template":"","meta":{"footnotes":""},"class_list":["post-938","page","type-page","status-publish","hentry"],"_links":{"self":[{"href":"https:\/\/www.idtamexico.com\/idta\/wp-json\/wp\/v2\/pages\/938","targetHints":{"allow":["GET"]}}],"collection":[{"href":"https:\/\/www.idtamexico.com\/idta\/wp-json\/wp\/v2\/pages"}],"about":[{"href":"https:\/\/www.idtamexico.com\/idta\/wp-json\/wp\/v2\/types\/page"}],"author":[{"embeddable":true,"href":"https:\/\/www.idtamexico.com\/idta\/wp-json\/wp\/v2\/users\/1"}],"replies":[{"embeddable":true,"href":"https:\/\/www.idtamexico.com\/idta\/wp-json\/wp\/v2\/comments?post=938"}],"version-history":[{"count":2,"href":"https:\/\/www.idtamexico.com\/idta\/wp-json\/wp\/v2\/pages\/938\/revisions"}],"predecessor-version":[{"id":958,"href":"https:\/\/www.idtamexico.com\/idta\/wp-json\/wp\/v2\/pages\/938\/revisions\/958"}],"wp:attachment":[{"href":"https:\/\/www.idtamexico.com\/idta\/wp-json\/wp\/v2\/media?parent=938"}],"curies":[{"name":"wp","href":"https:\/\/api.w.org\/{rel}","templated":true}]}}